{"id":95,"date":"2014-08-01T16:40:02","date_gmt":"2014-08-01T14:40:02","guid":{"rendered":"http:\/\/www.lebenlernen.com\/sek_wernigerode\/?page_id=95"},"modified":"2024-09-19T12:35:42","modified_gmt":"2024-09-19T10:35:42","slug":"tagesablauf","status":"publish","type":"page","link":"https:\/\/www.lebenlernen.com\/sek_wernigerode\/konzept\/tagesablauf\/","title":{"rendered":"Tagesablauf"},"content":{"rendered":"\n<p>Das Konzept der verbindlichen Ganztagsschule der Sekundarschule LebenLernen MINT sieht vor, dass die Sch\u00fcler der 5. bis 10. Klasse von 07:50 bis 14:45 Uhr in der Schule sind.<\/p>\n\n\n\n<ul class=\"wp-block-list\">\n<li>Von 07:30 bis 07:50 Uhr haben alle Sch\u00fcler eine offene Eingangsphase, die ihnen und ihren Eltern den Freiraum bietet, nach den individuellen Gegebenheiten in die Schule zu kommen.<\/li>\n\n\n\n<li>Von 07:50 bis 08:00 Uhr bereiten sich die Sch\u00fcler unter Aufsicht auf den Unterricht vor.<\/li>\n\n\n\n<li>Ab 08:00 Uhr beginnt der Fachunterricht in allen Klassen.<\/li>\n\n\n\n<li>Von 09:40 bis 10:00 Uhr ist eine gemeinsame Fr\u00fchst\u00fcckspause vorgesehen, die den Sch\u00fclern auch die Zeit l\u00e4sst, drau\u00dfen zu spielen.<\/li>\n\n\n\n<li>Von 11:35 bis 12:20 Uhr erleben alle Sch\u00fcler nach Jahrgangsstufe gestaffelt ihre Mittagspause in unserer hauseigenen Gastronomie, dem \u201eOskars\u201c. Danach k\u00f6nnen sich die Sch\u00fcler der 5. bis 8. Klasse auf dem Schulhof in der \u201ebewegten Pause\u201c mit klasseneigenem Spielzubeh\u00f6r bspw. beim Fu\u00dfball, Tischkicker, Tischtennis oder im freien Spiel austoben. F\u00fcr die Klassenstufen 9 und 10 bietet die gro\u00dfe Freiterrasse M\u00f6glichkeiten Schach zu spielen, sich mit anderen Sch\u00fclern auszutauschen oder sich zu entspannen.\u00a0<\/li>\n\n\n\n<li>Von 15:00 bis 15:45 Uhr bieten wir an mehreren Tagen verschiedene Arbeitsgemeinschaften als zus\u00e4tzliches Angebot zur Nachmittagsgestaltung an bspw. in den Bereichen Fotografie, Musik, Sport oder Kochen zus\u00e4tzliche Angebote zur Nachmittagsgestaltung.<\/li>\n<\/ul>\n","protected":false},"excerpt":{"rendered":"<p>Das Konzept der verbindlichen Ganztagsschule der Sekundarschule LebenLernen MINT sieht vor, dass die Sch\u00fcler der 5. bis 10. Klasse von 07:50 bis 14:45 Uhr in der Schule sind.<\/p>\n","protected":false},"author":1,"featured_media":0,"parent":85,"menu_order":0,"comment_status":"open","ping_status":"open","template":"","meta":{"ngg_post_thumbnail":0,"footnotes":""},"class_list":["post-95","page","type-page","status-publish","hentry"],"_links":{"self":[{"href":"https:\/\/www.lebenlernen.com\/sek_wernigerode\/wp-json\/wp\/v2\/pages\/95","targetHints":{"allow":["GET"]}}],"collection":[{"href":"https:\/\/www.lebenlernen.com\/sek_wernigerode\/wp-json\/wp\/v2\/pages"}],"about":[{"href":"https:\/\/www.lebenlernen.com\/sek_wernigerode\/wp-json\/wp\/v2\/types\/page"}],"author":[{"embeddable":true,"href":"https:\/\/www.lebenlernen.com\/sek_wernigerode\/wp-json\/wp\/v2\/users\/1"}],"replies":[{"embeddable":true,"href":"https:\/\/www.lebenlernen.com\/sek_wernigerode\/wp-json\/wp\/v2\/comments?post=95"}],"version-history":[{"count":3,"href":"https:\/\/www.lebenlernen.com\/sek_wernigerode\/wp-json\/wp\/v2\/pages\/95\/revisions"}],"predecessor-version":[{"id":4105,"href":"https:\/\/www.lebenlernen.com\/sek_wernigerode\/wp-json\/wp\/v2\/pages\/95\/revisions\/4105"}],"up":[{"embeddable":true,"href":"https:\/\/www.lebenlernen.com\/sek_wernigerode\/wp-json\/wp\/v2\/pages\/85"}],"wp:attachment":[{"href":"https:\/\/www.lebenlernen.com\/sek_wernigerode\/wp-json\/wp\/v2\/media?parent=95"}],"curies":[{"name":"wp","href":"https:\/\/api.w.org\/{rel}","templated":true}]}}