{"id":93,"date":"2014-08-01T16:39:24","date_gmt":"2014-08-01T14:39:24","guid":{"rendered":"http:\/\/www.lebenlernen.com\/sek_wernigerode\/?page_id=93"},"modified":"2024-09-19T13:16:30","modified_gmt":"2024-09-19T11:16:30","slug":"paedagogik","status":"publish","type":"page","link":"https:\/\/www.lebenlernen.com\/sek_wernigerode\/konzept\/paedagogik\/","title":{"rendered":"P\u00e4dagogik"},"content":{"rendered":"\n<p>Wir wollen mit unserer Philosophie von Selbstorganisation, Eigeninitiative und Selbstwirksamkeit dem Sch\u00fcler eine erfolgreiche Lebensgestaltung erm\u00f6glichen. Grundlage daf\u00fcr ist unser Glaube an die eigenen F\u00e4higkeiten und die systematische Entwicklung fachlicher, sozialer und personaler Kompetenzen in einem p\u00e4dagogisch betreuten und begleiteten Lernumfeld, das viel Raum f\u00fcr Kreativit\u00e4t zul\u00e4sst.<\/p>\n\n\n\n<p><strong>Der Weg ist das Ziel \u2013 Das sch\u00fclerorientierte Lernen<\/strong><br>Die systematische F\u00f6rderung pers\u00f6nlicher Lern- und Arbeitstechniken z\u00e4hlt zu den wichtigen Zielen unserer P\u00e4dagogik. \u201eGewusst wie\u201c hei\u00dft die Devise. Dazu geh\u00f6ren Reflexion und Bewusstsein \u00fcber Lernprozesse ebenso wie n\u00fctzliche Selbstf\u00fchrungs-Instrumente (Wochenplanung, Schwerpunktsetzung, Bilanzgespr\u00e4che) und Ausstattung.<\/p>\n\n\n\n<p><strong>Die Schwerpunkte unseres Schulcurriculums<\/strong><\/p>\n\n\n\n<ul class=\"wp-block-list\">\n<li>Erwerb von Kompetenzen zur Lebensbew\u00e4ltigung<\/li>\n\n\n\n<li>Kommunikations-, Sprach- und Medienkompetenz<\/li>\n\n\n\n<li>Naturwissenschaftlich-mathematische Kompetenz<\/li>\n\n\n\n<li>Ganzheitliches soziales und interkulturelles Lernen<\/li>\n\n\n\n<li>Verkn\u00fcpfung von schulischer und handwerklicher Bildung<\/li>\n\n\n\n<li>Gesundheitserziehung, Bewegung und Ern\u00e4hrung<\/li>\n\n\n\n<li>Verantwortung f\u00fcr Gesellschaft, Umwelt und nachhaltige Zukunft<\/li>\n<\/ul>\n\n\n\n<p><strong>Der Lehrplan<\/strong><br>Wir orientieren uns an dem vorgegebenen kompetenzorientierten Lehrplan des Landes Sachsen-Anhalt. (<a href=\"http:\/\/www.mk.sachsen-anhalt.de\">www.mk.sachsen-anhalt.de<\/a>)<\/p>\n\n\n\n<p><strong>Lernzielplanung und Beurteilung der Leistungen:<\/strong><br>Die Leistung bewerten wir mit schriftlichen Leistungskontrollen und Klassenarbeiten. Die Kontrollen halten sich an die Vorgaben der verschiedenen Erlasse des Kultusministeriums von Sachsen-Anhalt.<\/p>\n","protected":false},"excerpt":{"rendered":"<p>Wir wollen mit unserer Philosophie von Selbstorganisation, Eigeninitiative und Selbstwirksamkeit dem Sch\u00fcler eine erfolgreiche Lebensgestaltung erm\u00f6glichen. Grundlage daf\u00fcr ist unser Glaube an die eigenen F\u00e4higkeiten und die systematische Entwicklung fachlicher, sozialer und personaler Kompetenzen in einem p\u00e4dagogisch betreuten und begleiteten Lernumfeld, das viel Raum f\u00fcr Kreativit\u00e4t zul\u00e4sst. Der Weg ist das Ziel \u2013 Das sch\u00fclerorientierte<\/p>\n<div><a class=\"btn-filled btn\" href=\"https:\/\/www.lebenlernen.com\/sek_wernigerode\/konzept\/paedagogik\/\" title=\"P\u00e4dagogik\">Read More<\/a><\/div>\n","protected":false},"author":1,"featured_media":0,"parent":85,"menu_order":0,"comment_status":"open","ping_status":"open","template":"","meta":{"ngg_post_thumbnail":0,"footnotes":""},"class_list":["post-93","page","type-page","status-publish","hentry"],"_links":{"self":[{"href":"https:\/\/www.lebenlernen.com\/sek_wernigerode\/wp-json\/wp\/v2\/pages\/93","targetHints":{"allow":["GET"]}}],"collection":[{"href":"https:\/\/www.lebenlernen.com\/sek_wernigerode\/wp-json\/wp\/v2\/pages"}],"about":[{"href":"https:\/\/www.lebenlernen.com\/sek_wernigerode\/wp-json\/wp\/v2\/types\/page"}],"author":[{"embeddable":true,"href":"https:\/\/www.lebenlernen.com\/sek_wernigerode\/wp-json\/wp\/v2\/users\/1"}],"replies":[{"embeddable":true,"href":"https:\/\/www.lebenlernen.com\/sek_wernigerode\/wp-json\/wp\/v2\/comments?post=93"}],"version-history":[{"count":2,"href":"https:\/\/www.lebenlernen.com\/sek_wernigerode\/wp-json\/wp\/v2\/pages\/93\/revisions"}],"predecessor-version":[{"id":4141,"href":"https:\/\/www.lebenlernen.com\/sek_wernigerode\/wp-json\/wp\/v2\/pages\/93\/revisions\/4141"}],"up":[{"embeddable":true,"href":"https:\/\/www.lebenlernen.com\/sek_wernigerode\/wp-json\/wp\/v2\/pages\/85"}],"wp:attachment":[{"href":"https:\/\/www.lebenlernen.com\/sek_wernigerode\/wp-json\/wp\/v2\/media?parent=93"}],"curies":[{"name":"wp","href":"https:\/\/api.w.org\/{rel}","templated":true}]}}