{"id":91,"date":"2014-08-01T16:38:52","date_gmt":"2014-08-01T14:38:52","guid":{"rendered":"http:\/\/www.lebenlernen.com\/sek_wernigerode\/?page_id=91"},"modified":"2014-08-01T16:38:52","modified_gmt":"2014-08-01T14:38:52","slug":"kosten","status":"publish","type":"page","link":"https:\/\/www.lebenlernen.com\/sek_wernigerode\/konzept\/kosten\/","title":{"rendered":"Kosten"},"content":{"rendered":"<p>Ohne finanzielle Elternbeteiligung werden wir als freier Tr\u00e4ger die Schule nicht f\u00fchren k\u00f6nnen. Das Schulgeld umfasst die Unterrichtszeit sowie alle Betreuungs- und Aufenthaltszeiten. Kostenh\u00f6he und Zusammensetzung erl\u00e4utert Ihnen gern die Schulleiterin \/ der Schulleiter.<\/p>\n","protected":false},"excerpt":{"rendered":"<p>Ohne finanzielle Elternbeteiligung werden wir als freier Tr\u00e4ger die Schule nicht f\u00fchren k\u00f6nnen. Das Schulgeld umfasst die Unterrichtszeit sowie alle Betreuungs- und Aufenthaltszeiten. Kostenh\u00f6he und Zusammensetzung erl\u00e4utert Ihnen gern die Schulleiterin \/ der Schulleiter.<\/p>\n","protected":false},"author":1,"featured_media":0,"parent":85,"menu_order":0,"comment_status":"open","ping_status":"open","template":"","meta":{"ngg_post_thumbnail":0,"footnotes":""},"class_list":["post-91","page","type-page","status-publish","hentry"],"_links":{"self":[{"href":"https:\/\/www.lebenlernen.com\/sek_wernigerode\/wp-json\/wp\/v2\/pages\/91","targetHints":{"allow":["GET"]}}],"collection":[{"href":"https:\/\/www.lebenlernen.com\/sek_wernigerode\/wp-json\/wp\/v2\/pages"}],"about":[{"href":"https:\/\/www.lebenlernen.com\/sek_wernigerode\/wp-json\/wp\/v2\/types\/page"}],"author":[{"embeddable":true,"href":"https:\/\/www.lebenlernen.com\/sek_wernigerode\/wp-json\/wp\/v2\/users\/1"}],"replies":[{"embeddable":true,"href":"https:\/\/www.lebenlernen.com\/sek_wernigerode\/wp-json\/wp\/v2\/comments?post=91"}],"version-history":[{"count":1,"href":"https:\/\/www.lebenlernen.com\/sek_wernigerode\/wp-json\/wp\/v2\/pages\/91\/revisions"}],"predecessor-version":[{"id":92,"href":"https:\/\/www.lebenlernen.com\/sek_wernigerode\/wp-json\/wp\/v2\/pages\/91\/revisions\/92"}],"up":[{"embeddable":true,"href":"https:\/\/www.lebenlernen.com\/sek_wernigerode\/wp-json\/wp\/v2\/pages\/85"}],"wp:attachment":[{"href":"https:\/\/www.lebenlernen.com\/sek_wernigerode\/wp-json\/wp\/v2\/media?parent=91"}],"curies":[{"name":"wp","href":"https:\/\/api.w.org\/{rel}","templated":true}]}}