{"id":4128,"date":"2024-09-19T13:07:13","date_gmt":"2024-09-19T11:07:13","guid":{"rendered":"https:\/\/www.lebenlernen.com\/sek_wernigerode\/?page_id=4128"},"modified":"2024-09-19T13:15:02","modified_gmt":"2024-09-19T11:15:02","slug":"schulsozialarbeit","status":"publish","type":"page","link":"https:\/\/www.lebenlernen.com\/sek_wernigerode\/konzept\/schulsozialarbeit\/","title":{"rendered":"Schulsozialarbeit"},"content":{"rendered":"\n<p><strong>Sozialp\u00e4dagogische Arbeit an der Sek MINT<\/strong><\/p>\n\n\n\n<p>Seit dem 01.Januar 2022 wird die Sekundarschule LebenLernen MINT von einer Sozial-p\u00e4dagogin unterst\u00fctzt.<\/p>\n\n\n\n<p><strong>Hilfe bei Gespr\u00e4chen mit Eltern, Sch\u00fclern und Lehrkr\u00e4ften<\/strong><\/p>\n\n\n\n<p>Die sozialp\u00e4dagogische Fachkraft fungiert als erg\u00e4nzender und kooperativer Partner in einem multiprofessionalen Team. Das bedeutet, dass sie eng mit den Lehrern zusammenarbeiten und diese bspw. bei der Planung und Durchf\u00fchrung von Klassenfahrten, Projekttagen, Wettbewerben, Veranstaltungen\/Festen u.v.m. unterst\u00fctzt. Dar\u00fcber hinaus steht sie den Sch\u00fcler mit Rat und Tat bei Konflikten oder Problemen zur Seite. Gemeinsam wird versucht L\u00f6sungsans\u00e4tze zu finden und Handlungsalternativen zu entwickeln. Ziel ist es, dass alle Sch\u00fcler gute Voraussetzungen zum Lernen in der Schule haben, sich in ihren Klassen und im Schulverband wohlf\u00fchlen. Dazu geh\u00f6rt nat\u00fcrlich auch, dass sich die Sch\u00fcler gemeinschaftlich mit Themen wie:<\/p>\n\n\n<div class=\"wp-block-image\">\n<figure class=\"aligncenter size-large\"><img loading=\"lazy\" decoding=\"async\" width=\"1024\" height=\"180\" src=\"https:\/\/www.lebenlernen.com\/sek_wernigerode\/wp-content\/uploads\/2024\/09\/schulsozialarbeit-1024x180.png\" alt=\"\" class=\"wp-image-4137\" srcset=\"https:\/\/www.lebenlernen.com\/sek_wernigerode\/wp-content\/uploads\/2024\/09\/schulsozialarbeit-1024x180.png 1024w, https:\/\/www.lebenlernen.com\/sek_wernigerode\/wp-content\/uploads\/2024\/09\/schulsozialarbeit-300x53.png 300w, https:\/\/www.lebenlernen.com\/sek_wernigerode\/wp-content\/uploads\/2024\/09\/schulsozialarbeit-768x135.png 768w, https:\/\/www.lebenlernen.com\/sek_wernigerode\/wp-content\/uploads\/2024\/09\/schulsozialarbeit.png 1457w\" sizes=\"auto, (max-width: 1024px) 100vw, 1024px\" \/><\/figure><\/div>\n\n\n<p>und\/oder anderen sozialp\u00e4dagogisch wichtigen Aspekten nicht nur pr\u00e4ventiv, sondern auch in akuten Situationen auseinandersetzen. Im Fokus steht auch die St\u00e4rkung der eigenen Kompetenzen, um die Sch\u00fcler optimal auf ihre sp\u00e4tere Berufs- und Lebenswelt vorzubereiten!<\/p>\n\n\n\n<p>Die Sch\u00fcler sollen ermutigt werden, sich aktiver in den Schulalltag einzubringen und diesen mitzugestalten, eigene Ideen zu entwickeln und umzusetzen.<\/p>\n\n\n\n<p>Mit der Gr\u00fcndung der Sch\u00fclerpaten im Schuljahr 2023\/2024 konnte ein weiterer Baustein zur Unterst\u00fctzung der Sch\u00fclerschaft und gemeinschaftlichen Arbeit hinzugef\u00fcgt werden. Sie begleiten die 5. Kl\u00e4ssler bei der Orientierung in ihrer neuen Schule und ihrer Klassengemeinschaft. Sie haben stets ein offenes Ohr f\u00fcr die Sorgen unserer j\u00fcngsten Sch\u00fcler und k\u00f6nnen altersgerechte Hilfestellungen geben.<\/p>\n\n\n\n<p><strong>Ansprechpartner:<\/strong> Frau Wagner<br><strong>Telefon:<\/strong> 03943 6301348<br><strong>Mail:<\/strong> <a href=\"mailto:b.wagner@oks.de\">b.wagner@oks.de<\/a><\/p>\n","protected":false},"excerpt":{"rendered":"<p>Sozialp\u00e4dagogische Arbeit an der Sek MINT Seit dem 01.Januar 2022 wird die Sekundarschule LebenLernen MINT von einer Sozial-p\u00e4dagogin unterst\u00fctzt. Hilfe bei Gespr\u00e4chen mit Eltern, Sch\u00fclern und Lehrkr\u00e4ften Die sozialp\u00e4dagogische Fachkraft fungiert als erg\u00e4nzender und kooperativer Partner in einem multiprofessionalen Team. Das bedeutet, dass sie eng mit den Lehrern zusammenarbeiten und diese bspw. bei der Planung<\/p>\n<div><a class=\"btn-filled btn\" href=\"https:\/\/www.lebenlernen.com\/sek_wernigerode\/konzept\/schulsozialarbeit\/\" title=\"Schulsozialarbeit\">Read More<\/a><\/div>\n","protected":false},"author":1,"featured_media":0,"parent":85,"menu_order":0,"comment_status":"closed","ping_status":"closed","template":"","meta":{"ngg_post_thumbnail":0,"footnotes":""},"class_list":["post-4128","page","type-page","status-publish","hentry"],"_links":{"self":[{"href":"https:\/\/www.lebenlernen.com\/sek_wernigerode\/wp-json\/wp\/v2\/pages\/4128","targetHints":{"allow":["GET"]}}],"collection":[{"href":"https:\/\/www.lebenlernen.com\/sek_wernigerode\/wp-json\/wp\/v2\/pages"}],"about":[{"href":"https:\/\/www.lebenlernen.com\/sek_wernigerode\/wp-json\/wp\/v2\/types\/page"}],"author":[{"embeddable":true,"href":"https:\/\/www.lebenlernen.com\/sek_wernigerode\/wp-json\/wp\/v2\/users\/1"}],"replies":[{"embeddable":true,"href":"https:\/\/www.lebenlernen.com\/sek_wernigerode\/wp-json\/wp\/v2\/comments?post=4128"}],"version-history":[{"count":3,"href":"https:\/\/www.lebenlernen.com\/sek_wernigerode\/wp-json\/wp\/v2\/pages\/4128\/revisions"}],"predecessor-version":[{"id":4138,"href":"https:\/\/www.lebenlernen.com\/sek_wernigerode\/wp-json\/wp\/v2\/pages\/4128\/revisions\/4138"}],"up":[{"embeddable":true,"href":"https:\/\/www.lebenlernen.com\/sek_wernigerode\/wp-json\/wp\/v2\/pages\/85"}],"wp:attachment":[{"href":"https:\/\/www.lebenlernen.com\/sek_wernigerode\/wp-json\/wp\/v2\/media?parent=4128"}],"curies":[{"name":"wp","href":"https:\/\/api.w.org\/{rel}","templated":true}]}}