{"id":4121,"date":"2024-09-19T13:00:05","date_gmt":"2024-09-19T11:00:05","guid":{"rendered":"https:\/\/www.lebenlernen.com\/sek_wernigerode\/?page_id=4121"},"modified":"2024-09-19T13:00:20","modified_gmt":"2024-09-19T11:00:20","slug":"freiwillige-praktika","status":"publish","type":"page","link":"https:\/\/www.lebenlernen.com\/sek_wernigerode\/berufsberatung\/freiwillige-praktika\/","title":{"rendered":"Freiwillige Praktika"},"content":{"rendered":"\n<p>Die <strong>Praktikalotsen Landkreis Harz<\/strong> unterst\u00fctzen Sch\u00fcler, die in den Ferien oder au\u00dferhalb der Schulzeit freiwillige Praktikas durchf\u00fchren m\u00f6chten.<br><br><strong>Weiterf\u00fchrende Informationen unter:<\/strong><br><a href=\"https:\/\/www.awz.net\/praktikalotsen\/\">https:\/\/www.awz.net\/praktikalotsen\/<\/a>\u00a0 oder <a href=\"https:\/\/www.janalos.de\/\">https:\/\/www.janalos.de\/<\/a><\/p>\n\n\n\n<p><\/p>\n","protected":false},"excerpt":{"rendered":"<p>Die Praktikalotsen Landkreis Harz unterst\u00fctzen Sch\u00fcler, die in den Ferien oder au\u00dferhalb der Schulzeit freiwillige Praktikas durchf\u00fchren m\u00f6chten. Weiterf\u00fchrende Informationen unter:https:\/\/www.awz.net\/praktikalotsen\/\u00a0 oder https:\/\/www.janalos.de\/<\/p>\n","protected":false},"author":1,"featured_media":0,"parent":2946,"menu_order":0,"comment_status":"closed","ping_status":"closed","template":"","meta":{"ngg_post_thumbnail":0,"footnotes":""},"class_list":["post-4121","page","type-page","status-publish","hentry"],"_links":{"self":[{"href":"https:\/\/www.lebenlernen.com\/sek_wernigerode\/wp-json\/wp\/v2\/pages\/4121","targetHints":{"allow":["GET"]}}],"collection":[{"href":"https:\/\/www.lebenlernen.com\/sek_wernigerode\/wp-json\/wp\/v2\/pages"}],"about":[{"href":"https:\/\/www.lebenlernen.com\/sek_wernigerode\/wp-json\/wp\/v2\/types\/page"}],"author":[{"embeddable":true,"href":"https:\/\/www.lebenlernen.com\/sek_wernigerode\/wp-json\/wp\/v2\/users\/1"}],"replies":[{"embeddable":true,"href":"https:\/\/www.lebenlernen.com\/sek_wernigerode\/wp-json\/wp\/v2\/comments?post=4121"}],"version-history":[{"count":1,"href":"https:\/\/www.lebenlernen.com\/sek_wernigerode\/wp-json\/wp\/v2\/pages\/4121\/revisions"}],"predecessor-version":[{"id":4122,"href":"https:\/\/www.lebenlernen.com\/sek_wernigerode\/wp-json\/wp\/v2\/pages\/4121\/revisions\/4122"}],"up":[{"embeddable":true,"href":"https:\/\/www.lebenlernen.com\/sek_wernigerode\/wp-json\/wp\/v2\/pages\/2946"}],"wp:attachment":[{"href":"https:\/\/www.lebenlernen.com\/sek_wernigerode\/wp-json\/wp\/v2\/media?parent=4121"}],"curies":[{"name":"wp","href":"https:\/\/api.w.org\/{rel}","templated":true}]}}