{"id":4116,"date":"2024-09-19T12:56:02","date_gmt":"2024-09-19T10:56:02","guid":{"rendered":"https:\/\/www.lebenlernen.com\/sek_wernigerode\/?page_id=4116"},"modified":"2024-09-19T12:57:10","modified_gmt":"2024-09-19T10:57:10","slug":"brafo","status":"publish","type":"page","link":"https:\/\/www.lebenlernen.com\/sek_wernigerode\/berufsberatung\/brafo\/","title":{"rendered":"BRAFO"},"content":{"rendered":"\n<p><strong>Berufsorientierung im Teutloff Bildungszentrum Wernigerode<\/strong><br>Unsere Programme zur Berufsorientierung bieten Sch\u00fclern eine umfassende Unterst\u00fctzung bei der fr\u00fchzeitigen und fundierten Berufswahl. Durch gezielte Ma\u00dfnahmen wie BRAFO werden individuelle Interessen und St\u00e4rken erkundet und berufliche Perspektiven entwickelt.<\/p>\n\n\n\n<p><strong>Was ist BRAFO?<\/strong><br>BRAFO (Berufswahl Richtig Angehen Fr\u00fchzeitig Orientieren) ist ein Projekt des Landes Sachsen-Anhalt, das zur vertieften Berufsorientierung f\u00fcr Sch\u00fcler der Klassen 7 bis 9 an Sekundar- und F\u00f6rderschulen beitr\u00e4gt. Gef\u00f6rdert wird das Programm aus Mitteln der Europ\u00e4ischen Union, des Landes Sachsen-Anhalt, der Bundesagentur f\u00fcr Arbeit und des Bundesministeriums f\u00fcr Bildung und Forschung.<br>Das BRAFO Programm ist in verschiedene Strukturelemente untergliedert, die auf die einzelnen Klassenstufen zugeschnitten sind.<\/p>\n\n\n\n<p><strong>Strukturelement I \u2013 Interessen- und Kompetenzerkundung<\/strong><br>Im Rahmen von BRAFO erkunden Sch\u00fcler der 7. Klasse ihre pers\u00f6nlichen Interessen, Neigungen und St\u00e4rken. Diese Phase umfasst:<\/p>\n\n\n\n<ul class=\"wp-block-list\">\n<li>5 Tage im Teutloff Bildungszentrum Wernigerode und 1 Tag in der Schule<\/li>\n\n\n\n<li>Sozialp\u00e4dagogische Unterst\u00fctzung und Anleitung durch erfahrene Ausbilder<\/li>\n\n\n\n<li>Erkundung in 4 Lebenswelten und 12 T\u00e4tigkeitsfeldern<\/li>\n\n\n\n<li>Ausstellung eines Berufswahlpasses und Teilnahmezertifikats<\/li>\n<\/ul>\n\n\n\n<p><strong>Strukturelement II \u2013 Betriebserkundung oder Werkstatttage<\/strong><br>Je nach individuellem Stand der beruflichen Orientierung k\u00f6nnen Sch\u00fcler der 8. Klasse zwischen Betriebserkundungen oder Werkstatttagen w\u00e4hlen:<\/p>\n\n\n\n<ul class=\"wp-block-list\">\n<li>5 Tage im Teutloff Bildungszentrum Wernigerode oder 5 Tage im Betrieb<\/li>\n\n\n\n<li>Sozialp\u00e4dagogische Unterst\u00fctzung und Anleitung durch erfahrene Ausbilder<\/li>\n\n\n\n<li>Vertiefung der Erkenntnisse aus Strukturelement I<\/li>\n\n\n\n<li>Ausstellung eines Teilnahmezertifikats mit Empfehlungen zur weiteren Berufsorientierung<\/li>\n<\/ul>\n\n\n\n<p><strong>Strukturelement IV \u2013 Kompetenzfeststellung<\/strong><br>Ab 2023 f\u00fchrt BRAFO auch eine Kompetenzfeststellung f\u00fcr Sch\u00fcler der 9. Klasse durch, die eine wichtige Grundlage in der beruflichen Orientierung bildet:<\/p>\n\n\n\n<ul class=\"wp-block-list\">\n<li>St\u00e4rkung der Eigenverantwortung der Sch\u00fcler in der Ausbildungs- und Berufsplanung<\/li>\n\n\n\n<li>Sichtbarmachen von Interessen, St\u00e4rken und Potenzialen durch Selbst- und Fremdwahrnehmung<\/li>\n\n\n\n<li>Nutzung des onlinebasierten Erkundungstools \u201eCheck-U\u201c der Bundesagentur f\u00fcr Arbeit<\/li>\n<\/ul>\n\n\n\n<p>Weiterf\u00fchrende Informationen unter:<br><a href=\"http:\/\/www.teutloff-bildungszentrum.de\/berufsorientierung\/\" target=\"_blank\" rel=\"noreferrer noopener\">www.teutloff-bildungszentrum.de\/berufsorientierung\/<\/a><\/p>\n\n\n\n<p><\/p>\n","protected":false},"excerpt":{"rendered":"<p>Berufsorientierung im Teutloff Bildungszentrum WernigerodeUnsere Programme zur Berufsorientierung bieten Sch\u00fclern eine umfassende Unterst\u00fctzung bei der fr\u00fchzeitigen und fundierten Berufswahl. Durch gezielte Ma\u00dfnahmen wie BRAFO werden individuelle Interessen und St\u00e4rken erkundet und berufliche Perspektiven entwickelt. Was ist BRAFO?BRAFO (Berufswahl Richtig Angehen Fr\u00fchzeitig Orientieren) ist ein Projekt des Landes Sachsen-Anhalt, das zur vertieften Berufsorientierung f\u00fcr Sch\u00fcler der<\/p>\n<div><a class=\"btn-filled btn\" href=\"https:\/\/www.lebenlernen.com\/sek_wernigerode\/berufsberatung\/brafo\/\" title=\"BRAFO\">Read More<\/a><\/div>\n","protected":false},"author":1,"featured_media":0,"parent":2946,"menu_order":0,"comment_status":"closed","ping_status":"closed","template":"","meta":{"ngg_post_thumbnail":0,"footnotes":""},"class_list":["post-4116","page","type-page","status-publish","hentry"],"_links":{"self":[{"href":"https:\/\/www.lebenlernen.com\/sek_wernigerode\/wp-json\/wp\/v2\/pages\/4116","targetHints":{"allow":["GET"]}}],"collection":[{"href":"https:\/\/www.lebenlernen.com\/sek_wernigerode\/wp-json\/wp\/v2\/pages"}],"about":[{"href":"https:\/\/www.lebenlernen.com\/sek_wernigerode\/wp-json\/wp\/v2\/types\/page"}],"author":[{"embeddable":true,"href":"https:\/\/www.lebenlernen.com\/sek_wernigerode\/wp-json\/wp\/v2\/users\/1"}],"replies":[{"embeddable":true,"href":"https:\/\/www.lebenlernen.com\/sek_wernigerode\/wp-json\/wp\/v2\/comments?post=4116"}],"version-history":[{"count":1,"href":"https:\/\/www.lebenlernen.com\/sek_wernigerode\/wp-json\/wp\/v2\/pages\/4116\/revisions"}],"predecessor-version":[{"id":4117,"href":"https:\/\/www.lebenlernen.com\/sek_wernigerode\/wp-json\/wp\/v2\/pages\/4116\/revisions\/4117"}],"up":[{"embeddable":true,"href":"https:\/\/www.lebenlernen.com\/sek_wernigerode\/wp-json\/wp\/v2\/pages\/2946"}],"wp:attachment":[{"href":"https:\/\/www.lebenlernen.com\/sek_wernigerode\/wp-json\/wp\/v2\/media?parent=4116"}],"curies":[{"name":"wp","href":"https:\/\/api.w.org\/{rel}","templated":true}]}}