{"id":4106,"date":"2024-09-19T12:43:41","date_gmt":"2024-09-19T10:43:41","guid":{"rendered":"https:\/\/www.lebenlernen.com\/sek_wernigerode\/?page_id=4106"},"modified":"2024-09-19T12:56:57","modified_gmt":"2024-09-19T10:56:57","slug":"agentur-fuer-arbeit","status":"publish","type":"page","link":"https:\/\/www.lebenlernen.com\/sek_wernigerode\/berufsberatung\/agentur-fuer-arbeit\/","title":{"rendered":"Agentur f\u00fcr Arbeit"},"content":{"rendered":"\n<p><strong>Berufswahl \u2013 eine Entscheidung f\u00fcr die eigene Zukunft, die gut vorbereitet und \u00fcberlegt sein sollte!<\/strong><\/p>\n\n\n\n<p>Liebe Sch\u00fclerinnen und Sch\u00fcler der Sekundarschule LebenLernen Mint, liebe Eltern,<\/p>\n\n\n\n<p>wie Konfuzius schon sagte<em>: \u201cW\u00e4hle einen Beruf, den du liebst, und du brauchst keinen Tag<\/em> <em>in deinem Leben mehr zu arbeiten.\u201d<\/em><br>Als zust\u00e4ndige Berufsberaterin m\u00f6chte ich Euch \/ Ihre Kinder ein St\u00fcck in diesem nicht ganz einfachen Entscheidungsprozess begleiten und Unterst\u00fctzung in Fragen der Berufswahl geben. Ich freue mich auf interessante Gespr\u00e4che und w\u00fcnsche viel Freude und Erfolg bei der Planung des k\u00fcnftigen Berufsweges.<\/p>\n\n\n\n<p><strong><u>Informations- und Dienstleistungsangebot der Berufsberatung<\/u><\/strong><\/p>\n\n\n\n<p><strong>Berufliche Beratung<\/strong><\/p>\n\n\n\n<ul class=\"wp-block-list\">\n<li>individuelle und pers\u00f6nliche Gespr\u00e4che in der Agentur f\u00fcr Arbeit Wernigerode (gern mit den Eltern)<\/li>\n\n\n\n<li>Kurzberatung in der Sprechstunde in der Schule<br>Mindestens einmal im Monat f\u00fchre ich <em>Sprechstunden in der Schule <\/em>durch. Bitte tragt euch auf der Anmeldeliste bei Frau Wagner ein und kommt zum Termin kurz aus dem Unterricht. Die Schule stellt euch f\u00fcr diese Zeit frei. Bitte informiert vorher den\/die entsprechende\/n Fachlehrer\/in.<\/li>\n<\/ul>\n\n\n\n<p>Besprechen der beruflichen W\u00fcnsche, Ziele, Erwartungen, aber auch der Bef\u00fcrchtungen und Probleme (z.B. gesundheitliche Einschr\u00e4nkungen, Lernschwierigkeiten)<br>Information zu allen Wegen nach der Schule (betriebliche Ausbildung, schulische Ausbildung, Beamtenlaufbahn, weiterf\u00fchrende Schulen, \u00dcberbr\u00fcckung\u2026)<\/p>\n\n\n\n<p><strong>Berufsorientierung<\/strong><\/p>\n\n\n\n<ul class=\"wp-block-list\">\n<li>Schulveranstaltungen im Klassenverband<\/li>\n\n\n\n<li>z.B. Klassenveranstaltung in der 8.Klasse in der Schule im Januar<\/li>\n\n\n\n<li>z.B. Besuch Berufsinformationszentrum Halberstadt \u2013 Klassenveranstaltung mit der 9. Klasse im Januar<\/li>\n\n\n\n<li>z.B. Klassenveranstaltung in der 10. Klasse in der Schule im September<\/li>\n\n\n\n<li>Berufsfindungs- und Studienmesse [BeSt]\u00b2 im September in Halberstadt<\/li>\n\n\n\n<li>Elternveranstaltungen<\/li>\n<\/ul>\n\n\n\n<p><strong>Testangebote zur Berufswahl<\/strong><\/p>\n\n\n\n<ul class=\"wp-block-list\">\n<li>Berufswahltest (BWT) \u2013 Leistungstest zu beruflichen Interessen und Kompetenzen<\/li>\n\n\n\n<li>Intelligenz-Struktur-Test \u2013 Sammeln von Testerfahrung f\u00fcr Einstellungstests<\/li>\n<\/ul>\n\n\n\n<p><strong>Ausbildungsvermittlung<\/strong><\/p>\n\n\n\n<ul class=\"wp-block-list\">\n<li>Vermittlung von Ausbildungsstellen,<\/li>\n\n\n\n<li>Information zu Unternehmen, Beh\u00f6rden, Kammern und Verb\u00e4nden\u2026<\/li>\n\n\n\n<li>Information zum aktuellen Ausbildungsstellenmarkt der Region bzw. \u00fcberregional<\/li>\n<\/ul>\n\n\n\n<p><strong>F\u00f6rderung<\/strong><\/p>\n\n\n\n<ul class=\"wp-block-list\">\n<li>Gew\u00e4hrung von finanziellen Hilfen bei der Bewerbung f\u00fcr sozialversicherungspflichtige Ausbildungsverh\u00e4ltnisse (Bewerbungskosten, Reisekosten)<\/li>\n\n\n\n<li>Gew\u00e4hrung von finanziellen Hilfen w\u00e4hrend einer betrieblichen Ausbildung beim Vorliegen entsprechender Voraussetzungen (BAB \u2013 Berufsausbildungsbeihilfe)<\/li>\n\n\n\n<li>Gew\u00e4hrung von kostenlosem St\u00fctzunterricht w\u00e4hrend einer betrieblichen Ausbildung um Ausbildungsabbr\u00fcche zu verhindern (AsA \u2013 Assistierte Ausbildung)<\/li>\n<\/ul>\n\n\n\n<p><strong>Meine Kontaktdaten sind:<\/strong><\/p>\n\n\n\n<div class=\"wp-block-columns is-layout-flex wp-container-core-columns-is-layout-9d6595d7 wp-block-columns-is-layout-flex\">\n<div class=\"wp-block-column is-layout-flow wp-block-column-is-layout-flow\">\n<p>Claudia Bauer<br>Berufsberaterin der Agentur f\u00fcr Arbeit Sachsen-Anhalt West<br>Gesch\u00e4ftsstelle Wernigerode<br>Rudolf-Breitscheid-Stra\u00dfe 19<br>38855 Wernigerode<br>Zimmer: 106 \/ 1. Obergeschoss<\/p>\n\n\n\n<p><strong><u>Anmeldung<\/u><\/strong><\/p>\n\n\n\n<p><em>Telefonisch<\/em><br>03943 266803\u00a0\u00a0\u00a0\u00a0\u00a0\u00a0\u00a0\u00a0\u00a0\u00a0\u00a0 pers\u00f6nliche Durchwahl<br>0800 4 5555 00 \u00a0\u00a0\u00a0\u00a0\u00a0\u00a0\u00a0\u00a0 Service-Hotline &#8211; Montag bis Freitag von 08:00 bis 18:00 Uhr geb\u00fchrenfrei<\/p>\n\n\n\n<p><em>per E-Mail<\/em><br><a href=\"mailto:Claudia.Bauer@arbeitsagentur.deO\">Claudia.Bauer@arbeitsagentur.de<\/a> oder <a href=\"mailto:Sachsen-Anhalt-West-Berufsberatung@arbeitsagentur.de\">Sachsen-Anhalt-West-Berufsberatung@arbeitsagentur.de<\/a>\u00a0<\/p>\n\n\n\n<p><em>online Beratungstermin anfragen<\/em><br><a href=\"https:\/\/www.arbeitsagentur.de\/vor-ort\/sachsen-anhalt-west\/informationen-fuer-schuelerinnen-und-schueler\">https:\/\/www.arbeitsagentur.de\/vor-ort\/sachsen-anhalt-west\/informationen-fuer-schuelerinnen-und-schueler<\/a><\/p>\n<\/div>\n\n\n\n<div class=\"wp-block-column is-layout-flow wp-block-column-is-layout-flow\">\n<figure class=\"wp-block-image size-full\"><a href=\"https:\/\/www.lebenlernen.com\/sek_wernigerode\/wp-content\/uploads\/2022\/03\/arbeitsagentur_frau_bauer.jpg\"><img loading=\"lazy\" decoding=\"async\" width=\"466\" height=\"700\" src=\"https:\/\/www.lebenlernen.com\/sek_wernigerode\/wp-content\/uploads\/2022\/03\/arbeitsagentur_frau_bauer.jpg\" alt=\"\" class=\"wp-image-2947\" srcset=\"https:\/\/www.lebenlernen.com\/sek_wernigerode\/wp-content\/uploads\/2022\/03\/arbeitsagentur_frau_bauer.jpg 466w, https:\/\/www.lebenlernen.com\/sek_wernigerode\/wp-content\/uploads\/2022\/03\/arbeitsagentur_frau_bauer-200x300.jpg 200w\" sizes=\"auto, (max-width: 466px) 100vw, 466px\" \/><\/a><\/figure>\n<\/div>\n<\/div>\n","protected":false},"excerpt":{"rendered":"<p>Berufswahl \u2013 eine Entscheidung f\u00fcr die eigene Zukunft, die gut vorbereitet und \u00fcberlegt sein sollte! Liebe Sch\u00fclerinnen und Sch\u00fcler der Sekundarschule LebenLernen Mint, liebe Eltern, wie Konfuzius schon sagte: \u201cW\u00e4hle einen Beruf, den du liebst, und du brauchst keinen Tag in deinem Leben mehr zu arbeiten.\u201dAls zust\u00e4ndige Berufsberaterin m\u00f6chte ich Euch \/ Ihre Kinder ein<\/p>\n<div><a class=\"btn-filled btn\" href=\"https:\/\/www.lebenlernen.com\/sek_wernigerode\/berufsberatung\/agentur-fuer-arbeit\/\" title=\"Agentur f\u00fcr Arbeit\">Read More<\/a><\/div>\n","protected":false},"author":1,"featured_media":0,"parent":2946,"menu_order":0,"comment_status":"closed","ping_status":"closed","template":"","meta":{"ngg_post_thumbnail":0,"footnotes":""},"class_list":["post-4106","page","type-page","status-publish","hentry"],"_links":{"self":[{"href":"https:\/\/www.lebenlernen.com\/sek_wernigerode\/wp-json\/wp\/v2\/pages\/4106","targetHints":{"allow":["GET"]}}],"collection":[{"href":"https:\/\/www.lebenlernen.com\/sek_wernigerode\/wp-json\/wp\/v2\/pages"}],"about":[{"href":"https:\/\/www.lebenlernen.com\/sek_wernigerode\/wp-json\/wp\/v2\/types\/page"}],"author":[{"embeddable":true,"href":"https:\/\/www.lebenlernen.com\/sek_wernigerode\/wp-json\/wp\/v2\/users\/1"}],"replies":[{"embeddable":true,"href":"https:\/\/www.lebenlernen.com\/sek_wernigerode\/wp-json\/wp\/v2\/comments?post=4106"}],"version-history":[{"count":6,"href":"https:\/\/www.lebenlernen.com\/sek_wernigerode\/wp-json\/wp\/v2\/pages\/4106\/revisions"}],"predecessor-version":[{"id":4115,"href":"https:\/\/www.lebenlernen.com\/sek_wernigerode\/wp-json\/wp\/v2\/pages\/4106\/revisions\/4115"}],"up":[{"embeddable":true,"href":"https:\/\/www.lebenlernen.com\/sek_wernigerode\/wp-json\/wp\/v2\/pages\/2946"}],"wp:attachment":[{"href":"https:\/\/www.lebenlernen.com\/sek_wernigerode\/wp-json\/wp\/v2\/media?parent=4106"}],"curies":[{"name":"wp","href":"https:\/\/api.w.org\/{rel}","templated":true}]}}