{"id":109,"date":"2014-08-01T16:45:16","date_gmt":"2014-08-01T14:45:16","guid":{"rendered":"http:\/\/www.lebenlernen.com\/sek_wernigerode\/?page_id=109"},"modified":"2014-10-01T09:14:05","modified_gmt":"2014-10-01T07:14:05","slug":"partner","status":"publish","type":"page","link":"https:\/\/www.lebenlernen.com\/sek_wernigerode\/partner\/","title":{"rendered":"Partner"},"content":{"rendered":"<p>Sie k\u00f6nnen Schulmaterial wie etwa Schulb\u00fccher, Einrichtungsgegenst\u00e4nde o.\u00e4. stiften? Oder haben die Ressourcen, uns bei der Bewirtung unserer Sch\u00fcler mit Speisen oder Getr\u00e4nken zu unterst\u00fctzen?<br \/>\nJede Geld- oder Sachspende wie Schulb\u00fccher, B\u00fcrom\u00f6bel, Unterrichtsmaterialien, Sportger\u00e4te, oder oder oder &#8211; ist uns willkommen und hilft uns, unsere Sekundarschule LebenLernen\u00ae zu realisieren.<br \/>\nOder Sie haben weitere Anregungen, wo Sie Potential f\u00fcr sich und uns in der Zusammenarbeit sehen? Dann werden Sie unser Partner.<\/p>\n<p>Wir pr\u00e4sentieren Sie als offiziellen Partner der Sekundarschule LebenLernen\u00ae Wernigerode<\/p>\n<ul>\n<li>mit Ihrem Firmenlogo in allen unseren Printprodukten und auf unserer Website <a href=\"..\/..\/\" target=\"_blank\">www.lebenlernen.com<\/a><\/li>\n<li>mit entsprechenden Verlinkungen zu Ihrem Internetauftritt von der Website der Sekundarschule <a href=\"..\/..\/\" target=\"_blank\">www.lebenlernen.com<\/a> sowie der Oskar K\u00e4mmer Schule <a href=\"http:\/\/www.oks.de\/\" target=\"_blank\">www.oks.de<\/a>.<\/li>\n<li>au\u00dferdem werden wir Sie gerne redaktionell in allen Medien &#8211; Print und Online &#8211; als unseren Partner erw\u00e4hnen<\/li>\n<\/ul>\n<p>Sie sehen, als Partner der Sekundarschule LebenLernen\u00ae bietet sich Ihnen eine interessante Plattform der breit aufgestellten Vermarktung. Wir helfen Ihnen<\/p>\n<ul>\n<li>andere neue, auch branchenfremde Zielgruppen zu erreichen<\/li>\n<li>und\/oder Ihr Image in der allgemeinen \u00d6ffentlichkeit nachhaltig bekannt zu machen<\/li>\n<\/ul>\n","protected":false},"excerpt":{"rendered":"<p>Sie k\u00f6nnen Schulmaterial wie etwa Schulb\u00fccher, Einrichtungsgegenst\u00e4nde o.\u00e4. stiften? Oder haben die Ressourcen, uns bei der Bewirtung unserer Sch\u00fcler mit Speisen oder Getr\u00e4nken zu unterst\u00fctzen? Jede Geld- oder Sachspende wie Schulb\u00fccher, B\u00fcrom\u00f6bel, Unterrichtsmaterialien, Sportger\u00e4te, oder oder oder &#8211; ist uns willkommen und hilft uns, unsere Sekundarschule LebenLernen\u00ae zu realisieren. Oder Sie haben weitere Anregungen, wo<\/p>\n<div><a class=\"btn-filled btn\" href=\"https:\/\/www.lebenlernen.com\/sek_wernigerode\/partner\/\" title=\"Partner\">Read More<\/a><\/div>\n","protected":false},"author":1,"featured_media":0,"parent":0,"menu_order":0,"comment_status":"open","ping_status":"open","template":"","meta":{"ngg_post_thumbnail":0,"footnotes":""},"class_list":["post-109","page","type-page","status-publish","hentry"],"_links":{"self":[{"href":"https:\/\/www.lebenlernen.com\/sek_wernigerode\/wp-json\/wp\/v2\/pages\/109","targetHints":{"allow":["GET"]}}],"collection":[{"href":"https:\/\/www.lebenlernen.com\/sek_wernigerode\/wp-json\/wp\/v2\/pages"}],"about":[{"href":"https:\/\/www.lebenlernen.com\/sek_wernigerode\/wp-json\/wp\/v2\/types\/page"}],"author":[{"embeddable":true,"href":"https:\/\/www.lebenlernen.com\/sek_wernigerode\/wp-json\/wp\/v2\/users\/1"}],"replies":[{"embeddable":true,"href":"https:\/\/www.lebenlernen.com\/sek_wernigerode\/wp-json\/wp\/v2\/comments?post=109"}],"version-history":[{"count":5,"href":"https:\/\/www.lebenlernen.com\/sek_wernigerode\/wp-json\/wp\/v2\/pages\/109\/revisions"}],"predecessor-version":[{"id":158,"href":"https:\/\/www.lebenlernen.com\/sek_wernigerode\/wp-json\/wp\/v2\/pages\/109\/revisions\/158"}],"wp:attachment":[{"href":"https:\/\/www.lebenlernen.com\/sek_wernigerode\/wp-json\/wp\/v2\/media?parent=109"}],"curies":[{"name":"wp","href":"https:\/\/api.w.org\/{rel}","templated":true}]}}