{"id":103,"date":"2014-08-01T16:42:03","date_gmt":"2014-08-01T14:42:03","guid":{"rendered":"http:\/\/www.lebenlernen.com\/sek_wernigerode\/?page_id=103"},"modified":"2014-08-01T16:42:03","modified_gmt":"2014-08-01T14:42:03","slug":"coacheslernbegleiter","status":"publish","type":"page","link":"https:\/\/www.lebenlernen.com\/sek_wernigerode\/unternehmen\/coacheslernbegleiter\/","title":{"rendered":"Coaches\/Lernbegleiter"},"content":{"rendered":"<p>Die Funktion des Lehrers \u00e4ndert sich in unserer Schule LebenLernen\u00ae grundlegend. Weg vom &#8222;Wissensvermittler&#8220; hin zum Lernassistenten des Sch\u00fclers, deshalb nennen wir ihn &#8222;Coach&#8220; bzw. &#8222;Lernbegleiter&#8220;. Sie \u00fcbernehmen die Betreuung und Verantwortung f\u00fcr ihre Sch\u00fcler \u00fcber den gesamten Zeitraum der Sekundarstufe I von insgesamt 6 Jahren.<\/p>\n<p>Die Aufgabe des Lernbegleiters besteht darin, dem Kind Hilfe zur Selbsthilfe zu geben. Der Sch\u00fcler steht im Mittelpunkt des Lerngeschehens und ist der aktive Teil seiner Lernfirma. Dabei ist es auf Unterst\u00fctzung angewiesen, auf Beratung und Feedback. So finden in regelm\u00e4\u00dfigen Abst\u00e4nden Beratungsgespr\u00e4che zwischen Lernbegleitern und Sch\u00fcler statt.<\/p>\n<p>Da die Schule zugleich Arbeitsort ist, wird die Zusammenarbeit und die Kommunikation auf der Basis der permanenten gegenseitigen Verf\u00fcgbarkeit erheblich erleichtert. Probleme k\u00f6nnen &#8222;ambulant&#8220; gel\u00f6st werden, und spezielle Inszenierungen wie Sonderkonferenzen o.\u00e4. sind nicht mehr n\u00f6tig.<\/p>\n<p>Der Lernbegleiter unterst\u00fctzt und ber\u00e4t den Sch\u00fcler bei der Definition seines w\u00f6chentlichen, monatlichen bzw. j\u00e4hrlichen Lernziels.<\/p>\n","protected":false},"excerpt":{"rendered":"<p>Die Funktion des Lehrers \u00e4ndert sich in unserer Schule LebenLernen\u00ae grundlegend. Weg vom &#8222;Wissensvermittler&#8220; hin zum Lernassistenten des Sch\u00fclers, deshalb nennen wir ihn &#8222;Coach&#8220; bzw. &#8222;Lernbegleiter&#8220;. Sie \u00fcbernehmen die Betreuung und Verantwortung f\u00fcr ihre Sch\u00fcler \u00fcber den gesamten Zeitraum der Sekundarstufe I von insgesamt 6 Jahren. Die Aufgabe des Lernbegleiters besteht darin, dem Kind Hilfe<\/p>\n<div><a class=\"btn-filled btn\" href=\"https:\/\/www.lebenlernen.com\/sek_wernigerode\/unternehmen\/coacheslernbegleiter\/\" title=\"Coaches\/Lernbegleiter\">Read More<\/a><\/div>\n","protected":false},"author":1,"featured_media":0,"parent":101,"menu_order":0,"comment_status":"open","ping_status":"open","template":"","meta":{"ngg_post_thumbnail":0,"footnotes":""},"class_list":["post-103","page","type-page","status-publish","hentry"],"_links":{"self":[{"href":"https:\/\/www.lebenlernen.com\/sek_wernigerode\/wp-json\/wp\/v2\/pages\/103","targetHints":{"allow":["GET"]}}],"collection":[{"href":"https:\/\/www.lebenlernen.com\/sek_wernigerode\/wp-json\/wp\/v2\/pages"}],"about":[{"href":"https:\/\/www.lebenlernen.com\/sek_wernigerode\/wp-json\/wp\/v2\/types\/page"}],"author":[{"embeddable":true,"href":"https:\/\/www.lebenlernen.com\/sek_wernigerode\/wp-json\/wp\/v2\/users\/1"}],"replies":[{"embeddable":true,"href":"https:\/\/www.lebenlernen.com\/sek_wernigerode\/wp-json\/wp\/v2\/comments?post=103"}],"version-history":[{"count":1,"href":"https:\/\/www.lebenlernen.com\/sek_wernigerode\/wp-json\/wp\/v2\/pages\/103\/revisions"}],"predecessor-version":[{"id":104,"href":"https:\/\/www.lebenlernen.com\/sek_wernigerode\/wp-json\/wp\/v2\/pages\/103\/revisions\/104"}],"up":[{"embeddable":true,"href":"https:\/\/www.lebenlernen.com\/sek_wernigerode\/wp-json\/wp\/v2\/pages\/101"}],"wp:attachment":[{"href":"https:\/\/www.lebenlernen.com\/sek_wernigerode\/wp-json\/wp\/v2\/media?parent=103"}],"curies":[{"name":"wp","href":"https:\/\/api.w.org\/{rel}","templated":true}]}}