{"id":7,"date":"2010-08-03T17:47:53","date_gmt":"2010-08-03T17:47:53","guid":{"rendered":"http:\/\/www.lebenlernen.com\/sek-magdeburg\/?page_id=7"},"modified":"2016-07-01T07:12:17","modified_gmt":"2016-07-01T07:12:17","slug":"tagesablauf","status":"publish","type":"page","link":"https:\/\/www.lebenlernen.com\/sek_schoenebeck\/konzept\/tagesablauf\/","title":{"rendered":"Tagesablauf"},"content":{"rendered":"<p>&nbsp;<\/p>\n<p><strong>Arbeitspl\u00e4tze, Arbeitszeiten<\/strong><\/p>\n<p>Es arbeiten bis zu 24 Sch\u00fcler pro Jahrgang im Lernatelier ab ca. 7.30 bis ca. 15.30 Uhr<br \/>\nDas Konzept der verbindlichen Ganztagsschule der Oskar K\u00e4mmer Schule sieht vor, dass die Sch\u00fcler mindestens von 8.00 bis ca. 15.00 Uhr in der Schule sind. In dieser gesamten Zeit ist eine p\u00e4dagogische Betreuung \u00fcber uns gew\u00e4hrleistet.<\/p>\n<p>Ausreichend Pausen f\u00fcr das freie Spiel und die Bewegung sind gew\u00e4hrleistet.<\/p>\n<ul>\n<li>Ab 7.30 bis 8.00 Uhr haben die Sch\u00fcler eine offene Eingangsphase, die ihnen und ihren Eltern den Freiraum bietet, nach den individuellen Gegebenheiten in die Schule zu kommen. In der Schule besch\u00e4ftigen sich die Sch\u00fcler anhand ihres Wochenplanes im Lernatelier.<\/li>\n<li>Ab 7.30 Uhr l\u00e4uft in Klasse 8 und 9 die Arbeit im Lernatelier.<\/li>\n<li>Ab 8.00 Uhr l\u00e4uft die Arbeit im Lernatelier weiter bzw. wechselt mit Fachunterricht.<\/li>\n<li>Von 9.30 bis 10.00 Uhr ist eine gemeinsame Fr\u00fchst\u00fcckspause auf dem Schulhof vorgesehen.<\/li>\n<li>Von 11.30 bis 12.30 Uhr erleben alle Sch\u00fcler zusammen eine Mittagspause mit Essen und\/oder toben auf dem Schulhof mit Fu\u00dfball, Basketball oder spielen Tischtennis.<\/li>\n<li>Danach folgen im Wechsel der Fachunterricht oder die Arbeit im Lernatelier bis mindestens 15.00 Uhr.<\/li>\n<li>Mehrere Arbeitsgemeinschaften werden ab 14.15 Uhr angeboten.<\/li>\n<\/ul>\n","protected":false},"excerpt":{"rendered":"<p>&nbsp; Arbeitspl\u00e4tze, Arbeitszeiten Es arbeiten bis zu 24 Sch\u00fcler pro Jahrgang im Lernatelier ab ca. 7.30 bis ca. 15.30 Uhr Das Konzept der verbindlichen Ganztagsschule der Oskar K\u00e4mmer Schule sieht vor, dass die Sch\u00fcler mindestens von 8.00 bis ca. 15.00 Uhr in der Schule sind. In dieser gesamten Zeit ist eine p\u00e4dagogische Betreuung \u00fcber uns<\/p>\n<div><a class=\"btn-filled btn\" href=\"https:\/\/www.lebenlernen.com\/sek_schoenebeck\/konzept\/tagesablauf\/\" title=\"Tagesablauf\">Read More<\/a><\/div>\n","protected":false},"author":1,"featured_media":0,"parent":2,"menu_order":0,"comment_status":"open","ping_status":"open","template":"","meta":{"footnotes":""},"class_list":["post-7","page","type-page","status-publish","hentry"],"_links":{"self":[{"href":"https:\/\/www.lebenlernen.com\/sek_schoenebeck\/wp-json\/wp\/v2\/pages\/7","targetHints":{"allow":["GET"]}}],"collection":[{"href":"https:\/\/www.lebenlernen.com\/sek_schoenebeck\/wp-json\/wp\/v2\/pages"}],"about":[{"href":"https:\/\/www.lebenlernen.com\/sek_schoenebeck\/wp-json\/wp\/v2\/types\/page"}],"author":[{"embeddable":true,"href":"https:\/\/www.lebenlernen.com\/sek_schoenebeck\/wp-json\/wp\/v2\/users\/1"}],"replies":[{"embeddable":true,"href":"https:\/\/www.lebenlernen.com\/sek_schoenebeck\/wp-json\/wp\/v2\/comments?post=7"}],"version-history":[{"count":1,"href":"https:\/\/www.lebenlernen.com\/sek_schoenebeck\/wp-json\/wp\/v2\/pages\/7\/revisions"}],"predecessor-version":[{"id":4088,"href":"https:\/\/www.lebenlernen.com\/sek_schoenebeck\/wp-json\/wp\/v2\/pages\/7\/revisions\/4088"}],"up":[{"embeddable":true,"href":"https:\/\/www.lebenlernen.com\/sek_schoenebeck\/wp-json\/wp\/v2\/pages\/2"}],"wp:attachment":[{"href":"https:\/\/www.lebenlernen.com\/sek_schoenebeck\/wp-json\/wp\/v2\/media?parent=7"}],"curies":[{"name":"wp","href":"https:\/\/api.w.org\/{rel}","templated":true}]}}