{"id":52,"date":"2010-08-04T10:07:25","date_gmt":"2010-08-04T10:07:25","guid":{"rendered":"http:\/\/www.lebenlernen.com\/sek-magdeburg\/?page_id=52"},"modified":"2010-08-04T10:07:25","modified_gmt":"2010-08-04T10:07:25","slug":"glossar","status":"publish","type":"page","link":"https:\/\/www.lebenlernen.com\/sek_schoenebeck\/konzept\/glossar\/","title":{"rendered":"Glossar"},"content":{"rendered":"<table  class=\" table table-hover\" border=\"0\" cellpadding=\"2\">\n<tbody>\n<tr bgcolor=\"#cff2d3\">\n<td><strong>\u00c4rztliche Betreuung<\/strong><\/td>\n<td>Sollte  eine \u00e4rztliche Betreuung erforderlich sein, wird bei vorliegendem  Einverst\u00e4ndnis der Eltern der zust\u00e4ndige Arzt hinzugezogen.  Routinem\u00e4\u00dfige Arzt- und Zahnarztbesuche sind m\u00f6glichst in die  unterrichtsfreie Zeit oder in den Ferien zu legen.<\/td>\n<\/tr>\n<tr bgcolor=\"#e0efdc\">\n<td><strong>Ausr\u00fcstung<\/strong><\/td>\n<td>F\u00fcr  den Besuch unserer Schule ist zur Zeit keine spezielle Ausr\u00fcstung  notwendig. Eine Liste, die \u00fcber Schul- und Verbrauchermaterialien  Auskunft gibt, erhalten Eltern jeweils vor Beginn des Schuljahres. F\u00fcr  die pers\u00f6nlichen Gegenst\u00e4nde der Sch\u00fcler \u00fcbernehmen wir keine Haftung.  Sie haben die M\u00f6glichkeit, Wertgegenst\u00e4nde in den pers\u00f6nlichen Spinden  einzuschlie\u00dfen oder im Sekretariat zu hinterlegen.<\/td>\n<\/tr>\n<tr bgcolor=\"#cff2d3\">\n<td><strong>Ausk\u00fcnfte<\/strong><\/td>\n<td>Das  gesamte Team unserer Schule steht Eltern und Kindern gern mit Rat und  Tat zur Verf\u00fcgung. Am besten wenden Sie sich direkt an die zust\u00e4ndige  Person oder nutzen Telefon und E-Mail.<\/td>\n<\/tr>\n<tr bgcolor=\"#e0efdc\">\n<td><strong>Arbeitsmaterialien<\/strong><\/td>\n<td>Arbeitsmaterialien  sind teuer und wertvoll, deshalb sollten alle umweltbewusst und  sorgf\u00e4ltig damit umgehen. Sie sollten stets sauber, vollst\u00e4ndig,  einsatzbereit und f\u00fcr alle zug\u00e4nglich sein.<\/td>\n<\/tr>\n<tr bgcolor=\"#cff2d3\">\n<td><strong>Abwesenheit<\/strong><\/td>\n<td>Die  Abwesenheitsregelung unserer Schule richtet sich nach den einschl\u00e4gigen  Bestimmungen des Landes Sachsen-Anhalt. F\u00fcr jede voraussehbare  Abwesenheit ist schriftlich um Freistellung zu ersuchen. Unentschuldigte  Abwesenheit wird im Zeugnis vermerkt.<\/td>\n<\/tr>\n<tr bgcolor=\"#e0efdc\">\n<td><strong>Arbeitsklima<\/strong><\/td>\n<td>Nur  wer gut gelaunt und motiviert zur Arbeit erscheint, kann unser  Schulklima bereichern. Respektvoller Umgang mit Menschen und  Materialien, ein Geben und Nehmen, ein Fordern und F\u00f6rdern,  Selbstakzeptanz und Vertrauen in die eigenen F\u00e4higkeiten, aber auch  Humor und Spa\u00df sind die Bestandteile guten Klimas. Alle sollten dazu  beitragen.<\/td>\n<\/tr>\n<tr bgcolor=\"#cff2d3\">\n<td><strong>B\u00fccher<\/strong><\/td>\n<td>Alle  Schulb\u00fccher sind ebenso wie die pers\u00f6nlichen W\u00f6rterb\u00fccher pfleglich zu  behandeln. Bei mutwillig verursachten Sch\u00e4den haften die Eltern.<\/td>\n<\/tr>\n<tr bgcolor=\"#e0efdc\">\n<td><strong>Bibliothek<\/strong><\/td>\n<td>In  jedem Lernatelier steht den Sch\u00fclern eine Handbibliothek zur Verf\u00fcgung.  Sie wird von den Kindern eigenverantwortlich genutzt. Mit den B\u00fcchern  ist sorgf\u00e4ltig umzugehen, Besch\u00e4digungen sind zu vermeiden.<\/td>\n<\/tr>\n<tr bgcolor=\"#cff2d3\">\n<td><strong>Computer<\/strong><\/td>\n<td>Eine  moderne Ausbildung ohne Computer w\u00e4re undenkbar. Wir arbeiten mit  zeitgem\u00e4\u00dfer Hard- und Software, die von allen bei Bedarf genutzt werden  kann. Das handschriftliche Arbeiten wird nicht vom Computer abgel\u00f6st. Um  das Ausbreiten von Computerviren zu vermeiden, ist das Benutzen eigener  Programme und Spiele untersagt.<\/td>\n<\/tr>\n<tr bgcolor=\"#e0efdc\">\n<td><strong>Coach<\/strong><\/td>\n<td>Jedes  Kind wird durch einen pers\u00f6nlichen Coach betreut, der mit ihm zusammen  die schulische und pers\u00f6nliche Entwicklung plant und umsetzt. Den Eltern  gegen\u00fcber ist er jederzeit auskunftsbereit.<\/td>\n<\/tr>\n<tr bgcolor=\"#cff2d3\">\n<td><strong>Drogen<\/strong><\/td>\n<td>Unsere  Schule ist drogenfrei! Der Besitz, Konsum und Vertrieb von Alkohol und  Drogen f\u00fchrt zur sofortigen K\u00fcndigung des Schulvertrages.<\/td>\n<\/tr>\n<tr bgcolor=\"#e0efdc\">\n<td><strong>Exkursionen<\/strong><\/td>\n<td>Manchmal  befindet sich unser Lernort auch au\u00dferhalb der Schule. Die Sch\u00fcler  werden dabei von einem Coach begleitet. Sie verhalten sich im  Stra\u00dfenverkehr, \u00f6ffentlichen Einrichtungen und Verkehrsmitteln  diszipliniert. Belehrungen erfolgen vor Exkursionsantritt.<\/td>\n<\/tr>\n<tr bgcolor=\"#cff2d3\">\n<td><strong>Elterngespr\u00e4che<\/strong><\/td>\n<td>Eine  enge Zusammenarbeit zwischen Eltern und Schule f\u00f6rdert den Lernerfolg.  Einmal pro Woche treffen wir uns gerne mit den Eltern, um gemeinsam den  Lernstandort zu bestimmen und neue Ziele abzustecken.<\/td>\n<\/tr>\n<tr bgcolor=\"#e0efdc\">\n<td><strong>Eigentum<\/strong><\/td>\n<td>Sch\u00fcler  verf\u00fcgen \u00fcber pers\u00f6nliches Eigentum, mit dem sie pfleglich umgehen.  Dies gilt auch f\u00fcr das Eigentum der Schule. Ohne Erlaubnis wird das, was  anderen geh\u00f6rt, nicht benutzt, mitgenommen oder zerst\u00f6rt. Wer das  \u201eMein-Dein-Prinzip\u201c nicht akzeptiert, muss mit Konsequenzen rechnen.<\/td>\n<\/tr>\n<tr bgcolor=\"#cff2d3\">\n<td><strong>Essen<\/strong><\/td>\n<td>Wir  ern\u00e4hren uns gesund und abwechslungsreich. Getr\u00e4nke f\u00fcr die  Zwischenmahlzeiten stehen zur Verf\u00fcgung. Die Hauptmahlzeiten nehmen wir  gemeinsam ein.<\/td>\n<\/tr>\n<tr bgcolor=\"#e0efdc\">\n<td><strong>Fundgegenst\u00e4nde<\/strong><\/td>\n<td>Um  zu vermeiden, dass Kleidungsst\u00fccke verloren gehen, ist es  empfehlenswert, sie mit einem Namen zu kennzeichnen. Fundgegenst\u00e4nde  sind den Coaches zu \u00fcbergeben und werden bis zum Ende des Halbjahres  aufbewahrt.<\/td>\n<\/tr>\n<tr bgcolor=\"#cff2d3\">\n<td><strong>F\u00f6rderung<\/strong><\/td>\n<td>Jedes Kind ist anders. Damit keines untergeht, werden Schw\u00e4chen nicht vertieft, sondern St\u00e4rken gef\u00f6rdert.<\/td>\n<\/tr>\n<tr bgcolor=\"#e0efdc\">\n<td><strong>Fl\u00fcsterkultur<\/strong><\/td>\n<td>Nur  in angenehmer ruhiger Atmosph\u00e4re ist konzentriertes Arbeiten m\u00f6glich.  Da alle Sch\u00fcler individuell und differenziert arbeiten, fl\u00fcstern wir im  Lernatelier.<\/td>\n<\/tr>\n<tr bgcolor=\"#cff2d3\">\n<td><strong>Ferien<\/strong><\/td>\n<td>Unsere  Ferienzeiten entsprechen den Regelungen des Landes. Sie werden Eltern  und Kindern zu Beginn des laufenden Schuljahres mitgeteilt. In  Ausnahmef\u00e4llen und in gegenseitiger Absprache kann geringf\u00fcgig davon  abgewichen werden.<\/td>\n<\/tr>\n<tr bgcolor=\"#e0efdc\">\n<td><strong>Fahrkarten<\/strong><\/td>\n<td>F\u00fcr  die Fahrkarten zur Schule sind die Eltern verantwortlich. Die geltenden  Fahrpl\u00e4ne werden an der Info-Tafel ausgeh\u00e4ngt. Schulfahrten planen wir  gemeinsam mit Sch\u00fclern und Eltern, die auch gern als Betreuer daran  teilnehmen k\u00f6nnen.<\/td>\n<\/tr>\n<tr bgcolor=\"#cff2d3\">\n<td><strong>Gewalt<\/strong><\/td>\n<td>Wir  lehnen jede Form von Gewalt klar ab. Waffen jeglicher Art sind strikt  verboten. Von ihrem Mitf\u00fchren werden die Eltern umgehend in Kenntnis  gesetzt. Wiederholte Gewaltanwendung wird disziplinarisch geahndet und  in den Unterlagen festgehalten.<\/td>\n<\/tr>\n<tr bgcolor=\"#e0efdc\">\n<td><strong>Hausschuhe<\/strong><\/td>\n<td>In  den Herbst- und Wintermonaten empfiehlt es sich in den Arbeitsr\u00e4umen  die Schuhe zu wechseln Die Stra\u00dfenschuhe k\u00f6nnen in den Spinden  abgestellt werden<\/td>\n<\/tr>\n<tr bgcolor=\"#cff2d3\">\n<td><strong>Hausordnung<\/strong><\/td>\n<td>Die Hausordnung wird f\u00fcr alle sichtbar und zug\u00e4nglich an der Info-Tafel ausgeh\u00e4ngt. Sie ist verpflichtend.<\/td>\n<\/tr>\n<tr bgcolor=\"#e0efdc\">\n<td><strong>Handy<\/strong><\/td>\n<td>Der  Besitz von Handys &#8211; zur Benutzung in dringenden Angelegenheiten oder  Notf\u00e4llen &#8211; ist grunds\u00e4tzlich erlaubt. F\u00fcr die Dauer des Lerntages sind  sie im Spind aufzubewahren. Bei Verst\u00f6\u00dfen werden sie eingesammelt und  den Eltern \u00fcbergeben. Die Schule \u00fcbernimmt f\u00fcr die Handys keinerlei  Haftung.<\/td>\n<\/tr>\n<tr bgcolor=\"#cff2d3\">\n<td><strong>Internet<\/strong><\/td>\n<td>Die  Schule verf\u00fcgt \u00fcber Internetanschl\u00fcsse in den Lernateliers, die zu  Lernzwecken genutzt werden k\u00f6nnen. Chatten und der Besuch von schul-  sowie zweckfremden Websites ist verboten. Downloads bed\u00fcrfen der  Bewilligung des Coaches. Den Internetauftritt unserer Schule finden sie  unter www.lebenlernen.com<\/td>\n<\/tr>\n<tr bgcolor=\"#e0efdc\">\n<td><strong>Informationen<\/strong><\/td>\n<td>Der  moderne Sch\u00fcler informiert sich st\u00e4ndig. Schulinterne Informationen  werden ausgeh\u00e4ngt, in Veranstaltungen bekannt gegeben oder den Eltern  schriftlich mitgeteilt.<\/td>\n<\/tr>\n<tr bgcolor=\"#cff2d3\">\n<td><strong>Jahresplan<\/strong><\/td>\n<td>Am  Ende des laufenden Schuljahres stellen die Coaches den neuen Jahresplan  vor, der mit den Sch\u00fclern erarbeitet wird. Elternvorschl\u00e4ge sind  herzlich willkommen. Kurzfristige \u00c4nderungen sind vorbehalten.<\/td>\n<\/tr>\n<tr bgcolor=\"#e0efdc\">\n<td><strong>Konflikte<\/strong><\/td>\n<td>Nicht  immer lassen sich Konflikte vermeiden. Es ist wichtig, den  konstruktiven Umgang mit ihnen zu lernen, um sich fair und  partnerschaftlich zu verhalten.<\/td>\n<\/tr>\n<tr bgcolor=\"#cff2d3\">\n<td><strong>Kompetenzraster<\/strong><\/td>\n<td>F\u00fcr  alle Fachbereiche werden Kompetenzraster entwickelt, die den  individuellen Lernstand widerspiegeln. Sie bilden die Grundlage f\u00fcr  pers\u00f6nliche Arbeits- und Lernpl\u00e4ne, sind transparent und  veranschaulichen den Eltern die individuellen St\u00e4rken und Schw\u00e4chen  ihrer Kinder.<\/td>\n<\/tr>\n<tr bgcolor=\"#e0efdc\">\n<td><strong>Kleidung<\/strong><\/td>\n<td>Eine  Schulkleidung gibt es zum gegenw\u00e4rtigen Zeitpunkt noch nicht.  Gewaltverherrlichende und den guten Geschmack verletzende Aufdrucke  geh\u00f6ren nicht in die Schule.<\/td>\n<\/tr>\n<tr bgcolor=\"#cff2d3\">\n<td><strong>Lehrer<\/strong><\/td>\n<td>Da unsere Mitarbeiter nicht nur lehren, sondern ihre Sch\u00fcler auch beraten und betreuen, lautet die Berufsbezeichnung Coach.<\/td>\n<\/tr>\n<tr bgcolor=\"#e0efdc\">\n<td><strong>Layout<\/strong><\/td>\n<td>Offene  Arbeitsformen sind f\u00fcr beide Seiten verbindlich. Mit Hilfe des Layouts  und in Absprache mit dem Coach organisieren die Sch\u00fcler ihre  Arbeitswoche. Sie setzen sich inhaltliche Schwerpunkte, planen alle  Arbeitsbereiche und lernen zugleich ihr Lern- und Arbeitsverhalten sowie  ihre Ergebnisse einzusch\u00e4tzen.<\/td>\n<\/tr>\n<tr bgcolor=\"#cff2d3\">\n<td><strong>Musik<\/strong><\/td>\n<td>Kunst  und Musik bereichern das Leben. Die f\u00fcr die Lernarbeit notwendigen  Ger\u00e4te stellt die Schule zur Verf\u00fcgung, f\u00fcr privat mitgebrachte  Abspielger\u00e4te haften wir nicht. Sie d\u00fcrfen nur in der Freizeit genutzt  werden und sind im Spind abzulegen.<\/td>\n<\/tr>\n<tr bgcolor=\"#e0efdc\">\n<td><strong>Medikamente<\/strong><\/td>\n<td>Wir  bitten die Eltern in jedem Fall eine ggf. notwendige  Medikamenteneinnahme mit dem Coach abzusprechen. Mitgebrachte,  verschreibungspflichtige Medikamente werden bei der Schulleitung  deponiert und den Sch\u00fclern ausgeh\u00e4ndigt.<\/td>\n<\/tr>\n<tr bgcolor=\"#cff2d3\">\n<td><strong>Nachhilfe<\/strong><\/td>\n<td>&#8230; ist f\u00fcr uns kein Thema.<\/td>\n<\/tr>\n<tr bgcolor=\"#e0efdc\">\n<td><strong>Nachmittagsveranstaltungen<\/strong><\/td>\n<td>Als Ganztagsschule unterbreiten wir nachmittags vielf\u00e4ltige Angebote, die den schulischen Informationen zu entnehmen sind.<\/td>\n<\/tr>\n<tr bgcolor=\"#cff2d3\">\n<td><strong>Ordnung<\/strong><\/td>\n<td>&#8230;  ist unbedingt n\u00f6tig, wenn es gilt, sich und das Zusammenleben zu  organisieren. Schulmaterialien sind systematisch abzulegen. Am Ende des  Tages ist der Arbeitsplatz aufger\u00e4umt zu hinterlassen.<\/td>\n<\/tr>\n<tr bgcolor=\"#e0efdc\">\n<td><strong>Optimismus<\/strong><\/td>\n<td>&#8230; ist unsere emotionale Grundhaltung.<\/td>\n<\/tr>\n<tr bgcolor=\"#cff2d3\">\n<td><strong>Offene T\u00fcr<\/strong><\/td>\n<td>1.  Wir arbeiten nicht hinter verschlossenen T\u00fcren. Wird es im Lernatelier  zu eng, weil die Sch\u00fclerpr\u00e4sentationen zu gro\u00df sind, k\u00f6nnen bei offener  T\u00fcr auch andere R\u00e4umlichkeiten genutzt werden. 2. Tag der offenen T\u00fcr  Allj\u00e4hrlich f\u00fchren wir den Tag der offenen T\u00fcr durch, an dem sich alle  Interessenten \u00fcber unser Schulkonzept und seine Umsetzung informieren  k\u00f6nnen. Unseren G\u00e4sten stehen alle T\u00fcren offen.<\/td>\n<\/tr>\n<tr bgcolor=\"#e0efdc\">\n<td><strong>Pr\u00fcfungsvorbereitungen (PV)<\/strong><\/td>\n<td>Mit  dem Eintritt in unsere Schule beginnt die Vorbereitung auf eine  weiterf\u00fchrende Ausbildung. In den Klassen 9 und 10 werden spezielle PV  angeboten, die der Ereichung des staatlichen Schulabschlusses dienen und  die in Zusammenarbeit mit den Coaches abgestimmt werden.<\/td>\n<\/tr>\n<tr bgcolor=\"#cff2d3\">\n<td><strong>Praktika<\/strong><\/td>\n<td>Auf dem Wege der Berufsfindung f\u00fchren die Sch\u00fcler ab Klasse 8 Praktika durch, die von der Schule vorbereitet und betreut werden.<\/td>\n<\/tr>\n<tr bgcolor=\"#e0efdc\">\n<td><strong>Pausen<\/strong><\/td>\n<td>Pausen dienen zur Erholung und zur Regeneration. Wenn es das Wetter zul\u00e4sst, verbringen wir sie im Freien und in Bewegung.<\/td>\n<\/tr>\n<tr bgcolor=\"#cff2d3\">\n<td><strong>P\u00fcnktlichkeit<\/strong><\/td>\n<td>Von 7.30 Uhr bis 8.00 Uhr bieten wir eine offene Eingangsphase. Um 8.00 Uhr werden wir mit der t\u00e4glichen Arbeit beginnen.<\/td>\n<\/tr>\n<tr bgcolor=\"#e0efdc\">\n<td><strong>Qualit\u00e4t<\/strong><\/td>\n<td>Wir  arbeiten nach dem Qualit\u00e4tsmanagementsystem DIN ISO 9001:2000. Als  Bildungseinrichtung sehen wir uns einem H\u00f6chstma\u00df an Qualit\u00e4t  verpflichtet.<\/td>\n<\/tr>\n<tr bgcolor=\"#cff2d3\">\n<td><strong>Regeln<\/strong><\/td>\n<td>An unserer Schule gelten die Regeln des fairen Miteinanders und der Schulordnung. Regelverst\u00f6\u00dfe ziehen Konsequenzen nach sich.<\/td>\n<\/tr>\n<tr bgcolor=\"#e0efdc\">\n<td><strong>Rauchen<\/strong><\/td>\n<td>Rauch  schadet der Gesundheit!!! Auf dem gesamten Schulgel\u00e4nde besteht  absolutes Rauchverbot. Werden Sch\u00fcler beim Rauchen erwischt, hat das  Konsequenzen. Bei wiederholter Zuwiderhandlung werden die Eltern  informiert, und es erfolgt eine Abmahnung.<\/td>\n<\/tr>\n<tr bgcolor=\"#cff2d3\">\n<td><strong>Sport<\/strong><\/td>\n<td>Der  Sportcoach begleitet die Sch\u00fcler bis Klasse 7auf dem Weg zwischen  Schule und Sporthalle und zur\u00fcck. Sportliche Ambitionen werden gezielt  gef\u00f6rdert. Sport dient dem allgemeinen Wohlbefinden.<\/td>\n<\/tr>\n<tr bgcolor=\"#e0efdc\">\n<td><strong>Sprachen<\/strong><\/td>\n<td>Im  Fremdsprachenunterricht ist die zu erlernende Sprache anzuwenden. Die  Sch\u00fcler haben die M\u00f6glichkeit, sich auf einen internationalen  Zertifikatskurs vorzubereiten.<\/td>\n<\/tr>\n<tr bgcolor=\"#cff2d3\">\n<td><strong>Sicherheit<\/strong><\/td>\n<td>L\u00f6schger\u00e4te  und Fluchtwege sind selbstverst\u00e4ndlich und f\u00fcr den Notfall gedacht.  Werden L\u00f6schger\u00e4te willk\u00fcrlich besch\u00e4digt, tragen die Eltern die Kosten  des Ersatzes. Aus Sicherheitsgr\u00fcnden werden gelegentlich  Brandschutz\u00fcbungen durchgef\u00fchrt.<\/td>\n<\/tr>\n<tr bgcolor=\"#e0efdc\">\n<td><strong>Selbstverantwortung<\/strong><\/td>\n<td>Ein  Grundziel unserer Schule besteht in der Heranbildung junger Menschen,  die sowohl im schulischen als auch im pers\u00f6nlichen, privaten Leben  Verantwortung f\u00fcr sich selbst tragen k\u00f6nnen.<\/td>\n<\/tr>\n<tr bgcolor=\"#cff2d3\">\n<td><strong>Schulfeste<\/strong><\/td>\n<td>Schulfeste  sind fester Bestandteil unseres Jahresplanes. Jedes Schuljahr beginnen  und beenden wir festlich. Weitere Festivit\u00e4ten werden langfristig  geplant.<\/td>\n<\/tr>\n<tr bgcolor=\"#e0efdc\">\n<td><strong>Schreiben \/ Schrift<\/strong><\/td>\n<td>Sowohl  bei der Anfertigung handschriftlicher Arbeiten, als auch bei der  Nutzung des Computers legen wir auf Sauberkeit und Sorgfalt gro\u00dfen Wert.  Zur F\u00f6rderung eines gut lesbaren Schriftbildes ist die Benutzung der  Anwenderprogramme in einigen Bereichen (z. B. Gedichthefter) untersagt.<\/td>\n<\/tr>\n<tr bgcolor=\"#cff2d3\">\n<td><strong>Versicherungen<\/strong><\/td>\n<td>Wir  gehen davon aus, dass alle Kinder kranken- und unfallversichert sind  und dass Haftpflichtversicherungen abgeschlossen wurden. F\u00fcr einen  Notfall k\u00f6nnen die Versicherungsdaten in den Sch\u00fclerunterlagen  hinterlegt werden.<\/td>\n<\/tr>\n<tr bgcolor=\"#e0efdc\">\n<td><strong>Wochenplan<\/strong><\/td>\n<td>Der  Wochenplan ersetzt das Hausaufgabenheft. Er ist Aufgabenheft,  Terminkalender und Nachschlagewerk und deshalb sorgf\u00e4ltig zu f\u00fchren.  Mangelhafte und besch\u00e4digte Pl\u00e4ne werden in der Freizeit in Ordnung  gebracht.<\/td>\n<\/tr>\n<\/tbody>\n<\/table>\n","protected":false},"excerpt":{"rendered":"<p>\u00c4rztliche Betreuung Sollte eine \u00e4rztliche Betreuung erforderlich sein, wird bei vorliegendem Einverst\u00e4ndnis der Eltern der zust\u00e4ndige Arzt hinzugezogen. Routinem\u00e4\u00dfige Arzt- und Zahnarztbesuche sind m\u00f6glichst in die unterrichtsfreie Zeit oder in den Ferien zu legen. Ausr\u00fcstung F\u00fcr den Besuch unserer Schule ist zur Zeit keine spezielle Ausr\u00fcstung notwendig. Eine Liste, die \u00fcber Schul- und Verbrauchermaterialien Auskunft<\/p>\n<div><a class=\"btn-filled btn\" href=\"https:\/\/www.lebenlernen.com\/sek_schoenebeck\/konzept\/glossar\/\" title=\"Glossar\">Read More<\/a><\/div>\n","protected":false},"author":1,"featured_media":0,"parent":2,"menu_order":0,"comment_status":"open","ping_status":"open","template":"","meta":{"footnotes":""},"class_list":["post-52","page","type-page","status-publish","hentry"],"_links":{"self":[{"href":"https:\/\/www.lebenlernen.com\/sek_schoenebeck\/wp-json\/wp\/v2\/pages\/52","targetHints":{"allow":["GET"]}}],"collection":[{"href":"https:\/\/www.lebenlernen.com\/sek_schoenebeck\/wp-json\/wp\/v2\/pages"}],"about":[{"href":"https:\/\/www.lebenlernen.com\/sek_schoenebeck\/wp-json\/wp\/v2\/types\/page"}],"author":[{"embeddable":true,"href":"https:\/\/www.lebenlernen.com\/sek_schoenebeck\/wp-json\/wp\/v2\/users\/1"}],"replies":[{"embeddable":true,"href":"https:\/\/www.lebenlernen.com\/sek_schoenebeck\/wp-json\/wp\/v2\/comments?post=52"}],"version-history":[{"count":0,"href":"https:\/\/www.lebenlernen.com\/sek_schoenebeck\/wp-json\/wp\/v2\/pages\/52\/revisions"}],"up":[{"embeddable":true,"href":"https:\/\/www.lebenlernen.com\/sek_schoenebeck\/wp-json\/wp\/v2\/pages\/2"}],"wp:attachment":[{"href":"https:\/\/www.lebenlernen.com\/sek_schoenebeck\/wp-json\/wp\/v2\/media?parent=52"}],"curies":[{"name":"wp","href":"https:\/\/api.w.org\/{rel}","templated":true}]}}