{"id":50,"date":"2010-08-04T10:05:47","date_gmt":"2010-08-04T10:05:47","guid":{"rendered":"http:\/\/www.lebenlernen.com\/sek-magdeburg\/?page_id=50"},"modified":"2010-08-07T15:51:56","modified_gmt":"2010-08-07T13:51:56","slug":"kosten","status":"publish","type":"page","link":"https:\/\/www.lebenlernen.com\/sek_schoenebeck\/konzept\/kosten\/","title":{"rendered":"Kosten"},"content":{"rendered":"<p>Ohne finanzielle Elternbeteiligung werden wir als freier Tr\u00e4ger die Schule nicht f\u00fchren k\u00f6nnen. Das Schulgeld umfasst die Unterrichtszeit sowie alle Betreuungs- und Aufenthaltszeiten. Kostenh\u00f6he und Zusammensetzung erl\u00e4utert Ihnen gern die Schulleiterin \/ der Schulleiter.<\/p>\n","protected":false},"excerpt":{"rendered":"<p>Ohne finanzielle Elternbeteiligung werden wir als freier Tr\u00e4ger die Schule nicht f\u00fchren k\u00f6nnen. Das Schulgeld umfasst die Unterrichtszeit sowie alle Betreuungs- und Aufenthaltszeiten. Kostenh\u00f6he und Zusammensetzung erl\u00e4utert Ihnen gern die Schulleiterin \/ der Schulleiter.<\/p>\n","protected":false},"author":1,"featured_media":0,"parent":2,"menu_order":0,"comment_status":"open","ping_status":"open","template":"","meta":{"footnotes":""},"class_list":["post-50","page","type-page","status-publish","hentry"],"_links":{"self":[{"href":"https:\/\/www.lebenlernen.com\/sek_schoenebeck\/wp-json\/wp\/v2\/pages\/50","targetHints":{"allow":["GET"]}}],"collection":[{"href":"https:\/\/www.lebenlernen.com\/sek_schoenebeck\/wp-json\/wp\/v2\/pages"}],"about":[{"href":"https:\/\/www.lebenlernen.com\/sek_schoenebeck\/wp-json\/wp\/v2\/types\/page"}],"author":[{"embeddable":true,"href":"https:\/\/www.lebenlernen.com\/sek_schoenebeck\/wp-json\/wp\/v2\/users\/1"}],"replies":[{"embeddable":true,"href":"https:\/\/www.lebenlernen.com\/sek_schoenebeck\/wp-json\/wp\/v2\/comments?post=50"}],"version-history":[{"count":0,"href":"https:\/\/www.lebenlernen.com\/sek_schoenebeck\/wp-json\/wp\/v2\/pages\/50\/revisions"}],"up":[{"embeddable":true,"href":"https:\/\/www.lebenlernen.com\/sek_schoenebeck\/wp-json\/wp\/v2\/pages\/2"}],"wp:attachment":[{"href":"https:\/\/www.lebenlernen.com\/sek_schoenebeck\/wp-json\/wp\/v2\/media?parent=50"}],"curies":[{"name":"wp","href":"https:\/\/api.w.org\/{rel}","templated":true}]}}