{"id":47,"date":"2010-08-04T10:05:17","date_gmt":"2010-08-04T10:05:17","guid":{"rendered":"http:\/\/www.lebenlernen.com\/sek-magdeburg\/?page_id=47"},"modified":"2010-08-04T10:05:21","modified_gmt":"2010-08-04T10:05:21","slug":"berufliche-orientierung","status":"publish","type":"page","link":"https:\/\/www.lebenlernen.com\/sek_schoenebeck\/konzept\/berufliche-orientierung\/","title":{"rendered":"Berufliche Orientierung"},"content":{"rendered":"<p>Die Schule plant f\u00fcr den individuellen Sch\u00fcler neben dem obligatorischen  Abschluss vor allem den berufsbildenden bzw. beruflichen Anschluss oder  den Anschluss an die Sekundarschule II und deren Abschluss Abitur.<\/p>\n<p>Entlang  der Kompetenzraster plant jeder Sch\u00fcler individuell seine  Anschlussm\u00f6glichkeiten, d.h. seine weiteren Bildungsabsichten und damit  seine Berufsorientierung. Den Anschluss an die Schule vorzubereiten ist  damit kein einmaliger Beratungsakt, sondern eine st\u00e4ndige Aufgabe f\u00fcr  Coach und Sch\u00fcler. Beide entscheiden gemeinsam, welche Lernerfolge der  Sch\u00fcler unbedingt ben\u00f6tigt, um das individuelle, pers\u00f6nliche Ziel zu  erreichen.<\/p>\n<p>Damit findet auch st\u00e4ndig eine individuelle Beratung  sowohl der Sch\u00fcler als auch der Eltern statt, was die Bildungschancen  angeht. So werden alle M\u00f6glichkeiten des Bildungs- und  Ausbildungssystems an der Schule, aber auch dar\u00fcber hinaus genutzt. D.h.  auch die Berufswahlvorbereitung ist eine st\u00e4ndige Einrichtung, die  neben den \u00fcblichen Beratungen (wie Betriebserkundung,  Bewerbungstraining, Praktika) eine konsequente Lebensplanung sichert.  Dies wird an unseren Schulen unterschiedlich umgesetzt.<\/p>\n","protected":false},"excerpt":{"rendered":"<p>Die Schule plant f\u00fcr den individuellen Sch\u00fcler neben dem obligatorischen Abschluss vor allem den berufsbildenden bzw. beruflichen Anschluss oder den Anschluss an die Sekundarschule II und deren Abschluss Abitur. Entlang der Kompetenzraster plant jeder Sch\u00fcler individuell seine Anschlussm\u00f6glichkeiten, d.h. seine weiteren Bildungsabsichten und damit seine Berufsorientierung. Den Anschluss an die Schule vorzubereiten ist damit kein<\/p>\n<div><a class=\"btn-filled btn\" href=\"https:\/\/www.lebenlernen.com\/sek_schoenebeck\/konzept\/berufliche-orientierung\/\" title=\"Berufliche Orientierung\">Read More<\/a><\/div>\n","protected":false},"author":1,"featured_media":0,"parent":2,"menu_order":0,"comment_status":"open","ping_status":"open","template":"","meta":{"footnotes":""},"class_list":["post-47","page","type-page","status-publish","hentry"],"_links":{"self":[{"href":"https:\/\/www.lebenlernen.com\/sek_schoenebeck\/wp-json\/wp\/v2\/pages\/47","targetHints":{"allow":["GET"]}}],"collection":[{"href":"https:\/\/www.lebenlernen.com\/sek_schoenebeck\/wp-json\/wp\/v2\/pages"}],"about":[{"href":"https:\/\/www.lebenlernen.com\/sek_schoenebeck\/wp-json\/wp\/v2\/types\/page"}],"author":[{"embeddable":true,"href":"https:\/\/www.lebenlernen.com\/sek_schoenebeck\/wp-json\/wp\/v2\/users\/1"}],"replies":[{"embeddable":true,"href":"https:\/\/www.lebenlernen.com\/sek_schoenebeck\/wp-json\/wp\/v2\/comments?post=47"}],"version-history":[{"count":0,"href":"https:\/\/www.lebenlernen.com\/sek_schoenebeck\/wp-json\/wp\/v2\/pages\/47\/revisions"}],"up":[{"embeddable":true,"href":"https:\/\/www.lebenlernen.com\/sek_schoenebeck\/wp-json\/wp\/v2\/pages\/2"}],"wp:attachment":[{"href":"https:\/\/www.lebenlernen.com\/sek_schoenebeck\/wp-json\/wp\/v2\/media?parent=47"}],"curies":[{"name":"wp","href":"https:\/\/api.w.org\/{rel}","templated":true}]}}