{"id":36,"date":"2010-08-04T09:53:53","date_gmt":"2010-08-04T09:53:53","guid":{"rendered":"http:\/\/www.lebenlernen.com\/sek-magdeburg\/?page_id=36"},"modified":"2017-12-08T10:54:51","modified_gmt":"2017-12-08T10:54:51","slug":"paedagogik","status":"publish","type":"page","link":"https:\/\/www.lebenlernen.com\/sek_schoenebeck\/konzept\/paedagogik\/","title":{"rendered":"P\u00e4dagogik"},"content":{"rendered":"<p>Wir wollen mit unserer Philosophie von Selbstorganisation, Eigeninitiative und Selbstwirksamkeit dem Sch\u00fcler eine erfolgreiche Lebensgestaltung erm\u00f6glichen. Grundlage daf\u00fcr ist unser Glaube an die eigenen F\u00e4higkeiten und die systematische Entwicklung fachlicher, sozialer und personaler Kompetenzen in einem p\u00e4dagogisch betreuten und begleiteten Lernumfeld, das viel Raum f\u00fcr Kreativit\u00e4t zul\u00e4sst.<\/p>\n<p><strong>Der Weg ist das Ziel &#8211; Das Sch\u00fclerorientierte Lernen<\/strong><br \/>\nDie systematische F\u00f6rderung pers\u00f6nlicher Lern- und Arbeitstechniken z\u00e4hlt zu den wichtigen Zielen unserer P\u00e4dagogik. &#8222;Gewusst wie&#8220; hei\u00dft die Devise. Dazu geh\u00f6ren Reflexion und Bewusstsein \u00fcber Lernprozesse (Wochenplanung).<\/p>\n<p>Lernen bei LebenLernen (ein Muster):<\/p>\n<ul>\n<li>Individuelle Lernausgangslage<\/li>\n<li>Angestrebte Ziele im Lernjahr, -monat<\/li>\n<li>Ma\u00dfnahmen zur Zielerreichung<\/li>\n<li>Einsch\u00e4tzung des Lernerfolgs<\/li>\n<\/ul>\n<p><strong>Die Funktion des Lehrers<\/strong><br \/>\nSeine Aufgabe ist es: Dem Kind Hilfe zur Selbsthilfe zu geben. Der Sch\u00fcler steht im Mittelpunkt des Lerngeschehens und ist der aktive Teil. Dabei ist es auf Unterst\u00fctzung angewiesen, auf Beratung und Feedback. Dauernd finden so Beratungsgespr\u00e4che zwischen\u00a0Lehrer und Sch\u00fcler statt, ob terminlich vereinbart oder &#8222;ambulant&#8220;.<\/p>\n<p>Schule ist Arbeitsort. Die Zusammenarbeit auf der Basis der permanenten gegenseitigen Verf\u00fcgbarkeit erleichtert die Kommunikation erheblich, l\u00f6st Probleme &#8222;ambulant&#8220;.<\/p>\n<p>Indem wir den Unterricht vom Lernen des Sch\u00fclers aus betrachten, gestalten wir unsere Schule kooperativ, Team bildend und individualisierend. Somit wird das Lernen ein konstruktiver Vorgang, der die wesentlichen drei &#8222;Lehrer&#8220; nutzt, n\u00e4mlich:<\/p>\n<ul>\n<li>Die Mitsch\u00fcler aus den verschiedenen Jahrg\u00e4ngen<\/li>\n<li>Den Lehrer<\/li>\n<li>Die Lernumgebung<\/li>\n<\/ul>\n<p><strong>Die Lernorte: Forum, bewegter Klassenraum, Lernatelier<\/strong><br \/>\nDas herk\u00f6mmliche Schulzimmer ist ein Lernort, der durch\u00a0weitere Lern- und Arbeitsr\u00e4ume erg\u00e4nzt wird. Pers\u00f6nliche Arbeitspl\u00e4tze, Computer-Arbeitspl\u00e4tze mit Netzwerkanschluss sowie Pr\u00e4sentations- und Visualisierungsmedien schaffen eine kreative, f\u00f6rdernde Arbeitsatmosph\u00e4re f\u00fcr Lernteams.<\/p>\n<p>Wir gewinnen den Raum als zus\u00e4tzlichen &#8222;P\u00e4dagogen&#8220;. Ein Element unseres p\u00e4dagogischen Ansatzes ist der von uns geplante Lernort und die Lernumgebung.<\/p>\n<p>Eher &#8222;privat&#8220; wirkende individuelle Komponenten mit einem Schreibtisch, Rollcontainer sowie Regalen, Farben usw. schaffen die Atmosph\u00e4re eines Lernateliers. Insbesondere die Aufgaben zu \u00dcbung, Wiederholung und Anwendung werden systematisch im Lernatelier durchgef\u00fchrt, in einer &#8222;Fl\u00fcsteratmosph\u00e4re&#8220;, in der ein Sch\u00fcler auch den anderen Sch\u00fcler als Partner nutzt und damit bewusst das soziale Lernen eingesetzt wird. Die soziale Kompetenz wird in Einklang mit Selbstkompetenz erfahrbar gemacht.<\/p>\n<p>Die Schwerpunkte unseres Schulcurriculums<\/p>\n<ul>\n<li>Erwerb von Kompetenzen zur Lebensbew\u00e4ltigung<\/li>\n<li>Kommunikations-, Sprach- und Medienkompetenz<\/li>\n<li>Naturwissenschaftlich-mathematische Kompetenz<\/li>\n<li>Ganzheitliches soziales und interkulturelles Lernen<\/li>\n<li>Verkn\u00fcpfung von schulischer und handwerklicher Bildung<\/li>\n<li>Gesundheitserziehung, Bewegung und Ern\u00e4hrung<\/li>\n<li>Verantwortung f\u00fcr Gesellschaft, Umwelt und nachhaltige Zukunft<\/li>\n<\/ul>\n<p><strong>Der Lehrplan wird zum Lernplan:<\/strong><br \/>\nWir orientieren uns an dem vorgegebenen Lehrplan des Landes Sachsen-Anhalt, d.h. den Rahmenrichtlinien f\u00fcr die Sekundarschule.<\/p>\n<p>&nbsp;<\/p>\n","protected":false},"excerpt":{"rendered":"<p>Wir wollen mit unserer Philosophie von Selbstorganisation, Eigeninitiative und Selbstwirksamkeit dem Sch\u00fcler eine erfolgreiche Lebensgestaltung erm\u00f6glichen. Grundlage daf\u00fcr ist unser Glaube an die eigenen F\u00e4higkeiten und die systematische Entwicklung fachlicher, sozialer und personaler Kompetenzen in einem p\u00e4dagogisch betreuten und begleiteten Lernumfeld, das viel Raum f\u00fcr Kreativit\u00e4t zul\u00e4sst. Der Weg ist das Ziel &#8211; Das Sch\u00fclerorientierte<\/p>\n<div><a class=\"btn-filled btn\" href=\"https:\/\/www.lebenlernen.com\/sek_schoenebeck\/konzept\/paedagogik\/\" title=\"P\u00e4dagogik\">Read More<\/a><\/div>\n","protected":false},"author":1,"featured_media":0,"parent":2,"menu_order":0,"comment_status":"open","ping_status":"closed","template":"","meta":{"footnotes":""},"class_list":["post-36","page","type-page","status-publish","hentry"],"_links":{"self":[{"href":"https:\/\/www.lebenlernen.com\/sek_schoenebeck\/wp-json\/wp\/v2\/pages\/36","targetHints":{"allow":["GET"]}}],"collection":[{"href":"https:\/\/www.lebenlernen.com\/sek_schoenebeck\/wp-json\/wp\/v2\/pages"}],"about":[{"href":"https:\/\/www.lebenlernen.com\/sek_schoenebeck\/wp-json\/wp\/v2\/types\/page"}],"author":[{"embeddable":true,"href":"https:\/\/www.lebenlernen.com\/sek_schoenebeck\/wp-json\/wp\/v2\/users\/1"}],"replies":[{"embeddable":true,"href":"https:\/\/www.lebenlernen.com\/sek_schoenebeck\/wp-json\/wp\/v2\/comments?post=36"}],"version-history":[{"count":0,"href":"https:\/\/www.lebenlernen.com\/sek_schoenebeck\/wp-json\/wp\/v2\/pages\/36\/revisions"}],"up":[{"embeddable":true,"href":"https:\/\/www.lebenlernen.com\/sek_schoenebeck\/wp-json\/wp\/v2\/pages\/2"}],"wp:attachment":[{"href":"https:\/\/www.lebenlernen.com\/sek_schoenebeck\/wp-json\/wp\/v2\/media?parent=36"}],"curies":[{"name":"wp","href":"https:\/\/api.w.org\/{rel}","templated":true}]}}