{"id":15,"date":"2010-08-03T18:00:15","date_gmt":"2010-08-03T18:00:15","guid":{"rendered":"http:\/\/www.lebenlernen.com\/sek-magdeburg\/?page_id=15"},"modified":"2016-07-01T07:24:38","modified_gmt":"2016-07-01T07:24:38","slug":"coaches","status":"publish","type":"page","link":"https:\/\/www.lebenlernen.com\/sek_schoenebeck\/unternehmen\/coaches\/","title":{"rendered":"Lehrer"},"content":{"rendered":"<p>Die\u00a0Lehrer \u00fcbernehmen die Betreuung und Verantwortung f\u00fcr ihre Sch\u00fcler \u00fcber den gesamten Zeitraum der Sekundarstufe I von insgesamt 6 Jahren.<\/p>\n<p>Die Aufgabe des\u00a0Lehrers besteht darin, dem Kind Hilfe zur Selbsthilfe zu geben. Der Sch\u00fcler steht im Mittelpunkt des Lerngeschehens und ist der aktive Teil. Dabei ist es auf Unterst\u00fctzung angewiesen, auf Beratung und Feedback. Dauernd finden so Beratungsgespr\u00e4che zwischen\u00a0Lehrer und Sch\u00fcler statt, ob terminlich vereinbart oder &#8222;ambulant&#8220;.<\/p>\n<p>Da die Schule zugleich Arbeitsort ist, wird die Zusammenarbeit und die Kommunikation auf der Basis der permanenten gegenseitigen Verf\u00fcgbarkeit erheblich erleichtert. Probleme k\u00f6nnen &#8222;ambulant&#8220; gel\u00f6st werden, und spezielle Inszenierungen wie Sonderkonferenzen o.\u00e4. sind nicht mehr n\u00f6tig.<\/p>\n<p>Der\u00a0Lehrer unterst\u00fctzt und ber\u00e4t den Sch\u00fcler bei der Definition seines w\u00f6chentlichen, monatlichen bzw. j\u00e4hrlichen Lernziels.<\/p>\n","protected":false},"excerpt":{"rendered":"<p>Die\u00a0Lehrer \u00fcbernehmen die Betreuung und Verantwortung f\u00fcr ihre Sch\u00fcler \u00fcber den gesamten Zeitraum der Sekundarstufe I von insgesamt 6 Jahren. Die Aufgabe des\u00a0Lehrers besteht darin, dem Kind Hilfe zur Selbsthilfe zu geben. Der Sch\u00fcler steht im Mittelpunkt des Lerngeschehens und ist der aktive Teil. Dabei ist es auf Unterst\u00fctzung angewiesen, auf Beratung und Feedback. Dauernd<\/p>\n<div><a class=\"btn-filled btn\" href=\"https:\/\/www.lebenlernen.com\/sek_schoenebeck\/unternehmen\/coaches\/\" title=\"Lehrer\">Read More<\/a><\/div>\n","protected":false},"author":1,"featured_media":0,"parent":10,"menu_order":0,"comment_status":"open","ping_status":"open","template":"","meta":{"footnotes":""},"class_list":["post-15","page","type-page","status-publish","hentry"],"_links":{"self":[{"href":"https:\/\/www.lebenlernen.com\/sek_schoenebeck\/wp-json\/wp\/v2\/pages\/15","targetHints":{"allow":["GET"]}}],"collection":[{"href":"https:\/\/www.lebenlernen.com\/sek_schoenebeck\/wp-json\/wp\/v2\/pages"}],"about":[{"href":"https:\/\/www.lebenlernen.com\/sek_schoenebeck\/wp-json\/wp\/v2\/types\/page"}],"author":[{"embeddable":true,"href":"https:\/\/www.lebenlernen.com\/sek_schoenebeck\/wp-json\/wp\/v2\/users\/1"}],"replies":[{"embeddable":true,"href":"https:\/\/www.lebenlernen.com\/sek_schoenebeck\/wp-json\/wp\/v2\/comments?post=15"}],"version-history":[{"count":0,"href":"https:\/\/www.lebenlernen.com\/sek_schoenebeck\/wp-json\/wp\/v2\/pages\/15\/revisions"}],"up":[{"embeddable":true,"href":"https:\/\/www.lebenlernen.com\/sek_schoenebeck\/wp-json\/wp\/v2\/pages\/10"}],"wp:attachment":[{"href":"https:\/\/www.lebenlernen.com\/sek_schoenebeck\/wp-json\/wp\/v2\/media?parent=15"}],"curies":[{"name":"wp","href":"https:\/\/api.w.org\/{rel}","templated":true}]}}