{"id":6,"date":"2010-08-07T13:04:47","date_gmt":"2010-08-07T13:04:47","guid":{"rendered":"http:\/\/www.lebenlernen.com\/sek-schneidlingen\/?page_id=6"},"modified":"2018-12-14T14:24:42","modified_gmt":"2018-12-14T14:24:42","slug":"unternehmen","status":"publish","type":"page","link":"https:\/\/www.lebenlernen.com\/sek_schneidlingen\/unternehmen\/","title":{"rendered":"Unternehmen"},"content":{"rendered":"<div>\n<p>Der Tr\u00e4ger unserer Sekundarschule LebenLernen Schneidlingen ist die Oskar K\u00e4mmer Schule <a href=\"http:\/\/www.oks.de\/\" target=\"_blank\">www.oks.de<\/a>.<\/p>\n<p>Die  Oskar K\u00e4mmer Schule ist eine gemeinn\u00fctzige Bildungsgesellschaft   mbH,  die sich der schulischen Allgemeinbildung und der schulischen    Berufsausbildung in staatlich anerkannten Schulzweigen widmet sowie der    Erwachsenenbildung als auch Arbeitsmarktdienstleistungen. Sie ist    hervorgegangen aus der Oskar-K\u00e4mmer-Schule, die 1945 von Hilde und Oskar    K\u00e4mmer in Braunschweig gegr\u00fcndet wurde.  Mit einer mehr als 60 Jahre    umfassenden Tradition genie\u00dft die Oskar K\u00e4mmer Schule im \u00f6stlichen    Niedersachsen und in Sachsen-Anhalt ein hohes Ansehen als kompetenter    Partner f\u00fcr Bildung.<\/p>\n<p>Hauptsitz der Oskar K\u00e4mmer Schule ist in Braunschweig.<\/p>\n<p>Die  Oskar K\u00e4mmer Schule versteht sich als modernes    Dienstleistungsunternehmen, in dem alle \u2013 Sch\u00fcler und Lehrer,    Verwaltungskr\u00e4fte sowie Schul- und Gesch\u00e4ftsleitung \u2013 lebendig lernen.<\/p>\n<\/div>\n","protected":false},"excerpt":{"rendered":"<p>Der Tr\u00e4ger unserer Sekundarschule LebenLernen Schneidlingen ist die Oskar K\u00e4mmer Schule www.oks.de. Die Oskar K\u00e4mmer Schule ist eine gemeinn\u00fctzige Bildungsgesellschaft mbH, die sich der schulischen Allgemeinbildung und der schulischen Berufsausbildung in staatlich anerkannten Schulzweigen widmet sowie der Erwachsenenbildung als auch Arbeitsmarktdienstleistungen. Sie ist hervorgegangen aus der Oskar-K\u00e4mmer-Schule, die 1945 von Hilde und Oskar K\u00e4mmer in<\/p>\n<div><a class=\"btn-filled btn\" href=\"https:\/\/www.lebenlernen.com\/sek_schneidlingen\/unternehmen\/\" title=\"Unternehmen\">Read More<\/a><\/div>\n","protected":false},"author":1,"featured_media":0,"parent":0,"menu_order":2,"comment_status":"closed","ping_status":"closed","template":"","meta":{"ngg_post_thumbnail":0,"_mc_calendar":[],"footnotes":""},"class_list":["post-6","page","type-page","status-publish","hentry"],"_links":{"self":[{"href":"https:\/\/www.lebenlernen.com\/sek_schneidlingen\/wp-json\/wp\/v2\/pages\/6","targetHints":{"allow":["GET"]}}],"collection":[{"href":"https:\/\/www.lebenlernen.com\/sek_schneidlingen\/wp-json\/wp\/v2\/pages"}],"about":[{"href":"https:\/\/www.lebenlernen.com\/sek_schneidlingen\/wp-json\/wp\/v2\/types\/page"}],"author":[{"embeddable":true,"href":"https:\/\/www.lebenlernen.com\/sek_schneidlingen\/wp-json\/wp\/v2\/users\/1"}],"replies":[{"embeddable":true,"href":"https:\/\/www.lebenlernen.com\/sek_schneidlingen\/wp-json\/wp\/v2\/comments?post=6"}],"version-history":[{"count":0,"href":"https:\/\/www.lebenlernen.com\/sek_schneidlingen\/wp-json\/wp\/v2\/pages\/6\/revisions"}],"wp:attachment":[{"href":"https:\/\/www.lebenlernen.com\/sek_schneidlingen\/wp-json\/wp\/v2\/media?parent=6"}],"curies":[{"name":"wp","href":"https:\/\/api.w.org\/{rel}","templated":true}]}}