{"id":52,"date":"2010-08-07T14:53:43","date_gmt":"2010-08-07T14:53:43","guid":{"rendered":"http:\/\/www.lebenlernen.com\/sek-schneidlingen\/?page_id=52"},"modified":"2023-11-03T09:46:24","modified_gmt":"2023-11-03T09:46:24","slug":"schulleitung","status":"publish","type":"page","link":"https:\/\/www.lebenlernen.com\/sek_schneidlingen\/unternehmen\/schulleitung\/","title":{"rendered":"Schulleitung"},"content":{"rendered":"<p>Elke Atzler (Schulleiterin)<br \/>\nEmail: <a href=\"mailto:e.atzler@oks.de\">e.atzler@oks.de<\/a><\/p>\n<p>Till Seidel (stellv. Schulleiter)<\/p>\n<p>Email: <a href=\"_wp_link_placeholder\" data-wplink-edit=\"true\">t.seidel@oks.de<\/a><\/p>\n<p><strong>Schulanschrift:<\/strong><br \/>\nHeinrich-Heine-Stra\u00dfe 18<br \/>\n39444 Hecklingen OT Schneidlingen<\/p>\n<p>Telefon: 039267\/ 64 355<br \/>\nFax: 039267\/ 64 690<\/p>\n<hr \/>\n<h3>Gesch\u00e4ftsbereichsleitung<\/h3>\n<p>Ingolf F\u00f6lsch- Gesch\u00e4ftsf\u00fchrer<\/p>\n<p>Oskar K\u00e4mmer Schule<br \/>\nIlsenburger Str. 31<\/p>\n<p>38855 Wernigerode<\/p>\n","protected":false},"excerpt":{"rendered":"<p>Elke Atzler (Schulleiterin) Email: e.atzler@oks.de Till Seidel (stellv. Schulleiter) Email: t.seidel@oks.de Schulanschrift: Heinrich-Heine-Stra\u00dfe 18 39444 Hecklingen OT Schneidlingen Telefon: 039267\/ 64 355 Fax: 039267\/ 64 690 Gesch\u00e4ftsbereichsleitung Ingolf F\u00f6lsch- Gesch\u00e4ftsf\u00fchrer Oskar K\u00e4mmer Schule Ilsenburger Str. 31 38855 Wernigerode<\/p>\n","protected":false},"author":1,"featured_media":0,"parent":6,"menu_order":0,"comment_status":"closed","ping_status":"closed","template":"","meta":{"ngg_post_thumbnail":0,"_mc_calendar":[],"footnotes":""},"class_list":["post-52","page","type-page","status-publish","hentry"],"_links":{"self":[{"href":"https:\/\/www.lebenlernen.com\/sek_schneidlingen\/wp-json\/wp\/v2\/pages\/52","targetHints":{"allow":["GET"]}}],"collection":[{"href":"https:\/\/www.lebenlernen.com\/sek_schneidlingen\/wp-json\/wp\/v2\/pages"}],"about":[{"href":"https:\/\/www.lebenlernen.com\/sek_schneidlingen\/wp-json\/wp\/v2\/types\/page"}],"author":[{"embeddable":true,"href":"https:\/\/www.lebenlernen.com\/sek_schneidlingen\/wp-json\/wp\/v2\/users\/1"}],"replies":[{"embeddable":true,"href":"https:\/\/www.lebenlernen.com\/sek_schneidlingen\/wp-json\/wp\/v2\/comments?post=52"}],"version-history":[{"count":2,"href":"https:\/\/www.lebenlernen.com\/sek_schneidlingen\/wp-json\/wp\/v2\/pages\/52\/revisions"}],"predecessor-version":[{"id":2516,"href":"https:\/\/www.lebenlernen.com\/sek_schneidlingen\/wp-json\/wp\/v2\/pages\/52\/revisions\/2516"}],"up":[{"embeddable":true,"href":"https:\/\/www.lebenlernen.com\/sek_schneidlingen\/wp-json\/wp\/v2\/pages\/6"}],"wp:attachment":[{"href":"https:\/\/www.lebenlernen.com\/sek_schneidlingen\/wp-json\/wp\/v2\/media?parent=52"}],"curies":[{"name":"wp","href":"https:\/\/api.w.org\/{rel}","templated":true}]}}