{"id":43,"date":"2010-08-07T14:33:03","date_gmt":"2010-08-07T14:33:03","guid":{"rendered":"http:\/\/www.lebenlernen.com\/sek-schneidlingen\/?page_id=43"},"modified":"2024-08-21T06:54:18","modified_gmt":"2024-08-21T06:54:18","slug":"coaches","status":"publish","type":"page","link":"https:\/\/www.lebenlernen.com\/sek_schneidlingen\/unternehmen\/coaches\/","title":{"rendered":"Coaches"},"content":{"rendered":"<p>Die Funktion des Lehrers \u00e4ndert sich in unserer Schule LebenLernen\u00ae grundlegend. Wir m\u00f6chten weg vom &#8222;Wissensvermittler&#8220;\u00a0 und hin zum Lernassistenten des Sch\u00fclers, sofern dieser es zul\u00e4sst.<\/p>\n<p>Wir\u00a0\u00fcbernehmen die Betreuung und Verantwortung f\u00fcr ihre Sch\u00fcler \u00fcber den gesamten Zeitraum der Sekundarstufe I von insgesamt 6 Jahren.<\/p>\n<p>Unsere Aufgabe\u00a0besteht darin, dem Kind Hilfe zur Selbsthilfe zu geben. Der Sch\u00fcler steht im Mittelpunkt des Lerngeschehens und\u00a0sollte der aktive Teil seiner Lernfirma sein.<\/p>\n<p>Dabei ist er auf Unterst\u00fctzung angewiesen, auf Beratung und Feedback. Dauernd finden so Beratungsgespr\u00e4che zwischen Coach und Sch\u00fcler (und ggf Elternhaus)\u00a0statt, ob terminlich vereinbart oder &#8222;ambulant&#8220;.<\/p>\n<p>Da die Schule zugleich Arbeitsort ist, werden die Zusammenarbeit und die Kommunikation auf der Basis der permanenten gegenseitigen Verf\u00fcgbarkeit erheblich erleichtert. Probleme k\u00f6nnen &#8222;ambulant&#8220; gel\u00f6st werden.<\/p>\n<p>Ein\u00a0Coach unterst\u00fctzt und ber\u00e4t den Sch\u00fcler bei der Definition seines Lernziels. Der Jugendliche dokumentiert\u00a0 in Pr\u00e4sentationen und\/oder in Lernerfolgskontrollen seinen individuellen Lernerfolg.<br \/>\n<strong>Klassencoaches an unserer Schule im Schuljahr 2024\/25<\/strong><\/p>\n<table  class=\" table table-hover\" border=\"0\">\n<tbody>\n<tr>\n<td>Klasse<\/td>\n<td>verantwortlicher Coach<\/td>\n<\/tr>\n<tr>\n<td>5<\/td>\n<td>Herr Schulte\/Herr Malecha<\/td>\n<\/tr>\n<tr>\n<td>6<\/td>\n<td>Frau Wendler<\/td>\n<\/tr>\n<tr>\n<td>7<\/td>\n<td>Frau Engelhardt<\/td>\n<\/tr>\n<tr>\n<td>8<\/td>\n<td>Herr Seidel<\/td>\n<\/tr>\n<tr>\n<td>9<\/td>\n<td>Frau Schwarz<\/td>\n<\/tr>\n<tr>\n<td>10<\/td>\n<td>Frau Otto<\/td>\n<\/tr>\n<\/tbody>\n<\/table>\n<p><strong>weitere Coaches:<\/strong><\/p>\n<ul>\n<li>Frau Atzler (Bio, Kunst)<\/li>\n<li>Frau Hosang( Hw, WpK)<\/li>\n<li>Herr Dr. Schubert (Mu Kl. 9\/10)<\/li>\n<li>Frau Litzenberger (Deu, Eng, Frz, Sch\u00fclerzeitung)<\/li>\n<li>Frau Dittmar (Mu Kl. 5-8)<\/li>\n<\/ul>\n<p><strong>p\u00e4dagogische Mitarbeiterin:<\/strong><\/p>\n<ul>\n<li>Frau Lohe<\/li>\n<\/ul>\n<p><b>FSJ:<\/b><\/p>\n<p>&#8211; \u00a0Frau Schneider<\/p>\n","protected":false},"excerpt":{"rendered":"<p>Die Funktion des Lehrers \u00e4ndert sich in unserer Schule LebenLernen\u00ae grundlegend. Wir m\u00f6chten weg vom &#8222;Wissensvermittler&#8220;\u00a0 und hin zum Lernassistenten des Sch\u00fclers, sofern dieser es zul\u00e4sst. Wir\u00a0\u00fcbernehmen die Betreuung und Verantwortung f\u00fcr ihre Sch\u00fcler \u00fcber den gesamten Zeitraum der Sekundarstufe I von insgesamt 6 Jahren. Unsere Aufgabe\u00a0besteht darin, dem Kind Hilfe zur Selbsthilfe zu geben.<\/p>\n<div><a class=\"btn-filled btn\" href=\"https:\/\/www.lebenlernen.com\/sek_schneidlingen\/unternehmen\/coaches\/\" title=\"Coaches\">Read More<\/a><\/div>\n","protected":false},"author":1,"featured_media":0,"parent":6,"menu_order":0,"comment_status":"closed","ping_status":"closed","template":"","meta":{"ngg_post_thumbnail":0,"_mc_calendar":[],"footnotes":""},"class_list":["post-43","page","type-page","status-publish","hentry"],"_links":{"self":[{"href":"https:\/\/www.lebenlernen.com\/sek_schneidlingen\/wp-json\/wp\/v2\/pages\/43","targetHints":{"allow":["GET"]}}],"collection":[{"href":"https:\/\/www.lebenlernen.com\/sek_schneidlingen\/wp-json\/wp\/v2\/pages"}],"about":[{"href":"https:\/\/www.lebenlernen.com\/sek_schneidlingen\/wp-json\/wp\/v2\/types\/page"}],"author":[{"embeddable":true,"href":"https:\/\/www.lebenlernen.com\/sek_schneidlingen\/wp-json\/wp\/v2\/users\/1"}],"replies":[{"embeddable":true,"href":"https:\/\/www.lebenlernen.com\/sek_schneidlingen\/wp-json\/wp\/v2\/comments?post=43"}],"version-history":[{"count":2,"href":"https:\/\/www.lebenlernen.com\/sek_schneidlingen\/wp-json\/wp\/v2\/pages\/43\/revisions"}],"predecessor-version":[{"id":2631,"href":"https:\/\/www.lebenlernen.com\/sek_schneidlingen\/wp-json\/wp\/v2\/pages\/43\/revisions\/2631"}],"up":[{"embeddable":true,"href":"https:\/\/www.lebenlernen.com\/sek_schneidlingen\/wp-json\/wp\/v2\/pages\/6"}],"wp:attachment":[{"href":"https:\/\/www.lebenlernen.com\/sek_schneidlingen\/wp-json\/wp\/v2\/media?parent=43"}],"curies":[{"name":"wp","href":"https:\/\/api.w.org\/{rel}","templated":true}]}}