{"id":37,"date":"2010-08-07T14:24:20","date_gmt":"2010-08-07T14:24:20","guid":{"rendered":"http:\/\/www.lebenlernen.com\/sek-schneidlingen\/?page_id=37"},"modified":"2018-11-02T10:17:56","modified_gmt":"2018-11-02T10:17:56","slug":"ziele","status":"publish","type":"page","link":"https:\/\/www.lebenlernen.com\/sek_schneidlingen\/konzept\/ziele\/","title":{"rendered":"Ziele"},"content":{"rendered":"<p>Jugendliche, die<\/p>\n<ul>\n<li>das Verstehen und Reflektieren lernen &#8211; nicht das Auswendiglernen<\/li>\n<li>gest\u00e4rkt und selbstbewusst sind<\/li>\n<li>\u00fcber gepflegte Umgangsformen verf\u00fcgen<\/li>\n<li>selbst organisiert sind und eigene Verantwortung tragen<\/li>\n<li>fachliche, soziale und personale Kompetenzen aufweisen<\/li>\n<li>Erfolge mit damit verbundenem Wohlbefinden \u00a0verdeutlicht bekommen\/ erfahren haben<\/li>\n<li>wissen, dass der Weg und das Wie des Lernens schon das Ziel ist<\/li>\n<li>die Schule erfolgreich beenden<\/li>\n<li>Anschl\u00fcsse f\u00fcr die berufliche Bildung selbstst\u00e4ndig finden<\/li>\n<\/ul>\n","protected":false},"excerpt":{"rendered":"<p>Jugendliche, die das Verstehen und Reflektieren lernen &#8211; nicht das Auswendiglernen gest\u00e4rkt und selbstbewusst sind \u00fcber gepflegte Umgangsformen verf\u00fcgen selbst organisiert sind und eigene Verantwortung tragen fachliche, soziale und personale Kompetenzen aufweisen Erfolge mit damit verbundenem Wohlbefinden \u00a0verdeutlicht bekommen\/ erfahren haben wissen, dass der Weg und das Wie des Lernens schon das Ziel ist die<\/p>\n<div><a class=\"btn-filled btn\" href=\"https:\/\/www.lebenlernen.com\/sek_schneidlingen\/konzept\/ziele\/\" title=\"Ziele\">Read More<\/a><\/div>\n","protected":false},"author":1,"featured_media":0,"parent":2,"menu_order":0,"comment_status":"closed","ping_status":"closed","template":"","meta":{"ngg_post_thumbnail":0,"_mc_calendar":[],"footnotes":""},"class_list":["post-37","page","type-page","status-publish","hentry"],"_links":{"self":[{"href":"https:\/\/www.lebenlernen.com\/sek_schneidlingen\/wp-json\/wp\/v2\/pages\/37","targetHints":{"allow":["GET"]}}],"collection":[{"href":"https:\/\/www.lebenlernen.com\/sek_schneidlingen\/wp-json\/wp\/v2\/pages"}],"about":[{"href":"https:\/\/www.lebenlernen.com\/sek_schneidlingen\/wp-json\/wp\/v2\/types\/page"}],"author":[{"embeddable":true,"href":"https:\/\/www.lebenlernen.com\/sek_schneidlingen\/wp-json\/wp\/v2\/users\/1"}],"replies":[{"embeddable":true,"href":"https:\/\/www.lebenlernen.com\/sek_schneidlingen\/wp-json\/wp\/v2\/comments?post=37"}],"version-history":[{"count":0,"href":"https:\/\/www.lebenlernen.com\/sek_schneidlingen\/wp-json\/wp\/v2\/pages\/37\/revisions"}],"up":[{"embeddable":true,"href":"https:\/\/www.lebenlernen.com\/sek_schneidlingen\/wp-json\/wp\/v2\/pages\/2"}],"wp:attachment":[{"href":"https:\/\/www.lebenlernen.com\/sek_schneidlingen\/wp-json\/wp\/v2\/media?parent=37"}],"curies":[{"name":"wp","href":"https:\/\/api.w.org\/{rel}","templated":true}]}}