{"id":28,"date":"2010-08-07T13:51:52","date_gmt":"2010-08-07T13:51:52","guid":{"rendered":"http:\/\/www.lebenlernen.com\/sek-schneidlingen\/?page_id=28"},"modified":"2026-02-18T12:05:29","modified_gmt":"2026-02-18T12:05:29","slug":"kosten","status":"publish","type":"page","link":"https:\/\/www.lebenlernen.com\/sek_schneidlingen\/konzept\/kosten\/","title":{"rendered":"Kosten"},"content":{"rendered":"<p><span style=\"color: #ff0000;\"><strong><span style=\"font-size: revert;\">Schulgeld<\/span><\/strong><\/span><\/p>\n<p><span style=\"font-size: revert;\">Ohne finanzielle Elternbeteiligung werden wir als freier Tr\u00e4ger die Schule nicht f\u00fchren k\u00f6nnen. Das Schulgeld umfasst die Unterrichtszeit sowie alle Betreuungs- und Aufenthaltszeiten.\u00a0<\/span><\/p>\n<p>Im <strong>Schuljahr 2025\/26<\/strong> betragen die monatlichen Kosten f\u00fcr einen Schulplatz <strong>130,00\u20ac f\u00fcr das 1. Kind und je 65,00\u20ac f\u00fcr das zeitgleich bei uns beschulte 2. und 3. Kind.<\/strong><\/p>\n<p><strong>Zum 01.08.2026 erfolgt eine Schulgeldanpassung auf 150,00\u20ac \/75,00\u20ac.<\/strong><\/p>\n<p><strong><span style=\"color: #ff0000;\">Schlie\u00dffach<\/span><\/strong><\/p>\n<p>Die Firma Eurobox vermietet und wartet die Spinde f\u00fcr die Privatsachen. Die Vertr\u00e4ge werden jeweils zum 1. Elternabend ausgeh\u00e4ndigt.<\/p>\n<p><strong><span style=\"color: #ff0000;\">digitales Endger\u00e4t<\/span><\/strong><\/p>\n<p>Detaillierte Ausk\u00fcnfte zum Erwerb und der Administration der iPads k\u00f6nnen erfragt werden.<\/p>\n\n\n<p>Fahrtkosten<\/p>\n\n\n\n<p><\/p>\n","protected":false},"excerpt":{"rendered":"<p>Schulgeld Ohne finanzielle Elternbeteiligung werden wir als freier Tr\u00e4ger die Schule nicht f\u00fchren k\u00f6nnen. Das Schulgeld umfasst die Unterrichtszeit sowie alle Betreuungs- und Aufenthaltszeiten.\u00a0 Im Schuljahr 2025\/26 betragen die monatlichen Kosten f\u00fcr einen Schulplatz 130,00\u20ac f\u00fcr das 1. Kind und je 65,00\u20ac f\u00fcr das zeitgleich bei uns beschulte 2. und 3. Kind. Zum 01.08.2026 erfolgt<\/p>\n<div><a class=\"btn-filled btn\" href=\"https:\/\/www.lebenlernen.com\/sek_schneidlingen\/konzept\/kosten\/\" title=\"Kosten\">Read More<\/a><\/div>\n","protected":false},"author":1,"featured_media":0,"parent":2,"menu_order":0,"comment_status":"closed","ping_status":"closed","template":"","meta":{"ngg_post_thumbnail":0,"_mc_calendar":[],"footnotes":""},"class_list":["post-28","page","type-page","status-publish","hentry"],"_links":{"self":[{"href":"https:\/\/www.lebenlernen.com\/sek_schneidlingen\/wp-json\/wp\/v2\/pages\/28","targetHints":{"allow":["GET"]}}],"collection":[{"href":"https:\/\/www.lebenlernen.com\/sek_schneidlingen\/wp-json\/wp\/v2\/pages"}],"about":[{"href":"https:\/\/www.lebenlernen.com\/sek_schneidlingen\/wp-json\/wp\/v2\/types\/page"}],"author":[{"embeddable":true,"href":"https:\/\/www.lebenlernen.com\/sek_schneidlingen\/wp-json\/wp\/v2\/users\/1"}],"replies":[{"embeddable":true,"href":"https:\/\/www.lebenlernen.com\/sek_schneidlingen\/wp-json\/wp\/v2\/comments?post=28"}],"version-history":[{"count":3,"href":"https:\/\/www.lebenlernen.com\/sek_schneidlingen\/wp-json\/wp\/v2\/pages\/28\/revisions"}],"predecessor-version":[{"id":2893,"href":"https:\/\/www.lebenlernen.com\/sek_schneidlingen\/wp-json\/wp\/v2\/pages\/28\/revisions\/2893"}],"up":[{"embeddable":true,"href":"https:\/\/www.lebenlernen.com\/sek_schneidlingen\/wp-json\/wp\/v2\/pages\/2"}],"wp:attachment":[{"href":"https:\/\/www.lebenlernen.com\/sek_schneidlingen\/wp-json\/wp\/v2\/media?parent=28"}],"curies":[{"name":"wp","href":"https:\/\/api.w.org\/{rel}","templated":true}]}}