{"id":21,"date":"2010-08-07T13:45:02","date_gmt":"2010-08-07T13:45:02","guid":{"rendered":"http:\/\/www.lebenlernen.com\/sek-schneidlingen\/?page_id=21"},"modified":"2025-11-18T10:26:17","modified_gmt":"2025-11-18T10:26:17","slug":"berufliche-orientierung","status":"publish","type":"page","link":"https:\/\/www.lebenlernen.com\/sek_schneidlingen\/konzept\/berufliche-orientierung\/","title":{"rendered":"Berufliche Orientierung"},"content":{"rendered":"<p>Unsere SuS sollen bef\u00e4higt werden, ihren <strong>Schulabschluss<\/strong><\/p>\n<p><em><strong>Klasse 9:<\/strong><\/em><\/p>\n<ul>\n<li>1. Schulabschluss (bis 2025= Hauptschulabschluss) oder<\/li>\n<li>Erweiterter 1. Schulabschluss (qualifizierter HSA mit Zugangsberechtigung zu Kl. 10)<\/li>\n<\/ul>\n<p><em><strong>Klasse 10:<\/strong><\/em><\/p>\n<ul>\n<li>Mittlerer Schulabschluss (bis 2025= Realschulabschluss) oder<\/li>\n<li>Erweiterter Mittlerer Schulabschluss ( eRSA) mit Zugang zur Qualifikationsphase der Abiturstufe am Gymnasium\/Beruflichen Gymnasium<\/li>\n<\/ul>\n<p><strong>und den nachfolgenden schulischen oder berufsbildenden Lebensabschnitt<\/strong> zu planen und zu gestalten.<\/p>\n<p>Langfristig und tatkr\u00e4ftig unterst\u00fctzt werden sie dabei durch ihre Eltern und ihre Schule sowie deren Kooperationspartner.<\/p>\n<p><strong>Klasse 5 und 6:<\/strong><\/p>\n<p>In der ersten Schulwoche fahren unsere Neuen mit ihren Lehrer\/innen zum ersten Mal in das Gr\u00fcne Labor nach Gatersleben.<\/p>\n<p>Neben einer Einf\u00fchrung in die Biologie, werden sie mit den Ausbildungsm\u00f6glichkeiten bekannt gemacht. Das vertieft und erweitert sich bis zur 10.Klasse.<\/p>\n<div id='gallery-1' class='gallery galleryid-21 gallery-columns-3 gallery-size-thumbnail'><figure class='gallery-item'>\n\t\t\t<div class='gallery-icon landscape'>\n\t\t\t\t<a href='https:\/\/www.lebenlernen.com\/sek_schneidlingen\/konzept\/berufliche-orientierung\/img_4395\/'><img loading=\"lazy\" decoding=\"async\" width=\"150\" height=\"150\" src=\"https:\/\/www.lebenlernen.com\/sek_schneidlingen\/wp-content\/uploads\/2025\/11\/img_4395-150x150.jpeg\" class=\"attachment-thumbnail size-thumbnail\" alt=\"\" \/><\/a>\n\t\t\t<\/div><\/figure><figure class='gallery-item'>\n\t\t\t<div class='gallery-icon landscape'>\n\t\t\t\t<a href='https:\/\/www.lebenlernen.com\/sek_schneidlingen\/konzept\/berufliche-orientierung\/img_4396\/'><img loading=\"lazy\" decoding=\"async\" width=\"150\" height=\"150\" src=\"https:\/\/www.lebenlernen.com\/sek_schneidlingen\/wp-content\/uploads\/2025\/11\/img_4396-150x150.jpeg\" class=\"attachment-thumbnail size-thumbnail\" alt=\"\" \/><\/a>\n\t\t\t<\/div><\/figure><figure class='gallery-item'>\n\t\t\t<div class='gallery-icon landscape'>\n\t\t\t\t<a href='https:\/\/www.lebenlernen.com\/sek_schneidlingen\/konzept\/berufliche-orientierung\/img_4399\/'><img loading=\"lazy\" decoding=\"async\" width=\"150\" height=\"150\" src=\"https:\/\/www.lebenlernen.com\/sek_schneidlingen\/wp-content\/uploads\/2025\/11\/img_4399-150x150.jpeg\" class=\"attachment-thumbnail size-thumbnail\" alt=\"\" \/><\/a>\n\t\t\t<\/div><\/figure><figure class='gallery-item'>\n\t\t\t<div class='gallery-icon landscape'>\n\t\t\t\t<a href='https:\/\/www.lebenlernen.com\/sek_schneidlingen\/konzept\/berufliche-orientierung\/img_4401\/'><img loading=\"lazy\" decoding=\"async\" width=\"150\" height=\"150\" src=\"https:\/\/www.lebenlernen.com\/sek_schneidlingen\/wp-content\/uploads\/2025\/11\/img_4401-150x150.jpeg\" class=\"attachment-thumbnail size-thumbnail\" alt=\"\" \/><\/a>\n\t\t\t<\/div><\/figure><figure class='gallery-item'>\n\t\t\t<div class='gallery-icon landscape'>\n\t\t\t\t<a href='https:\/\/www.lebenlernen.com\/sek_schneidlingen\/konzept\/berufliche-orientierung\/img_4402\/'><img loading=\"lazy\" decoding=\"async\" width=\"150\" height=\"150\" src=\"https:\/\/www.lebenlernen.com\/sek_schneidlingen\/wp-content\/uploads\/2025\/11\/img_4402-150x150.jpeg\" class=\"attachment-thumbnail size-thumbnail\" alt=\"\" \/><\/a>\n\t\t\t<\/div><\/figure><figure class='gallery-item'>\n\t\t\t<div class='gallery-icon landscape'>\n\t\t\t\t<a href='https:\/\/www.lebenlernen.com\/sek_schneidlingen\/konzept\/berufliche-orientierung\/img_4411\/'><img loading=\"lazy\" decoding=\"async\" width=\"150\" height=\"150\" src=\"https:\/\/www.lebenlernen.com\/sek_schneidlingen\/wp-content\/uploads\/2025\/11\/img_4411-150x150.jpeg\" class=\"attachment-thumbnail size-thumbnail\" alt=\"\" \/><\/a>\n\t\t\t<\/div><\/figure><figure class='gallery-item'>\n\t\t\t<div class='gallery-icon landscape'>\n\t\t\t\t<a href='https:\/\/www.lebenlernen.com\/sek_schneidlingen\/konzept\/berufliche-orientierung\/img_4414\/'><img loading=\"lazy\" decoding=\"async\" width=\"150\" height=\"150\" src=\"https:\/\/www.lebenlernen.com\/sek_schneidlingen\/wp-content\/uploads\/2025\/11\/img_4414-150x150.jpeg\" class=\"attachment-thumbnail size-thumbnail\" alt=\"\" \/><\/a>\n\t\t\t<\/div><\/figure><figure class='gallery-item'>\n\t\t\t<div class='gallery-icon landscape'>\n\t\t\t\t<a href='https:\/\/www.lebenlernen.com\/sek_schneidlingen\/konzept\/berufliche-orientierung\/img_0566\/'><img loading=\"lazy\" decoding=\"async\" width=\"150\" height=\"150\" src=\"https:\/\/www.lebenlernen.com\/sek_schneidlingen\/wp-content\/uploads\/2025\/11\/img_0566-150x150.jpeg\" class=\"attachment-thumbnail size-thumbnail\" alt=\"\" \/><\/a>\n\t\t\t<\/div><\/figure><figure class='gallery-item'>\n\t\t\t<div class='gallery-icon landscape'>\n\t\t\t\t<a href='https:\/\/www.lebenlernen.com\/sek_schneidlingen\/konzept\/berufliche-orientierung\/img_0567\/'><img loading=\"lazy\" decoding=\"async\" width=\"150\" height=\"150\" src=\"https:\/\/www.lebenlernen.com\/sek_schneidlingen\/wp-content\/uploads\/2025\/11\/img_0567-150x150.jpeg\" class=\"attachment-thumbnail size-thumbnail\" alt=\"\" \/><\/a>\n\t\t\t<\/div><\/figure><figure class='gallery-item'>\n\t\t\t<div class='gallery-icon landscape'>\n\t\t\t\t<a href='https:\/\/www.lebenlernen.com\/sek_schneidlingen\/konzept\/berufliche-orientierung\/img_0569\/'><img loading=\"lazy\" decoding=\"async\" width=\"150\" height=\"150\" src=\"https:\/\/www.lebenlernen.com\/sek_schneidlingen\/wp-content\/uploads\/2025\/11\/img_0569-150x150.jpeg\" class=\"attachment-thumbnail size-thumbnail\" alt=\"\" \/><\/a>\n\t\t\t<\/div><\/figure><figure class='gallery-item'>\n\t\t\t<div class='gallery-icon landscape'>\n\t\t\t\t<a href='https:\/\/www.lebenlernen.com\/sek_schneidlingen\/konzept\/berufliche-orientierung\/img_3337\/'><img loading=\"lazy\" decoding=\"async\" width=\"150\" height=\"150\" src=\"https:\/\/www.lebenlernen.com\/sek_schneidlingen\/wp-content\/uploads\/2025\/11\/img_3337-150x150.jpeg\" class=\"attachment-thumbnail size-thumbnail\" alt=\"\" \/><\/a>\n\t\t\t<\/div><\/figure><figure class='gallery-item'>\n\t\t\t<div class='gallery-icon landscape'>\n\t\t\t\t<a href='https:\/\/www.lebenlernen.com\/sek_schneidlingen\/konzept\/berufliche-orientierung\/img_3334\/'><img loading=\"lazy\" decoding=\"async\" width=\"150\" height=\"150\" src=\"https:\/\/www.lebenlernen.com\/sek_schneidlingen\/wp-content\/uploads\/2025\/11\/img_3334-150x150.jpeg\" class=\"attachment-thumbnail size-thumbnail\" alt=\"\" \/><\/a>\n\t\t\t<\/div><\/figure>\n\t\t<\/div>\n\n<p>Im M\u00e4rz f\u00fchren wir den Tag der Berufe durch, an dem Eltern, ehemalige SuS oder andere Partner die eigenen Berufe in den Klassen 5 und 6 vorstellen. Im Anschluss daran besuchen diese Sch\u00fcler\/innen unsere Partner vor Ort.<\/p>\n<p><strong>Klasse 7-9:<\/strong><\/p>\n<p>In Klasse 7 und 8 schlie\u00dfen sich BOP und BRAFO (<a href=\"https:\/\/ms.sachsen-anhalt.de\/themen\/arbeit\/berufsorientierung\/brafo-das-landesberufsorientierungsprogramm\">https:\/\/ms.sachsen-anhalt.de\/themen\/arbeit\/berufsorientierung\/brafo-das-landesberufsorientierungsprogramm<\/a>)als erste Praktika an, die durch 2 Sch\u00fclerbetriebspraktika (<a href=\"http:\/\/hallo-praktikum.de\">hallo-praktikum.de<\/a>\/ <a href=\"_wp_link_placeholder\" data-wplink-edit=\"true\">hallo-beruf.de<\/a>)von jeweils 10 Arbeitstagen erg\u00e4nzt werden.<\/p>\n<p>Zunehmend machen unsere SuS auch Gebrauch von den Ferienangeboten, die gleich 2 Vorteile bieten: 120,00\u20ac verdienen und sich als m\u00f6gliche\/r Auszubildende\/r zu empfehlen.<\/p>\n<p>Seit mehreren Jahren arbeiten wir mit der Peter Jensen Stiftung und regionalen Heizungs- und Sanit\u00e4runternehmen zusammen. 2025 unterst\u00fctzten uns die Mitarbeiter der Umland Wohnungsbau mbH und Tobias G\u00fcnther von der PJS.<\/p>\n<p>In mehreren Stationen lernten unsere Neuntkl\u00e4ssler\/innen das Berufsfeld kennen und bauten sich auch noch eine Klasse(n)bank.<\/p>\n<div id='gallery-2' class='gallery galleryid-21 gallery-columns-3 gallery-size-thumbnail'><figure class='gallery-item'>\n\t\t\t<div class='gallery-icon landscape'>\n\t\t\t\t<a href='https:\/\/www.lebenlernen.com\/sek_schneidlingen\/konzept\/berufliche-orientierung\/img_0012\/'><img loading=\"lazy\" decoding=\"async\" width=\"150\" height=\"150\" src=\"https:\/\/www.lebenlernen.com\/sek_schneidlingen\/wp-content\/uploads\/2025\/11\/img_0012-150x150.jpeg\" class=\"attachment-thumbnail size-thumbnail\" alt=\"\" \/><\/a>\n\t\t\t<\/div><\/figure><figure class='gallery-item'>\n\t\t\t<div class='gallery-icon portrait'>\n\t\t\t\t<a href='https:\/\/www.lebenlernen.com\/sek_schneidlingen\/konzept\/berufliche-orientierung\/img_0015\/'><img loading=\"lazy\" decoding=\"async\" width=\"150\" height=\"150\" src=\"https:\/\/www.lebenlernen.com\/sek_schneidlingen\/wp-content\/uploads\/2025\/11\/img_0015-150x150.jpeg\" class=\"attachment-thumbnail size-thumbnail\" alt=\"\" \/><\/a>\n\t\t\t<\/div><\/figure><figure class='gallery-item'>\n\t\t\t<div class='gallery-icon portrait'>\n\t\t\t\t<a href='https:\/\/www.lebenlernen.com\/sek_schneidlingen\/konzept\/berufliche-orientierung\/img_0014\/'><img loading=\"lazy\" decoding=\"async\" width=\"150\" height=\"150\" src=\"https:\/\/www.lebenlernen.com\/sek_schneidlingen\/wp-content\/uploads\/2025\/11\/img_0014-150x150.jpeg\" class=\"attachment-thumbnail size-thumbnail\" alt=\"\" \/><\/a>\n\t\t\t<\/div><\/figure><figure class='gallery-item'>\n\t\t\t<div class='gallery-icon portrait'>\n\t\t\t\t<a href='https:\/\/www.lebenlernen.com\/sek_schneidlingen\/konzept\/berufliche-orientierung\/img_0013\/'><img loading=\"lazy\" decoding=\"async\" width=\"150\" height=\"150\" src=\"https:\/\/www.lebenlernen.com\/sek_schneidlingen\/wp-content\/uploads\/2025\/11\/img_0013-150x150.jpeg\" class=\"attachment-thumbnail size-thumbnail\" alt=\"\" \/><\/a>\n\t\t\t<\/div><\/figure><figure class='gallery-item'>\n\t\t\t<div class='gallery-icon portrait'>\n\t\t\t\t<a href='https:\/\/www.lebenlernen.com\/sek_schneidlingen\/konzept\/berufliche-orientierung\/img_0016\/'><img loading=\"lazy\" decoding=\"async\" width=\"150\" height=\"150\" src=\"https:\/\/www.lebenlernen.com\/sek_schneidlingen\/wp-content\/uploads\/2025\/11\/img_0016-150x150.jpeg\" class=\"attachment-thumbnail size-thumbnail\" alt=\"\" \/><\/a>\n\t\t\t<\/div><\/figure>\n\t\t<\/div>\n\n<p><!--more--><\/p>\n<p>Die in Sta\u00dffurt und Aschersleben stattfindenden BOT (Beruforeintierungstage) besuchen alle SuS der Klassen 8-10. (<a href=\"http:\/\/sbot-stassfurt.de\">sbot-stassfurt.de<\/a>)<\/p>\n<p>Dar\u00fcber hinaus findet auch eine enge Zusammenarbeit mit der Agentur f\u00fcr Arbeit statt.<\/p>\n<p>Seit geraumer Zeit h\u00e4lt Herr L\u00fcderitz als zust\u00e4ndiger Berater seine Sprechstunden f\u00fcr Sch\u00fcler\/innen und Eltern in unserer Schule ab.<\/p>\n<p>N\u00e4here Informationen und seine Kontaktdaten finden Sie hier:<\/p>\n<p><a href=\"https:\/\/www.arbeitsagentur.de\/vor-ort\/sachsen-anhalt-west\/sekundarschule-leben-lernen-hecklingen?pk_campaign=schulwebsite\">https:\/\/www.arbeitsagentur.de\/vor-ort\/sachsen-anhalt-west\/sekundarschule-leben-lernen-hecklingen?pk_campaign=schulwebsite<\/a><\/p>\n\n\n<p>Ein Highlight der BO im Schuljahr war der Besuch des M+E-Trucks (<a href=\"https:\/\/www.zukunftsindustrie.de\/m-e-vor-ort\/der-infotruck\">https:\/\/www.zukunftsindustrie.de\/m-e-vor-ort\/der-infotruck<\/a>).<\/p>\n\n\n\n<p>Nicht nur die Gespr\u00e4che und das Ausprobieren beeindruckten unsere SuS, sondern der Truck, der unseren kleinen Parkplatz gut f\u00fcllte, mit seinen technischen M\u00f6glichkeiten.<\/p>\n\n\n\n<figure class=\"wp-block-gallery has-nested-images columns-default is-cropped wp-block-gallery-1 is-layout-flex wp-block-gallery-is-layout-flex\">\n<figure class=\"wp-block-image size-large\"><a href=\"https:\/\/www.lebenlernen.com\/sek_schneidlingen\/wp-content\/uploads\/2025\/11\/IMG_8154-scaled.jpeg\"><img loading=\"lazy\" decoding=\"async\" width=\"1024\" height=\"683\" data-id=\"2865\" src=\"https:\/\/www.lebenlernen.com\/sek_schneidlingen\/wp-content\/uploads\/2025\/11\/IMG_8154-1024x683.jpeg\" alt=\"\" class=\"wp-image-2865\" srcset=\"https:\/\/www.lebenlernen.com\/sek_schneidlingen\/wp-content\/uploads\/2025\/11\/IMG_8154-1024x683.jpeg 1024w, https:\/\/www.lebenlernen.com\/sek_schneidlingen\/wp-content\/uploads\/2025\/11\/IMG_8154-300x200.jpeg 300w, https:\/\/www.lebenlernen.com\/sek_schneidlingen\/wp-content\/uploads\/2025\/11\/IMG_8154-768x512.jpeg 768w, https:\/\/www.lebenlernen.com\/sek_schneidlingen\/wp-content\/uploads\/2025\/11\/IMG_8154-1536x1024.jpeg 1536w, https:\/\/www.lebenlernen.com\/sek_schneidlingen\/wp-content\/uploads\/2025\/11\/IMG_8154-2048x1365.jpeg 2048w\" sizes=\"auto, (max-width: 1024px) 100vw, 1024px\" \/><\/a><\/figure>\n\n\n\n<figure class=\"wp-block-image size-large\"><a href=\"https:\/\/www.lebenlernen.com\/sek_schneidlingen\/wp-content\/uploads\/2025\/11\/IMG_8120-scaled.jpeg\"><img loading=\"lazy\" decoding=\"async\" width=\"1024\" height=\"683\" data-id=\"2864\" src=\"https:\/\/www.lebenlernen.com\/sek_schneidlingen\/wp-content\/uploads\/2025\/11\/IMG_8120-1024x683.jpeg\" alt=\"\" class=\"wp-image-2864\" srcset=\"https:\/\/www.lebenlernen.com\/sek_schneidlingen\/wp-content\/uploads\/2025\/11\/IMG_8120-1024x683.jpeg 1024w, https:\/\/www.lebenlernen.com\/sek_schneidlingen\/wp-content\/uploads\/2025\/11\/IMG_8120-300x200.jpeg 300w, https:\/\/www.lebenlernen.com\/sek_schneidlingen\/wp-content\/uploads\/2025\/11\/IMG_8120-768x512.jpeg 768w, https:\/\/www.lebenlernen.com\/sek_schneidlingen\/wp-content\/uploads\/2025\/11\/IMG_8120-1536x1024.jpeg 1536w, https:\/\/www.lebenlernen.com\/sek_schneidlingen\/wp-content\/uploads\/2025\/11\/IMG_8120-2048x1365.jpeg 2048w\" sizes=\"auto, (max-width: 1024px) 100vw, 1024px\" \/><\/a><\/figure>\n\n\n\n<figure class=\"wp-block-image size-large\"><a href=\"https:\/\/www.lebenlernen.com\/sek_schneidlingen\/wp-content\/uploads\/2025\/11\/IMG_8128-scaled.jpeg\"><img loading=\"lazy\" decoding=\"async\" width=\"1024\" height=\"683\" data-id=\"2869\" src=\"https:\/\/www.lebenlernen.com\/sek_schneidlingen\/wp-content\/uploads\/2025\/11\/IMG_8128-1024x683.jpeg\" alt=\"\" class=\"wp-image-2869\" srcset=\"https:\/\/www.lebenlernen.com\/sek_schneidlingen\/wp-content\/uploads\/2025\/11\/IMG_8128-1024x683.jpeg 1024w, https:\/\/www.lebenlernen.com\/sek_schneidlingen\/wp-content\/uploads\/2025\/11\/IMG_8128-300x200.jpeg 300w, https:\/\/www.lebenlernen.com\/sek_schneidlingen\/wp-content\/uploads\/2025\/11\/IMG_8128-768x512.jpeg 768w, https:\/\/www.lebenlernen.com\/sek_schneidlingen\/wp-content\/uploads\/2025\/11\/IMG_8128-1536x1024.jpeg 1536w, https:\/\/www.lebenlernen.com\/sek_schneidlingen\/wp-content\/uploads\/2025\/11\/IMG_8128-2048x1365.jpeg 2048w\" sizes=\"auto, (max-width: 1024px) 100vw, 1024px\" \/><\/a><\/figure>\n\n\n\n<figure class=\"wp-block-image size-large\"><a href=\"https:\/\/www.lebenlernen.com\/sek_schneidlingen\/wp-content\/uploads\/2025\/11\/IMG_8133-scaled.jpeg\"><img loading=\"lazy\" decoding=\"async\" width=\"1024\" height=\"683\" data-id=\"2868\" src=\"https:\/\/www.lebenlernen.com\/sek_schneidlingen\/wp-content\/uploads\/2025\/11\/IMG_8133-1024x683.jpeg\" alt=\"\" class=\"wp-image-2868\" srcset=\"https:\/\/www.lebenlernen.com\/sek_schneidlingen\/wp-content\/uploads\/2025\/11\/IMG_8133-1024x683.jpeg 1024w, https:\/\/www.lebenlernen.com\/sek_schneidlingen\/wp-content\/uploads\/2025\/11\/IMG_8133-300x200.jpeg 300w, https:\/\/www.lebenlernen.com\/sek_schneidlingen\/wp-content\/uploads\/2025\/11\/IMG_8133-768x512.jpeg 768w, https:\/\/www.lebenlernen.com\/sek_schneidlingen\/wp-content\/uploads\/2025\/11\/IMG_8133-1536x1024.jpeg 1536w, https:\/\/www.lebenlernen.com\/sek_schneidlingen\/wp-content\/uploads\/2025\/11\/IMG_8133-2048x1365.jpeg 2048w\" sizes=\"auto, (max-width: 1024px) 100vw, 1024px\" \/><\/a><\/figure>\n\n\n\n<figure class=\"wp-block-image size-large\"><a href=\"https:\/\/www.lebenlernen.com\/sek_schneidlingen\/wp-content\/uploads\/2025\/11\/IMG_8149-scaled.jpeg\"><img loading=\"lazy\" decoding=\"async\" width=\"1024\" height=\"683\" data-id=\"2867\" src=\"https:\/\/www.lebenlernen.com\/sek_schneidlingen\/wp-content\/uploads\/2025\/11\/IMG_8149-1024x683.jpeg\" alt=\"\" class=\"wp-image-2867\" srcset=\"https:\/\/www.lebenlernen.com\/sek_schneidlingen\/wp-content\/uploads\/2025\/11\/IMG_8149-1024x683.jpeg 1024w, https:\/\/www.lebenlernen.com\/sek_schneidlingen\/wp-content\/uploads\/2025\/11\/IMG_8149-300x200.jpeg 300w, https:\/\/www.lebenlernen.com\/sek_schneidlingen\/wp-content\/uploads\/2025\/11\/IMG_8149-768x512.jpeg 768w, https:\/\/www.lebenlernen.com\/sek_schneidlingen\/wp-content\/uploads\/2025\/11\/IMG_8149-1536x1024.jpeg 1536w, https:\/\/www.lebenlernen.com\/sek_schneidlingen\/wp-content\/uploads\/2025\/11\/IMG_8149-2048x1365.jpeg 2048w\" sizes=\"auto, (max-width: 1024px) 100vw, 1024px\" \/><\/a><\/figure>\n\n\n\n<figure class=\"wp-block-image size-large\"><a href=\"https:\/\/www.lebenlernen.com\/sek_schneidlingen\/wp-content\/uploads\/2025\/11\/IMG_8113-scaled.jpeg\"><img loading=\"lazy\" decoding=\"async\" width=\"1024\" height=\"683\" data-id=\"2866\" src=\"https:\/\/www.lebenlernen.com\/sek_schneidlingen\/wp-content\/uploads\/2025\/11\/IMG_8113-1024x683.jpeg\" alt=\"\" class=\"wp-image-2866\" srcset=\"https:\/\/www.lebenlernen.com\/sek_schneidlingen\/wp-content\/uploads\/2025\/11\/IMG_8113-1024x683.jpeg 1024w, https:\/\/www.lebenlernen.com\/sek_schneidlingen\/wp-content\/uploads\/2025\/11\/IMG_8113-300x200.jpeg 300w, https:\/\/www.lebenlernen.com\/sek_schneidlingen\/wp-content\/uploads\/2025\/11\/IMG_8113-768x512.jpeg 768w, https:\/\/www.lebenlernen.com\/sek_schneidlingen\/wp-content\/uploads\/2025\/11\/IMG_8113-1536x1024.jpeg 1536w, https:\/\/www.lebenlernen.com\/sek_schneidlingen\/wp-content\/uploads\/2025\/11\/IMG_8113-2048x1365.jpeg 2048w\" sizes=\"auto, (max-width: 1024px) 100vw, 1024px\" \/><\/a><\/figure>\n<\/figure>\n\n\n\n<p>weitere Informationsquellen:<\/p>\n\n\n\n<ul class=\"wp-block-list\">\n<li>Lehrstellenb\u00f6rse der Arbeitsagentur im Salzlandkreis                                                                                              <\/li>\n\n\n\n<li><a href=\"https:\/\/www.ihk.de\/blueprint\/servlet\/resource\/blob\/1273372\/4b52dd2c09c4ac4e0b7604536e9b17ed\/praktikumsleitfaden-schueler-data.pdf\">https:\/\/www.ihk.de\/blueprint\/servlet\/resource\/blob\/1273372\/4b52dd2c09c4ac4e0b7604536e9b17ed\/praktikumsleitfaden-schueler-data.pdf<\/a><\/li>\n<\/ul>\n\n\n\n<ul class=\"wp-block-list\">\n<li>Praktikums-FAQ: Fragen und Antworten zum Thema Praktikum<\/li>\n<\/ul>\n\n\n\n<p><\/p>\n","protected":false},"excerpt":{"rendered":"<p>Unsere SuS sollen bef\u00e4higt werden, ihren Schulabschluss Klasse 9: 1. Schulabschluss (bis 2025= Hauptschulabschluss) oder Erweiterter 1. Schulabschluss (qualifizierter HSA mit Zugangsberechtigung zu Kl. 10) Klasse 10: Mittlerer Schulabschluss (bis 2025= Realschulabschluss) oder Erweiterter Mittlerer Schulabschluss ( eRSA) mit Zugang zur Qualifikationsphase der Abiturstufe am Gymnasium\/Beruflichen Gymnasium und den nachfolgenden schulischen oder berufsbildenden Lebensabschnitt zu<\/p>\n<div><a class=\"btn-filled btn\" href=\"https:\/\/www.lebenlernen.com\/sek_schneidlingen\/konzept\/berufliche-orientierung\/\" title=\"Berufliche Orientierung\">Read More<\/a><\/div>\n","protected":false},"author":1,"featured_media":0,"parent":2,"menu_order":0,"comment_status":"closed","ping_status":"closed","template":"","meta":{"ngg_post_thumbnail":0,"_mc_calendar":[],"footnotes":""},"class_list":["post-21","page","type-page","status-publish","hentry"],"_links":{"self":[{"href":"https:\/\/www.lebenlernen.com\/sek_schneidlingen\/wp-json\/wp\/v2\/pages\/21","targetHints":{"allow":["GET"]}}],"collection":[{"href":"https:\/\/www.lebenlernen.com\/sek_schneidlingen\/wp-json\/wp\/v2\/pages"}],"about":[{"href":"https:\/\/www.lebenlernen.com\/sek_schneidlingen\/wp-json\/wp\/v2\/types\/page"}],"author":[{"embeddable":true,"href":"https:\/\/www.lebenlernen.com\/sek_schneidlingen\/wp-json\/wp\/v2\/users\/1"}],"replies":[{"embeddable":true,"href":"https:\/\/www.lebenlernen.com\/sek_schneidlingen\/wp-json\/wp\/v2\/comments?post=21"}],"version-history":[{"count":22,"href":"https:\/\/www.lebenlernen.com\/sek_schneidlingen\/wp-json\/wp\/v2\/pages\/21\/revisions"}],"predecessor-version":[{"id":2870,"href":"https:\/\/www.lebenlernen.com\/sek_schneidlingen\/wp-json\/wp\/v2\/pages\/21\/revisions\/2870"}],"up":[{"embeddable":true,"href":"https:\/\/www.lebenlernen.com\/sek_schneidlingen\/wp-json\/wp\/v2\/pages\/2"}],"wp:attachment":[{"href":"https:\/\/www.lebenlernen.com\/sek_schneidlingen\/wp-json\/wp\/v2\/media?parent=21"}],"curies":[{"name":"wp","href":"https:\/\/api.w.org\/{rel}","templated":true}]}}