{"id":7,"date":"2010-08-03T17:47:53","date_gmt":"2010-08-03T17:47:53","guid":{"rendered":"http:\/\/www.lebenlernen.com\/sek-magdeburg\/?page_id=7"},"modified":"2021-09-17T13:48:12","modified_gmt":"2021-09-17T13:48:12","slug":"tagesablauf","status":"publish","type":"page","link":"https:\/\/www.lebenlernen.com\/sek_magdeburg\/konzept\/tagesablauf\/","title":{"rendered":"Tagesablauf"},"content":{"rendered":"<p>Umgebung und Ganztagesbetrieb:<\/p>\n<p>In allen Hauptf\u00e4chern sind angemessene p\u00e4dagogische Lernmaterialien f\u00fcr selbst gesteuertes Lernen vorhanden. Das sind die Lernwochenpl\u00e4ne und Unterrichtsmaterialien,&nbsp;die unsere Fachlehrkr\u00e4fte weiter vervollst\u00e4ndigen und aktualisieren.<\/p>\n<p>Bis zu 24 Sch\u00fcler pro Jahrgang lernen im Lernatelier ab ca. 07:30 bis ca. 15:30 Uhr.<\/p>\n<p>Das Konzept der verbindlichen Ganztagsschule der Oskar K\u00e4mmer Schule sieht vor, dass die Sch\u00fcler der 5. bis 8. Klasse mindestens von 08:00 bis&nbsp;15:00 Uhr in der Schule sind. F\u00fcr die Klassen 9 und 10 beginnt der Unterricht verbindlich um 07:30 Uhr&nbsp;und endet ebenfalls um 15:00 Uhr.&nbsp;&nbsp;In dieser Zeit ist eine p\u00e4dagogische Betreuung \u00fcber uns gew\u00e4hrleistet.<br \/>\nEs ist vorgesehen, dass insbesondere der Sprachen-, der Medienbereich und der gestalterische Bereich sowie nat\u00fcrlich das Lernatelier mit der Betreuungszeit verzahnt sind. Ausreichend Pausen f\u00fcr das freie Spiel und die Bewegung sind gew\u00e4hrleistet.<\/p>\n<ul>\n<li>Ab 07:30 bis 08:00 Uhr haben die Sch\u00fcler der 5. bis 8. Klasse eine offene Eingangsphase, die ihnen und ihren Eltern den Freiraum bietet, nach den individuellen Gegebenheiten in die Schule zu kommen. Die Sch\u00fcler der 9. und 10. Klasse beginnen verbindlich um 07:30 Uhr. In der Schule besch\u00e4ftigen sich die Sch\u00fcler anhand ihres Wochenplanes im Lernatelier.<\/li>\n<li>Ab 08:00 Uhr beginnt der Fachunterricht in allen Klassenstufen.<\/li>\n<li>Von 09:35 bis 10:00 Uhr ist eine gemeinsame Fr\u00fchst\u00fcckspause vorgesehen, die den Kindern auch die Zeit l\u00e4sst drau\u00dfen zu spielen.<\/li>\n<li>Von 10:00 bis 12:25 Uhr ist Fachunterricht aber auch die Weiterarbeit im Lernatelier vorgesehen.<\/li>\n<li>Von 12:25 bis 13:25 Uhr erleben alle Sch\u00fcler zusammen eine Mittagspause mit gemeinsamen Essen in unserer hauseigenen Mensa&nbsp;und toben danach&nbsp;auf dem Schulhof&nbsp; bei Fu\u00dfball, Basketball oder spielen Tischtennis.<\/li>\n<li>Danach folgen im Wechsel der Fachunterricht oder die Arbeit im Lernatelier bis mindestens 15:00 Uhr.<\/li>\n<li>Mehrere Arbeitsgemeinschaften werden in den Nachmittagszeiten angeboten.<\/li>\n<\/ul>\n","protected":false},"excerpt":{"rendered":"<p>Umgebung und Ganztagesbetrieb: In allen Hauptf\u00e4chern sind angemessene p\u00e4dagogische Lernmaterialien f\u00fcr selbst gesteuertes Lernen vorhanden. Das sind die Lernwochenpl\u00e4ne und Unterrichtsmaterialien,&nbsp;die unsere Fachlehrkr\u00e4fte weiter vervollst\u00e4ndigen und aktualisieren. Bis zu 24 Sch\u00fcler pro Jahrgang lernen im Lernatelier ab ca. 07:30 bis ca. 15:30 Uhr. Das Konzept der verbindlichen Ganztagsschule der Oskar K\u00e4mmer Schule sieht vor, dass<\/p>\n<div><a class=\"btn-filled btn\" href=\"https:\/\/www.lebenlernen.com\/sek_magdeburg\/konzept\/tagesablauf\/\" title=\"Tagesablauf\">Read More<\/a><\/div>\n","protected":false},"author":1,"featured_media":0,"parent":2,"menu_order":0,"comment_status":"closed","ping_status":"closed","template":"","meta":{"ngg_post_thumbnail":0,"footnotes":""},"class_list":["post-7","page","type-page","status-publish","hentry"],"_links":{"self":[{"href":"https:\/\/www.lebenlernen.com\/sek_magdeburg\/wp-json\/wp\/v2\/pages\/7","targetHints":{"allow":["GET"]}}],"collection":[{"href":"https:\/\/www.lebenlernen.com\/sek_magdeburg\/wp-json\/wp\/v2\/pages"}],"about":[{"href":"https:\/\/www.lebenlernen.com\/sek_magdeburg\/wp-json\/wp\/v2\/types\/page"}],"author":[{"embeddable":true,"href":"https:\/\/www.lebenlernen.com\/sek_magdeburg\/wp-json\/wp\/v2\/users\/1"}],"replies":[{"embeddable":true,"href":"https:\/\/www.lebenlernen.com\/sek_magdeburg\/wp-json\/wp\/v2\/comments?post=7"}],"version-history":[{"count":0,"href":"https:\/\/www.lebenlernen.com\/sek_magdeburg\/wp-json\/wp\/v2\/pages\/7\/revisions"}],"up":[{"embeddable":true,"href":"https:\/\/www.lebenlernen.com\/sek_magdeburg\/wp-json\/wp\/v2\/pages\/2"}],"wp:attachment":[{"href":"https:\/\/www.lebenlernen.com\/sek_magdeburg\/wp-json\/wp\/v2\/media?parent=7"}],"curies":[{"name":"wp","href":"https:\/\/api.w.org\/{rel}","templated":true}]}}