{"id":6011,"date":"2022-03-14T12:22:59","date_gmt":"2022-03-14T12:22:59","guid":{"rendered":"https:\/\/www.lebenlernen.com\/sek_magdeburg\/?page_id=6011"},"modified":"2022-09-13T11:02:47","modified_gmt":"2022-09-13T11:02:47","slug":"berufs-und-studienberatung","status":"publish","type":"page","link":"https:\/\/www.lebenlernen.com\/sek_magdeburg\/elterninformationen\/berufs-und-studienberatung\/","title":{"rendered":"Berufs- und Studienberatung"},"content":{"rendered":"\n<p>Sehr geehrte Eltern, liebe Sch\u00fcler und Sch\u00fclerinnen,<\/p>\n\n\n\n<p>ich bin der zust\u00e4ndige Berufsberater der Sekundarschule LebenLernen Magdeburg.<\/p>\n\n\n\n<p><strong>Wie kann ich Sie\/ Euch als Berufsberater der Agentur f\u00fcr Arbeit unterst\u00fctzen?<\/strong>&nbsp;<\/p>\n\n\n\n<ul class=\"wp-block-list\"><li>individuelle Orientierung f\u00fcr Schul-, Berufs- und Studienwahl<\/li><li>Einzelberatung pers\u00f6nlich, telefonisch oder per Videoberatung<\/li><li>Schulsprechstunde vor Ort<\/li><li>Berufswahltest\/ Studienwahltest inklusive berufspsychologischer Beratung<\/li><li>Hilfe zur Selbsthilfe bei der Erstellung von Bewerbungsunterlagen<\/li><li>Vorbereitung auf Vorstellungsgespr\u00e4che<\/li><li>Vermittlung von Ausbildungspl\u00e4tzen\u2026&nbsp;<\/li><\/ul>\n\n\n\n<p><strong>Ich nehme mir Zeit f\u00fcr Sie und Ihr\/e Kind\/er.<\/strong><\/p>\n\n\n\n<p>Sollten Sie Fragen haben, k\u00f6nnen Sie mich gern kontaktieren.<\/p>\n\n\n\n<p>Jan Lange<\/p>\n\n\n\n<p>Telefon: 0391\/2572066<\/p>\n\n\n\n<p>E-Mail: <a href=\"mailto:Jan.Lange@arbeitsagentur.de\">Jan.Lange@arbeitsagentur.de<\/a><\/p>\n\n\n\n<p>Teampostfach: <a href=\"mailto:Magdeburg.Berufsberatung@arbeitsagentur.de\">Magdeburg.Berufsberatung@arbeitsagentur.de<\/a><\/p>\n\n\n\n<p>Internet: <a href=\"http:\/\/www.arbeitsagentur.de\/vor-ort\/magdeburg\/berufsberatung\">www.arbeitsagentur.de\/vor-ort\/magdeburg\/berufsberatung<\/a>&nbsp;<\/p>\n\n\n\n<p><strong>So melden Sie Ihr\/e Kind\/er in der Berufsberatung an:<\/strong><\/p>\n\n\n\n<ul class=\"wp-block-list\"><li><strong>telefonisch&nbsp;<\/strong>unter der kostenfreien Hotline: <strong>0800 4 5555 00* <\/strong>(Mo-Fr 08:00 \u2013 18:00 Uhr)<\/li><li>vollst\u00e4ndig ausgef\u00fcllten Anmeldebogen in der Schule abgeben oder per E-Mail an mich senden<\/li><\/ul>\n\n\n\n<p><\/p>\n","protected":false},"excerpt":{"rendered":"<p>Sehr geehrte Eltern, liebe Sch\u00fcler und Sch\u00fclerinnen, ich bin der zust\u00e4ndige Berufsberater der Sekundarschule LebenLernen Magdeburg. Wie kann ich Sie\/ Euch als Berufsberater der Agentur f\u00fcr Arbeit unterst\u00fctzen?&nbsp; individuelle Orientierung f\u00fcr Schul-, Berufs- und Studienwahl Einzelberatung pers\u00f6nlich, telefonisch oder per Videoberatung Schulsprechstunde vor Ort Berufswahltest\/ Studienwahltest inklusive berufspsychologischer Beratung Hilfe zur Selbsthilfe bei der Erstellung<\/p>\n<div><a class=\"btn-filled btn\" href=\"https:\/\/www.lebenlernen.com\/sek_magdeburg\/elterninformationen\/berufs-und-studienberatung\/\" title=\"Berufs- und Studienberatung\">Read More<\/a><\/div>\n","protected":false},"author":1,"featured_media":0,"parent":5921,"menu_order":0,"comment_status":"closed","ping_status":"closed","template":"","meta":{"ngg_post_thumbnail":0,"footnotes":""},"class_list":["post-6011","page","type-page","status-publish","hentry"],"_links":{"self":[{"href":"https:\/\/www.lebenlernen.com\/sek_magdeburg\/wp-json\/wp\/v2\/pages\/6011","targetHints":{"allow":["GET"]}}],"collection":[{"href":"https:\/\/www.lebenlernen.com\/sek_magdeburg\/wp-json\/wp\/v2\/pages"}],"about":[{"href":"https:\/\/www.lebenlernen.com\/sek_magdeburg\/wp-json\/wp\/v2\/types\/page"}],"author":[{"embeddable":true,"href":"https:\/\/www.lebenlernen.com\/sek_magdeburg\/wp-json\/wp\/v2\/users\/1"}],"replies":[{"embeddable":true,"href":"https:\/\/www.lebenlernen.com\/sek_magdeburg\/wp-json\/wp\/v2\/comments?post=6011"}],"version-history":[{"count":0,"href":"https:\/\/www.lebenlernen.com\/sek_magdeburg\/wp-json\/wp\/v2\/pages\/6011\/revisions"}],"up":[{"embeddable":true,"href":"https:\/\/www.lebenlernen.com\/sek_magdeburg\/wp-json\/wp\/v2\/pages\/5921"}],"wp:attachment":[{"href":"https:\/\/www.lebenlernen.com\/sek_magdeburg\/wp-json\/wp\/v2\/media?parent=6011"}],"curies":[{"name":"wp","href":"https:\/\/api.w.org\/{rel}","templated":true}]}}