{"id":5720,"date":"2021-04-26T19:23:17","date_gmt":"2021-04-26T19:23:17","guid":{"rendered":"https:\/\/www.lebenlernen.com\/sek_magdeburg\/?page_id=5720"},"modified":"2024-08-13T11:03:25","modified_gmt":"2024-08-13T11:03:25","slug":"schuelerprojekte","status":"publish","type":"page","link":"https:\/\/www.lebenlernen.com\/sek_magdeburg\/schuelerprojekte\/","title":{"rendered":"Sch\u00fclerprojekte"},"content":{"rendered":"\n<p><\/p>\n\n\n\n<figure class=\"wp-block-video\"><video height=\"660\" style=\"aspect-ratio: 880 \/ 660;\" width=\"880\" controls src=\"https:\/\/www.lebenlernen.com\/sek_magdeburg\/wp-content\/uploads\/2023\/12\/schuelerarbeiten.mov\"><\/video><\/figure>\n\n\n\n<p><\/p>\n\n\n\n<p>Collage zum Thema M\u00e4rchen &#8211; Gemeinschaftsarbeit Klasse 5b<\/p>\n\n\n\n<figure class=\"wp-block-image size-large\"><a href=\"https:\/\/www.lebenlernen.com\/sek_magdeburg\/wp-content\/uploads\/2023\/11\/IMG_5147-scaled.jpeg\"><img fetchpriority=\"high\" decoding=\"async\" width=\"1024\" height=\"724\" src=\"https:\/\/www.lebenlernen.com\/sek_magdeburg\/wp-content\/uploads\/2023\/11\/IMG_5147-1024x724.jpeg\" alt=\"\" class=\"wp-image-6460\" srcset=\"https:\/\/www.lebenlernen.com\/sek_magdeburg\/wp-content\/uploads\/2023\/11\/IMG_5147-1024x724.jpeg 1024w, https:\/\/www.lebenlernen.com\/sek_magdeburg\/wp-content\/uploads\/2023\/11\/IMG_5147-300x212.jpeg 300w, https:\/\/www.lebenlernen.com\/sek_magdeburg\/wp-content\/uploads\/2023\/11\/IMG_5147-768x543.jpeg 768w, https:\/\/www.lebenlernen.com\/sek_magdeburg\/wp-content\/uploads\/2023\/11\/IMG_5147-1536x1086.jpeg 1536w, https:\/\/www.lebenlernen.com\/sek_magdeburg\/wp-content\/uploads\/2023\/11\/IMG_5147-2048x1448.jpeg 2048w\" sizes=\"(max-width: 1024px) 100vw, 1024px\" \/><\/a><\/figure>\n\n\n\n<p><strong>Projekt in Lernmethoden Klasse 6<\/strong><\/p>\n\n\n\n<p><\/p>\n\n\n\n<figure class=\"wp-block-gallery has-nested-images columns-default is-cropped wp-block-gallery-1 is-layout-flex wp-block-gallery-is-layout-flex\">\n<figure class=\"wp-block-image size-full\"><a href=\"https:\/\/www.lebenlernen.com\/sek_magdeburg\/wp-content\/uploads\/2023\/09\/die-ferien-auf-dem-bauernhof.mov\"><img decoding=\"async\" data-id=\"6446\" src=\"https:\/\/www.lebenlernen.com\/sek_magdeburg\/wp-content\/uploads\/2023\/09\/die-ferien-auf-dem-bauernhof.mov\" alt=\"\" class=\"wp-image-6446\"\/><\/a><\/figure>\n<\/figure>\n\n\n\n<p><strong>Anne Frank Tag 2023 <\/strong><\/p>\n\n\n\n<p>Am diesj\u00e4hrigen Anne Frank Tag hatte sich das Lehrerteam etwas Besonderes \u00fcberlegt. Es fanden verschiedene Workshops statt, die sich um das Thema IDEALE drehten und in die wir uns einw\u00e4hlen durften.<\/p>\n\n\n\n<p>Es gab einen Graffiti-Workshop mit dem Magdeburger K\u00fcnstler Christoph Ackermann. Dieser Workshop durfte unter der Anleitung von Christoph eine Hauswand unseres Schulgeb\u00e4udes zum Thema gestalten.&nbsp;<\/p>\n\n\n\n<p>Der Rap-Workshop erarbeitete mit dem Rapper Carlos Uterm\u00f6hlen aus Braunschweig Texte zum Thema IDEALE. Diese wurden dann mit der Unterst\u00fctzung von unserer Musiklehrerin einge\u00fcbt.<\/p>\n\n\n\n<p>Die Schriftstellerin Janette Wilke aus Magdeburg erdachte gemeinsam in einem Workshop mit unseren Mitsch\u00fclern \u201eideale Lebenswelten\u201c.<\/p>\n\n\n\n<p>Es gab auch noch weitere Workshops au\u00dferhalb der Schule: Einige Sch\u00fcler besuchte die Magdeburger Universit\u00e4t und sprach \u00fcber j\u00fcdische Wissenschaftler und Ideale in der Physik. Im Puppentheater Magdeburg konnten Mitsch\u00fcler kleine Szenen zu ihren Idealen erarbeiten.&nbsp;<\/p>\n\n\n\n<p>Andere wiederum sprachen \u00fcber sportliche Ideale und besuchten den Karate &#8211; Dojo von Tobias Pr\u00fcfert in Magdeburg.<\/p>\n\n\n\n<p>Unsere 5. Klasse besuchte das Kino und schaute sich den Film \u201eWo ist Anne Frank?\u201c an.<\/p>\n\n\n\n<p>Am Ende des Projekttages trafen sich alle Sch\u00fcler und Lehrer in unserer Mensa und alle Gruppen stellten ihre Aktivit\u00e4t kurz vor. Die H\u00f6hepunkte waren die Auff\u00fchrung des Rap-Songs und die Enth\u00fcllung der Graffiti-Wand.<\/p>\n\n\n\n<p>Das Redaktionsteam<\/p>\n\n\n\n<figure class=\"wp-block-gallery has-nested-images columns-default is-cropped wp-block-gallery-2 is-layout-flex wp-block-gallery-is-layout-flex\">\n<figure class=\"wp-block-image size-large\"><a href=\"https:\/\/www.lebenlernen.com\/sek_magdeburg\/wp-content\/uploads\/2023\/07\/9A57AA7D-DDEB-45E1-A2BD-81BB43D6AEC9.jpeg\"><img decoding=\"async\" width=\"1024\" height=\"580\" data-id=\"6371\" src=\"https:\/\/www.lebenlernen.com\/sek_magdeburg\/wp-content\/uploads\/2023\/07\/9A57AA7D-DDEB-45E1-A2BD-81BB43D6AEC9-1024x580.jpeg\" alt=\"\" class=\"wp-image-6371\" srcset=\"https:\/\/www.lebenlernen.com\/sek_magdeburg\/wp-content\/uploads\/2023\/07\/9A57AA7D-DDEB-45E1-A2BD-81BB43D6AEC9-1024x580.jpeg 1024w, https:\/\/www.lebenlernen.com\/sek_magdeburg\/wp-content\/uploads\/2023\/07\/9A57AA7D-DDEB-45E1-A2BD-81BB43D6AEC9-300x170.jpeg 300w, https:\/\/www.lebenlernen.com\/sek_magdeburg\/wp-content\/uploads\/2023\/07\/9A57AA7D-DDEB-45E1-A2BD-81BB43D6AEC9-768x435.jpeg 768w, https:\/\/www.lebenlernen.com\/sek_magdeburg\/wp-content\/uploads\/2023\/07\/9A57AA7D-DDEB-45E1-A2BD-81BB43D6AEC9.jpeg 1417w\" sizes=\"(max-width: 1024px) 100vw, 1024px\" \/><\/a><\/figure>\n\n\n\n<figure class=\"wp-block-image size-large\"><a href=\"https:\/\/www.lebenlernen.com\/sek_magdeburg\/wp-content\/uploads\/2023\/07\/3EF10715-B7D4-4607-8D93-716517B62F52.jpeg\"><img decoding=\"async\" width=\"1024\" height=\"678\" data-id=\"6372\" src=\"https:\/\/www.lebenlernen.com\/sek_magdeburg\/wp-content\/uploads\/2023\/07\/3EF10715-B7D4-4607-8D93-716517B62F52.jpeg\" alt=\"\" class=\"wp-image-6372\" srcset=\"https:\/\/www.lebenlernen.com\/sek_magdeburg\/wp-content\/uploads\/2023\/07\/3EF10715-B7D4-4607-8D93-716517B62F52.jpeg 1024w, https:\/\/www.lebenlernen.com\/sek_magdeburg\/wp-content\/uploads\/2023\/07\/3EF10715-B7D4-4607-8D93-716517B62F52-300x199.jpeg 300w, https:\/\/www.lebenlernen.com\/sek_magdeburg\/wp-content\/uploads\/2023\/07\/3EF10715-B7D4-4607-8D93-716517B62F52-768x509.jpeg 768w\" sizes=\"(max-width: 1024px) 100vw, 1024px\" \/><\/a><\/figure>\n\n\n\n<figure class=\"wp-block-image size-large\"><a href=\"https:\/\/www.lebenlernen.com\/sek_magdeburg\/wp-content\/uploads\/2023\/07\/B403D11A-28B9-474F-9766-F4FE7EFA1EB3.jpeg\"><img loading=\"lazy\" decoding=\"async\" width=\"1024\" height=\"567\" data-id=\"6373\" src=\"https:\/\/www.lebenlernen.com\/sek_magdeburg\/wp-content\/uploads\/2023\/07\/B403D11A-28B9-474F-9766-F4FE7EFA1EB3-1024x567.jpeg\" alt=\"\" class=\"wp-image-6373\" srcset=\"https:\/\/www.lebenlernen.com\/sek_magdeburg\/wp-content\/uploads\/2023\/07\/B403D11A-28B9-474F-9766-F4FE7EFA1EB3-1024x567.jpeg 1024w, https:\/\/www.lebenlernen.com\/sek_magdeburg\/wp-content\/uploads\/2023\/07\/B403D11A-28B9-474F-9766-F4FE7EFA1EB3-300x166.jpeg 300w, https:\/\/www.lebenlernen.com\/sek_magdeburg\/wp-content\/uploads\/2023\/07\/B403D11A-28B9-474F-9766-F4FE7EFA1EB3-768x425.jpeg 768w, https:\/\/www.lebenlernen.com\/sek_magdeburg\/wp-content\/uploads\/2023\/07\/B403D11A-28B9-474F-9766-F4FE7EFA1EB3.jpeg 1449w\" sizes=\"(max-width: 1024px) 100vw, 1024px\" \/><\/a><\/figure>\n<\/figure>\n\n\n\n<figure class=\"wp-block-image size-large is-resized\"><a href=\"https:\/\/www.lebenlernen.com\/sek_magdeburg\/wp-content\/uploads\/2023\/01\/D3A989CC-11DF-46A9-968B-31B7BBE53A85.jpeg\"><img loading=\"lazy\" decoding=\"async\" width=\"1024\" height=\"367\" src=\"https:\/\/www.lebenlernen.com\/sek_magdeburg\/wp-content\/uploads\/2023\/01\/D3A989CC-11DF-46A9-968B-31B7BBE53A85-1024x367.jpeg\" alt=\"\" class=\"wp-image-6225\" style=\"width:840px;height:301px\" srcset=\"https:\/\/www.lebenlernen.com\/sek_magdeburg\/wp-content\/uploads\/2023\/01\/D3A989CC-11DF-46A9-968B-31B7BBE53A85-1024x367.jpeg 1024w, https:\/\/www.lebenlernen.com\/sek_magdeburg\/wp-content\/uploads\/2023\/01\/D3A989CC-11DF-46A9-968B-31B7BBE53A85-300x107.jpeg 300w, https:\/\/www.lebenlernen.com\/sek_magdeburg\/wp-content\/uploads\/2023\/01\/D3A989CC-11DF-46A9-968B-31B7BBE53A85-768x275.jpeg 768w, https:\/\/www.lebenlernen.com\/sek_magdeburg\/wp-content\/uploads\/2023\/01\/D3A989CC-11DF-46A9-968B-31B7BBE53A85-1536x550.jpeg 1536w, https:\/\/www.lebenlernen.com\/sek_magdeburg\/wp-content\/uploads\/2023\/01\/D3A989CC-11DF-46A9-968B-31B7BBE53A85.jpeg 1916w\" sizes=\"(max-width: 1024px) 100vw, 1024px\" \/><\/a><\/figure>\n\n\n\n<figure class=\"wp-block-image size-large is-resized\"><a href=\"https:\/\/www.lebenlernen.com\/sek_magdeburg\/wp-content\/uploads\/2022\/12\/323CD5FB-470E-447A-B962-2A0CCE03583A.jpeg\"><img loading=\"lazy\" decoding=\"async\" width=\"1024\" height=\"681\" src=\"https:\/\/www.lebenlernen.com\/sek_magdeburg\/wp-content\/uploads\/2022\/12\/323CD5FB-470E-447A-B962-2A0CCE03583A-1024x681.jpeg\" alt=\"\" class=\"wp-image-6182\" style=\"width:848px;height:563px\" srcset=\"https:\/\/www.lebenlernen.com\/sek_magdeburg\/wp-content\/uploads\/2022\/12\/323CD5FB-470E-447A-B962-2A0CCE03583A-1024x681.jpeg 1024w, https:\/\/www.lebenlernen.com\/sek_magdeburg\/wp-content\/uploads\/2022\/12\/323CD5FB-470E-447A-B962-2A0CCE03583A-300x199.jpeg 300w, https:\/\/www.lebenlernen.com\/sek_magdeburg\/wp-content\/uploads\/2022\/12\/323CD5FB-470E-447A-B962-2A0CCE03583A-768x511.jpeg 768w, https:\/\/www.lebenlernen.com\/sek_magdeburg\/wp-content\/uploads\/2022\/12\/323CD5FB-470E-447A-B962-2A0CCE03583A-1536x1021.jpeg 1536w, https:\/\/www.lebenlernen.com\/sek_magdeburg\/wp-content\/uploads\/2022\/12\/323CD5FB-470E-447A-B962-2A0CCE03583A.jpeg 1713w\" sizes=\"(max-width: 1024px) 100vw, 1024px\" \/><\/a><\/figure>\n\n\n\n<figure class=\"wp-block-image size-large\"><a href=\"https:\/\/www.lebenlernen.com\/sek_magdeburg\/wp-content\/uploads\/2022\/09\/E8280837-24FD-4B43-A643-E551D0A2D6C9.jpeg\"><img loading=\"lazy\" decoding=\"async\" width=\"1024\" height=\"657\" src=\"https:\/\/www.lebenlernen.com\/sek_magdeburg\/wp-content\/uploads\/2022\/09\/E8280837-24FD-4B43-A643-E551D0A2D6C9-1024x657.jpeg\" alt=\"\" class=\"wp-image-6125\" srcset=\"https:\/\/www.lebenlernen.com\/sek_magdeburg\/wp-content\/uploads\/2022\/09\/E8280837-24FD-4B43-A643-E551D0A2D6C9-1024x657.jpeg 1024w, https:\/\/www.lebenlernen.com\/sek_magdeburg\/wp-content\/uploads\/2022\/09\/E8280837-24FD-4B43-A643-E551D0A2D6C9-300x193.jpeg 300w, https:\/\/www.lebenlernen.com\/sek_magdeburg\/wp-content\/uploads\/2022\/09\/E8280837-24FD-4B43-A643-E551D0A2D6C9-768x493.jpeg 768w, https:\/\/www.lebenlernen.com\/sek_magdeburg\/wp-content\/uploads\/2022\/09\/E8280837-24FD-4B43-A643-E551D0A2D6C9-1536x986.jpeg 1536w, https:\/\/www.lebenlernen.com\/sek_magdeburg\/wp-content\/uploads\/2022\/09\/E8280837-24FD-4B43-A643-E551D0A2D6C9.jpeg 1781w\" sizes=\"(max-width: 1024px) 100vw, 1024px\" \/><\/a><\/figure>\n\n\n\n<p><strong><span style=\"text-decoration: underline;\">Arbeiten der 7. Klasse, die im Rahmen des Anne Frank Tages im Schuljahr 2021\/22 entstanden sind<\/span><\/strong><\/p>\n\n\n\n<figure class=\"wp-block-gallery aligncenter has-nested-images columns-default is-cropped wp-block-gallery-3 is-layout-flex wp-block-gallery-is-layout-flex\">\n<figure class=\"wp-block-image size-large\"><a href=\"https:\/\/www.lebenlernen.com\/sek_magdeburg\/wp-content\/uploads\/2022\/06\/3427815F-B1DD-4C98-AFE2-2BEAEC28471C.jpeg\"><img loading=\"lazy\" decoding=\"async\" width=\"817\" height=\"1024\" data-id=\"6067\" src=\"https:\/\/www.lebenlernen.com\/sek_magdeburg\/wp-content\/uploads\/2022\/06\/3427815F-B1DD-4C98-AFE2-2BEAEC28471C-817x1024.jpeg\" alt=\"\" class=\"wp-image-6067\" srcset=\"https:\/\/www.lebenlernen.com\/sek_magdeburg\/wp-content\/uploads\/2022\/06\/3427815F-B1DD-4C98-AFE2-2BEAEC28471C-817x1024.jpeg 817w, https:\/\/www.lebenlernen.com\/sek_magdeburg\/wp-content\/uploads\/2022\/06\/3427815F-B1DD-4C98-AFE2-2BEAEC28471C-239x300.jpeg 239w, https:\/\/www.lebenlernen.com\/sek_magdeburg\/wp-content\/uploads\/2022\/06\/3427815F-B1DD-4C98-AFE2-2BEAEC28471C-768x962.jpeg 768w, https:\/\/www.lebenlernen.com\/sek_magdeburg\/wp-content\/uploads\/2022\/06\/3427815F-B1DD-4C98-AFE2-2BEAEC28471C.jpeg 1012w\" sizes=\"(max-width: 817px) 100vw, 817px\" \/><\/a><\/figure>\n\n\n\n<figure class=\"wp-block-image size-large\"><a href=\"https:\/\/www.lebenlernen.com\/sek_magdeburg\/wp-content\/uploads\/2022\/06\/17BE99FC-B111-4307-9988-BE752F358C43.jpeg\"><img loading=\"lazy\" decoding=\"async\" width=\"709\" height=\"1024\" data-id=\"6066\" src=\"https:\/\/www.lebenlernen.com\/sek_magdeburg\/wp-content\/uploads\/2022\/06\/17BE99FC-B111-4307-9988-BE752F358C43-709x1024.jpeg\" alt=\"\" class=\"wp-image-6066\" srcset=\"https:\/\/www.lebenlernen.com\/sek_magdeburg\/wp-content\/uploads\/2022\/06\/17BE99FC-B111-4307-9988-BE752F358C43-709x1024.jpeg 709w, https:\/\/www.lebenlernen.com\/sek_magdeburg\/wp-content\/uploads\/2022\/06\/17BE99FC-B111-4307-9988-BE752F358C43-208x300.jpeg 208w, https:\/\/www.lebenlernen.com\/sek_magdeburg\/wp-content\/uploads\/2022\/06\/17BE99FC-B111-4307-9988-BE752F358C43-768x1110.jpeg 768w, https:\/\/www.lebenlernen.com\/sek_magdeburg\/wp-content\/uploads\/2022\/06\/17BE99FC-B111-4307-9988-BE752F358C43.jpeg 829w\" sizes=\"(max-width: 709px) 100vw, 709px\" \/><\/a><\/figure>\n\n\n\n<figure class=\"wp-block-image size-large\"><a href=\"https:\/\/www.lebenlernen.com\/sek_magdeburg\/wp-content\/uploads\/2022\/06\/466969A8-A62D-44F3-A10C-884A82BD9233.jpeg\"><img loading=\"lazy\" decoding=\"async\" width=\"780\" height=\"1024\" data-id=\"6068\" src=\"https:\/\/www.lebenlernen.com\/sek_magdeburg\/wp-content\/uploads\/2022\/06\/466969A8-A62D-44F3-A10C-884A82BD9233-780x1024.jpeg\" alt=\"\" class=\"wp-image-6068\" srcset=\"https:\/\/www.lebenlernen.com\/sek_magdeburg\/wp-content\/uploads\/2022\/06\/466969A8-A62D-44F3-A10C-884A82BD9233-780x1024.jpeg 780w, https:\/\/www.lebenlernen.com\/sek_magdeburg\/wp-content\/uploads\/2022\/06\/466969A8-A62D-44F3-A10C-884A82BD9233-228x300.jpeg 228w, https:\/\/www.lebenlernen.com\/sek_magdeburg\/wp-content\/uploads\/2022\/06\/466969A8-A62D-44F3-A10C-884A82BD9233-768x1009.jpeg 768w, https:\/\/www.lebenlernen.com\/sek_magdeburg\/wp-content\/uploads\/2022\/06\/466969A8-A62D-44F3-A10C-884A82BD9233.jpeg 852w\" sizes=\"(max-width: 780px) 100vw, 780px\" \/><\/a><\/figure>\n<\/figure>\n\n\n\n<figure class=\"wp-block-video\"><video height=\"242\" style=\"aspect-ratio: 428 \/ 242;\" width=\"428\" controls src=\"https:\/\/www.lebenlernen.com\/sek_magdeburg\/wp-content\/uploads\/2022\/06\/trim.649ADA91-EC01-4846-B7FC-94702A3CF860.mov\"><\/video><\/figure>\n\n\n\n<figure class=\"wp-block-image size-large\"><a href=\"https:\/\/www.lebenlernen.com\/sek_magdeburg\/wp-content\/uploads\/2022\/05\/image.jpeg\"><img loading=\"lazy\" decoding=\"async\" width=\"1024\" height=\"819\" src=\"https:\/\/www.lebenlernen.com\/sek_magdeburg\/wp-content\/uploads\/2022\/05\/image-1024x819.jpeg\" alt=\"\" class=\"wp-image-6033\" srcset=\"https:\/\/www.lebenlernen.com\/sek_magdeburg\/wp-content\/uploads\/2022\/05\/image-1024x819.jpeg 1024w, https:\/\/www.lebenlernen.com\/sek_magdeburg\/wp-content\/uploads\/2022\/05\/image-300x240.jpeg 300w, https:\/\/www.lebenlernen.com\/sek_magdeburg\/wp-content\/uploads\/2022\/05\/image-768x614.jpeg 768w, https:\/\/www.lebenlernen.com\/sek_magdeburg\/wp-content\/uploads\/2022\/05\/image.jpeg 1495w\" sizes=\"(max-width: 1024px) 100vw, 1024px\" \/><\/a><\/figure>\n\n\n\n<p>\u201e<strong>Klasse \u00fcbersetzt!\u201c mit Radio SAW<\/strong><br>Am 25. April besuchte Ted Stanetzky von Radio SAW die 9. Klasse mit \u201eKlasse \u00fcbersetzt!\u201c.<br>Als Erstes h\u00f6rten wir uns den Song \u201eIn The Dark\u201c von Purple Disco Machine an, ein cooles und \u201eabgespacedes\u201c Lied mit guter Stimme. W\u00e4hrend wir uns das Lied anh\u00f6rten, erhielten wir Ausschnitte des Songtextes und \u00fcbersetzten diese zusammen mit Ted Stanetzky ins Deutsche. Nachdem das geschafft war, sprachen Sara, Zoe, Carlo und Oliver den \u00fcbersetzten Text ins Mikrofon ein. Danach nahmen Leonie, Florian und Fabian die Werbung f\u00fcr \u201eKlasse \u00fcbersetzt!\u201c auf. Zum Schluss stellten wir Herrn Stanetzky noch mehrere Fragen zu seinem Job und der allgemeinen Arbeit und dem Ablauf bei Radio SAW.<br>Das Ganze hat sehr viel Spa\u00df gemacht, man konnte sehr viel neues lernen und das, was man schon wusste gut anwenden. Die Arbeit mit Herrn Stanetzky war sch\u00f6n, weil er eine tolle Pers\u00f6nlichkeit hat und einfach nett ist. Wir k\u00f6nnen dieses Erlebnis an andere Klassen weiter empfehlen.<br>Florian und Fabian aus der 9. Klasse<\/p>\n\n\n\n<figure class=\"wp-block-image size-full is-resized\"><a href=\"https:\/\/www.lebenlernen.com\/sek_magdeburg\/wp-content\/uploads\/2022\/05\/A84D0BDD-62DB-4717-A8BD-FFAFFC3697B5.jpeg\"><img loading=\"lazy\" decoding=\"async\" width=\"1024\" height=\"594\" src=\"https:\/\/www.lebenlernen.com\/sek_magdeburg\/wp-content\/uploads\/2022\/05\/A84D0BDD-62DB-4717-A8BD-FFAFFC3697B5.jpeg\" alt=\"\" class=\"wp-image-6028\" style=\"width:398px;height:auto\" srcset=\"https:\/\/www.lebenlernen.com\/sek_magdeburg\/wp-content\/uploads\/2022\/05\/A84D0BDD-62DB-4717-A8BD-FFAFFC3697B5.jpeg 1024w, https:\/\/www.lebenlernen.com\/sek_magdeburg\/wp-content\/uploads\/2022\/05\/A84D0BDD-62DB-4717-A8BD-FFAFFC3697B5-300x174.jpeg 300w, https:\/\/www.lebenlernen.com\/sek_magdeburg\/wp-content\/uploads\/2022\/05\/A84D0BDD-62DB-4717-A8BD-FFAFFC3697B5-768x446.jpeg 768w\" sizes=\"(max-width: 1024px) 100vw, 1024px\" \/><\/a><\/figure>\n\n\n\n<p><\/p>\n\n\n\n<figure class=\"wp-block-image size-full\"><a href=\"https:\/\/www.lebenlernen.com\/sek_magdeburg\/wp-content\/uploads\/2022\/01\/E5E104B4-E968-4548-9650-E419EE177435.jpg\"><img loading=\"lazy\" decoding=\"async\" width=\"512\" height=\"640\" src=\"https:\/\/www.lebenlernen.com\/sek_magdeburg\/wp-content\/uploads\/2022\/01\/E5E104B4-E968-4548-9650-E419EE177435.jpg\" alt=\"\" class=\"wp-image-5954\" srcset=\"https:\/\/www.lebenlernen.com\/sek_magdeburg\/wp-content\/uploads\/2022\/01\/E5E104B4-E968-4548-9650-E419EE177435.jpg 512w, https:\/\/www.lebenlernen.com\/sek_magdeburg\/wp-content\/uploads\/2022\/01\/E5E104B4-E968-4548-9650-E419EE177435-240x300.jpg 240w\" sizes=\"(max-width: 512px) 100vw, 512px\" \/><\/a><\/figure>\n\n\n\n<p><\/p>\n\n\n\n<figure class=\"wp-block-video\"><\/figure>\n\n\n\n<figure class=\"wp-block-video\"><\/figure>\n","protected":false},"excerpt":{"rendered":"<p>Collage zum Thema M\u00e4rchen &#8211; Gemeinschaftsarbeit Klasse 5b Projekt in Lernmethoden Klasse 6 Anne Frank Tag 2023 Am diesj\u00e4hrigen Anne Frank Tag hatte sich das Lehrerteam etwas Besonderes \u00fcberlegt. Es fanden verschiedene Workshops statt, die sich um das Thema IDEALE drehten und in die wir uns einw\u00e4hlen durften. Es gab einen Graffiti-Workshop mit dem Magdeburger<\/p>\n<div><a class=\"btn-filled btn\" href=\"https:\/\/www.lebenlernen.com\/sek_magdeburg\/schuelerprojekte\/\" title=\"Sch\u00fclerprojekte\">Read More<\/a><\/div>\n","protected":false},"author":1,"featured_media":0,"parent":0,"menu_order":0,"comment_status":"closed","ping_status":"closed","template":"","meta":{"ngg_post_thumbnail":0,"footnotes":""},"class_list":["post-5720","page","type-page","status-publish","hentry"],"_links":{"self":[{"href":"https:\/\/www.lebenlernen.com\/sek_magdeburg\/wp-json\/wp\/v2\/pages\/5720","targetHints":{"allow":["GET"]}}],"collection":[{"href":"https:\/\/www.lebenlernen.com\/sek_magdeburg\/wp-json\/wp\/v2\/pages"}],"about":[{"href":"https:\/\/www.lebenlernen.com\/sek_magdeburg\/wp-json\/wp\/v2\/types\/page"}],"author":[{"embeddable":true,"href":"https:\/\/www.lebenlernen.com\/sek_magdeburg\/wp-json\/wp\/v2\/users\/1"}],"replies":[{"embeddable":true,"href":"https:\/\/www.lebenlernen.com\/sek_magdeburg\/wp-json\/wp\/v2\/comments?post=5720"}],"version-history":[{"count":3,"href":"https:\/\/www.lebenlernen.com\/sek_magdeburg\/wp-json\/wp\/v2\/pages\/5720\/revisions"}],"predecessor-version":[{"id":6710,"href":"https:\/\/www.lebenlernen.com\/sek_magdeburg\/wp-json\/wp\/v2\/pages\/5720\/revisions\/6710"}],"wp:attachment":[{"href":"https:\/\/www.lebenlernen.com\/sek_magdeburg\/wp-json\/wp\/v2\/media?parent=5720"}],"curies":[{"name":"wp","href":"https:\/\/api.w.org\/{rel}","templated":true}]}}