{"id":5688,"date":"2021-03-19T09:17:51","date_gmt":"2021-03-19T09:17:51","guid":{"rendered":"https:\/\/www.lebenlernen.com\/sek_magdeburg\/?page_id=5688"},"modified":"2025-09-03T10:13:02","modified_gmt":"2025-09-03T10:13:02","slug":"girlsday-boysday","status":"publish","type":"page","link":"https:\/\/www.lebenlernen.com\/sek_magdeburg\/elterninformationen\/girlsday-boysday\/","title":{"rendered":"Girls\u00b4Day &amp; Boys\u00b4Day 2026"},"content":{"rendered":"<p>&nbsp;<\/p>\n<p>Hier finden Sie alle wichtigen Briefe und Antr\u00e4ge.&nbsp;<\/p>\n<p>Am 2<strong>3. April 2026<\/strong>&nbsp;findet der &#8222;Girl&#8217;s Day &#8211; M\u00e4dchen-Zukunftstag&#8220; und &#8222;Boy&#8217;s Day &#8211; Jungen-Zukunftstag&#8220; statt.<\/p>\n<p>Auf dieser Seite k\u00f6nnen Sie sich&nbsp; informieren.<\/p>\n<p><a href=\"https:\/\/mb.sachsen-anhalt.de\/themen\/faecheruebergreifende-themen\/berufsorientierung\/girls-day-maedchen-zukunftstag-boys-day-jungen-zukunftstag\/\">Girls&#8216; Day &#8211; M\u00e4dchen-Zukunftstag Boys&#8216; Day &#8211; Jungen-Zukunftstag (sachsen-anhalt.de)<\/a><\/p>\n<p>&nbsp;<\/p>\n<p>Alle notwendigen Informationen sowie Unterlagen\/Formulare vom Land finden Sie hier:<\/p>\n<p><a href=\"https:\/\/mb.sachsen-anhalt.de\/themen\/faecheruebergreifende-themen\/berufsorientierung\/girls-day-maedchen-zukunftstag-boys-day-jungen-zukunftstag\/\">https:\/\/mb.sachsen-anhalt.de\/themen\/faecheruebergreifende-themen\/berufsorientierung\/girls-day-maedchen-zukunftstag-boys-day-jungen-zukunftstag\/<\/a><\/p>\n<p>&nbsp;<\/p>\n\n\n<p><\/p>\n","protected":false},"excerpt":{"rendered":"<p>&nbsp; Hier finden Sie alle wichtigen Briefe und Antr\u00e4ge.&nbsp; Am 23. April 2026&nbsp;findet der &#8222;Girl&#8217;s Day &#8211; M\u00e4dchen-Zukunftstag&#8220; und &#8222;Boy&#8217;s Day &#8211; Jungen-Zukunftstag&#8220; statt. Auf dieser Seite k\u00f6nnen Sie sich&nbsp; informieren. Girls&#8216; Day &#8211; M\u00e4dchen-Zukunftstag Boys&#8216; Day &#8211; Jungen-Zukunftstag (sachsen-anhalt.de) &nbsp; Alle notwendigen Informationen sowie Unterlagen\/Formulare vom Land finden Sie hier: https:\/\/mb.sachsen-anhalt.de\/themen\/faecheruebergreifende-themen\/berufsorientierung\/girls-day-maedchen-zukunftstag-boys-day-jungen-zukunftstag\/ &nbsp;<\/p>\n","protected":false},"author":1,"featured_media":0,"parent":5921,"menu_order":0,"comment_status":"closed","ping_status":"closed","template":"","meta":{"ngg_post_thumbnail":0,"footnotes":""},"class_list":["post-5688","page","type-page","status-publish","hentry"],"_links":{"self":[{"href":"https:\/\/www.lebenlernen.com\/sek_magdeburg\/wp-json\/wp\/v2\/pages\/5688","targetHints":{"allow":["GET"]}}],"collection":[{"href":"https:\/\/www.lebenlernen.com\/sek_magdeburg\/wp-json\/wp\/v2\/pages"}],"about":[{"href":"https:\/\/www.lebenlernen.com\/sek_magdeburg\/wp-json\/wp\/v2\/types\/page"}],"author":[{"embeddable":true,"href":"https:\/\/www.lebenlernen.com\/sek_magdeburg\/wp-json\/wp\/v2\/users\/1"}],"replies":[{"embeddable":true,"href":"https:\/\/www.lebenlernen.com\/sek_magdeburg\/wp-json\/wp\/v2\/comments?post=5688"}],"version-history":[{"count":4,"href":"https:\/\/www.lebenlernen.com\/sek_magdeburg\/wp-json\/wp\/v2\/pages\/5688\/revisions"}],"predecessor-version":[{"id":7106,"href":"https:\/\/www.lebenlernen.com\/sek_magdeburg\/wp-json\/wp\/v2\/pages\/5688\/revisions\/7106"}],"up":[{"embeddable":true,"href":"https:\/\/www.lebenlernen.com\/sek_magdeburg\/wp-json\/wp\/v2\/pages\/5921"}],"wp:attachment":[{"href":"https:\/\/www.lebenlernen.com\/sek_magdeburg\/wp-json\/wp\/v2\/media?parent=5688"}],"curies":[{"name":"wp","href":"https:\/\/api.w.org\/{rel}","templated":true}]}}