{"id":52,"date":"2010-08-04T10:07:25","date_gmt":"2010-08-04T10:07:25","guid":{"rendered":"http:\/\/www.lebenlernen.com\/sek-magdeburg\/?page_id=52"},"modified":"2021-09-17T13:54:59","modified_gmt":"2021-09-17T13:54:59","slug":"glossar","status":"publish","type":"page","link":"https:\/\/www.lebenlernen.com\/sek_magdeburg\/konzept\/glossar\/","title":{"rendered":"Glossar"},"content":{"rendered":"\n<figure class=\"wp-block-table is-style-stripes\"><table  class=\"has-background table table-hover\"  style=\"background-color:#e9fbe5\"><tbody><tr><td><strong>\u00c4rztliche Betreuung<\/strong><\/td><td>Sollte eine \u00e4rztliche Betreuung erforderlich sein, wird bei vorliegendem Einverst\u00e4ndnis der Eltern der zust\u00e4ndige Arzt hinzugezogen. Routinem\u00e4\u00dfige Arzt- und Zahnarztbesuche sind m\u00f6glichst in die unterrichtsfreie Zeit oder in den Ferien zu legen.<\/td><\/tr><tr><td><strong>Ausr\u00fcstung<\/strong><\/td><td>F\u00fcr den Besuch unserer Schule ist zur Zeit keine spezielle Ausr\u00fcstung notwendig. Eine Liste, die \u00fcber Schul- und Verbrauchermaterialien Auskunft gibt, erhalten Eltern jeweils vor Beginn des Schuljahres. F\u00fcr die pers\u00f6nlichen Gegenst\u00e4nde der Sch\u00fcler \u00fcbernehmen wir keine Haftung. Sie haben die M\u00f6glichkeit, Wertgegenst\u00e4nde in den pers\u00f6nlichen Spinden einzuschlie\u00dfen oder im Sekretariat zu hinterlegen.<\/td><\/tr><tr><td><strong>Ausk\u00fcnfte<\/strong><\/td><td>Das gesamte Team unserer Schule steht Eltern und Kindern gern mit Rat und Tat zur Verf\u00fcgung. Am besten wenden Sie sich direkt an die zust\u00e4ndige Person oder nutzen Telefon und E-Mail.<\/td><\/tr><tr><td><strong>Arbeitsmaterialien<\/strong><\/td><td>Arbeitsmaterialien sind teuer und wertvoll, deshalb sollten alle umweltbewusst und sorgf\u00e4ltig damit umgehen. Sie sollten stets sauber, vollst\u00e4ndig, einsatzbereit und f\u00fcr alle zug\u00e4nglich sein.<\/td><\/tr><tr><td><strong>Abwesenheit<\/strong><\/td><td>Die Abwesenheitsregelung unserer Schule richtet sich nach den einschl\u00e4gigen Bestimmungen des Landes Sachsen-Anhalt. F\u00fcr jede voraussehbare Abwesenheit ist schriftlich um Freistellung zu ersuchen. Unentschuldigte Abwesenheit wird im Zeugnis vermerkt.<\/td><\/tr><tr><td><strong>Arbeitsklima<\/strong><\/td><td>Nur wer gut gelaunt und motiviert zur Arbeit erscheint, kann unser Schulklima bereichern. Respektvoller Umgang mit Menschen und Materialien, ein Geben und Nehmen, ein Fordern und F\u00f6rdern, Selbstakzeptanz und Vertrauen in die eigenen F\u00e4higkeiten, aber auch Humor und Spa\u00df sind die Bestandteile guten Klimas. Alle sollten dazu beitragen.<\/td><\/tr><tr><td><strong>B\u00fccher<\/strong><\/td><td>Alle Schulb\u00fccher sind ebenso wie die pers\u00f6nlichen W\u00f6rterb\u00fccher pfleglich zu behandeln. Bei mutwillig verursachten Sch\u00e4den haften die Eltern.<\/td><\/tr><tr><td><strong>Bibliothek<\/strong><\/td><td>In jedem Lernatelier steht den Sch\u00fclern eine Handbibliothek zur Verf\u00fcgung. Sie wird von den Kindern eigenverantwortlich genutzt. Mit den B\u00fcchern ist sorgf\u00e4ltig umzugehen, Besch\u00e4digungen sind zu vermeiden.<\/td><\/tr><tr><td><strong>Computer<\/strong><\/td><td>Eine moderne Ausbildung ohne Computer w\u00e4re undenkbar. Wir arbeiten mit zeitgem\u00e4\u00dfer Hard- und Software, die von allen bei Bedarf genutzt werden kann. Das handschriftliche Arbeiten wird nicht vom Computer abgel\u00f6st. Um das Ausbreiten von Computerviren zu vermeiden, ist das Benutzen eigener Programme und Spiele untersagt.<\/td><\/tr><tr><td>&nbsp;<\/td><td>&nbsp;<\/td><\/tr><tr><td><strong>Drogen<\/strong><\/td><td>Unsere Schule ist drogenfrei! Der Besitz, Konsum und Vertrieb von Alkohol und Drogen f\u00fchrt zur sofortigen K\u00fcndigung des Schulvertrages.<\/td><\/tr><tr><td><strong>Exkursionen<\/strong><\/td><td>Manchmal befindet sich unser Lernort auch au\u00dferhalb der Schule. Die Sch\u00fcler werden begleitet. Sie verhalten sich im Stra\u00dfenverkehr, \u00f6ffentlichen Einrichtungen und Verkehrsmitteln diszipliniert. Belehrungen erfolgen vor Exkursionsantritt.<\/td><\/tr><tr><td><strong>Elterngespr\u00e4che<\/strong><\/td><td>Eine enge Zusammenarbeit zwischen Eltern und Schule f\u00f6rdert den Lernerfolg. Regelm\u00e4\u00dfig treffen wir uns mit den Eltern, um die Entwicklung zu besprechen und neue Ziele abzustecken.<\/td><\/tr><tr><td><strong>Eigentum<\/strong><\/td><td>Sch\u00fcler verf\u00fcgen \u00fcber pers\u00f6nliches Eigentum, mit dem sie pfleglich umgehen. Dies gilt auch f\u00fcr das Eigentum der Schule. Ohne Erlaubnis wird das, was anderen geh\u00f6rt, nicht benutzt, mitgenommen oder zerst\u00f6rt. Wer das \u201eMein-Dein-Prinzip\u201c nicht akzeptiert, muss mit Konsequenzen rechnen.<\/td><\/tr><tr><td><strong>Essen<\/strong><\/td><td>Wir ern\u00e4hren uns gesund und abwechslungsreich. Die Hauptmahlzeiten nehmen wir gemeinsam ein.<\/td><\/tr><tr><td>&nbsp;<\/td><td>&nbsp;<\/td><\/tr><tr><td><strong>F\u00f6rderung<\/strong><\/td><td>Wir f\u00f6rdern die St\u00e4rken aller Sch\u00fcler und Sch\u00fclerinnen.<\/td><\/tr><tr><td><strong>Fl\u00fcsterkultur<\/strong><\/td><td>Nur in angenehmer ruhiger Atmosph\u00e4re ist konzentriertes Arbeiten m\u00f6glich. Da alle Sch\u00fcler individuell und differenziert arbeiten, fl\u00fcstern wir im Lernatelier.<\/td><\/tr><tr><td><strong>Ferien<\/strong><\/td><td>Unsere Ferienzeiten entsprechen den Regelungen des Landes. Sie werden Eltern und Kindern zu Beginn des laufenden Schuljahres mitgeteilt.<\/td><\/tr><tr><td><strong>Fahrkarten<\/strong><\/td><td>F\u00fcr die Fahrkarten zur Schule sind die Eltern verantwortlich. Schulfahrten planen wir gemeinsam mit Sch\u00fclern und Eltern, die auch gern als Betreuer daran teilnehmen k\u00f6nnen.<\/td><\/tr><tr><td><strong>Gewalt<\/strong><\/td><td>Wir lehnen jede Form von Gewalt klar ab. Waffen jeglicher Art sind strikt verboten. Von ihrem Mitf\u00fchren werden die Eltern umgehend in Kenntnis gesetzt. Wiederholte Gewaltanwendung wird disziplinarisch geahndet und in den Unterlagen festgehalten.<\/td><\/tr><tr><td><strong>Hausschuhe<\/strong><\/td><td>In unserer Schule werden die&nbsp;Schuhe gewechselt.<\/td><\/tr><tr><td><strong>Hausordnung<\/strong><\/td><td>Die Hausordnung wird f\u00fcr alle sichtbar und zug\u00e4nglich an der Info-Tafel ausgeh\u00e4ngt. Sie ist verpflichtend.<\/td><\/tr><tr><td><strong>Handy<\/strong><\/td><td>F\u00fcr die Dauer des Lerntages sind die Handys auszuschalten und im Spind aufzubewahren. Bei Verst\u00f6\u00dfen werden sie eingesammelt und den Eltern \u00fcbergeben. Die Schule \u00fcbernimmt f\u00fcr die Handys keinerlei Haftung.<\/td><\/tr><tr><td><strong>Internet<\/strong><\/td><td>Die Schule verf\u00fcgt \u00fcber Internetanschl\u00fcsse in den Lernateliers, die zu Lernzwecken genutzt werden k\u00f6nnen. Chatten und der Besuch von schul- sowie zweckfremden Websites ist verboten. Downloads bed\u00fcrfen der Bewilligung der Lehrkraft. Den Internetauftritt unserer Schule finden sie unter www.lebenlernen.com<\/td><\/tr><tr><td><strong>Informationen<\/strong><\/td><td>Schulinterne Informationen werden ausgeh\u00e4ngt, in Veranstaltungen bekannt gegeben oder den Eltern schriftlich mitgeteilt.<\/td><\/tr><tr><td><strong>Jahresplan<\/strong><\/td><td>Am Anfang des Schuljahres stellen die Lehrkr\u00e4fte den neuen Jahresplan vor. Elternvorschl\u00e4ge sind herzlich willkommen. Kurzfristige \u00c4nderungen sind vorbehalten.<\/td><\/tr><tr><td><strong>Konflikte<\/strong><\/td><td>Es ist wichtig, den konstruktiven Umgang mit Konflikten zu lernen, um sich fair und partnerschaftlich zu verhalten. An unserer Schule gibt es ausgebildete Streitschlichter.<\/td><\/tr><tr><td>&nbsp;<\/td><td>&nbsp;<\/td><\/tr><tr><td><strong>Kleidung<\/strong><\/td><td>Eine Schulkleidung gibt es zum gegenw\u00e4rtigen Zeitpunkt noch nicht. Gewaltverherrlichende und den guten Geschmack verletzende Aufdrucke geh\u00f6ren nicht in die Schule. Wir achten auf Sauberkeit und angemessene Kleidung.<\/td><\/tr><tr><td><strong>Lehrer<\/strong><\/td><td>Unsere Mitarbeiter lehren nicht nur, sondern beraten und betreuen ihre Sch\u00fcler.<\/td><\/tr><tr><td><strong>Layout<\/strong><\/td><td>Offene Arbeitsformen sind f\u00fcr beide Seiten verbindlich. Mit Hilfe des Layouts und in Absprache mit dem Lehrer organisieren die Sch\u00fcler ihre Arbeitswoche. Sie setzen sich inhaltliche Schwerpunkte, planen alle Arbeitsbereiche und lernen zugleich ihr Lern- und Arbeitsverhalten sowie ihre Ergebnisse einzusch\u00e4tzen.<\/td><\/tr><tr><td><strong>Musik<\/strong><\/td><td>Kunst und Musik bereichern das Leben. Die f\u00fcr die Lernarbeit notwendigen Ger\u00e4te stellt die Schule zur Verf\u00fcgung, f\u00fcr privat mitgebrachte Abspielger\u00e4te haften wir nicht. Sie d\u00fcrfen nur in der Freizeit genutzt werden und sind im Spind abzulegen.<\/td><\/tr><tr><td><strong>Medikamente<\/strong><\/td><td>Wir bitten die Eltern in jedem Fall eine ggf. notwendige Medikamenteneinnahme mit dem Lehrer abzusprechen. Mitgebrachte, verschreibungspflichtige Medikamente werden bei der Schulleitung deponiert und den Sch\u00fclern ausgeh\u00e4ndigt.<\/td><\/tr><tr><td><strong>Nachhilfe<\/strong><\/td><td>&#8230; ist f\u00fcr uns (k)ein Thema. Sprechen Sie uns an!<\/td><\/tr><tr><td><strong>Nachmittagsveranstaltungen<\/strong><\/td><td>Als Ganztagsschule unterbreiten wir nachmittags vielf\u00e4ltige Angebote, die den schulischen Informationen zu entnehmen sind.<\/td><\/tr><tr><td><strong>Ordnung<\/strong><\/td><td>&#8230; ist unbedingt n\u00f6tig, wenn es gilt, sich und das Zusammenleben zu organisieren. Schulmaterialien sind systematisch abzulegen. Am Ende des Tages ist der Arbeitsplatz aufger\u00e4umt zu hinterlassen.<\/td><\/tr><tr><td><strong>Optimismus<\/strong><\/td><td>&#8230; ist unsere emotionale Grundhaltung.<\/td><\/tr><tr><td><strong>Offene T\u00fcr<\/strong><\/td><td>1. Wir arbeiten nicht hinter verschlossenen T\u00fcren. Wird es im Lernatelier zu eng, weil die Sch\u00fclerpr\u00e4sentationen zu gro\u00df sind, k\u00f6nnen bei offener T\u00fcr auch andere R\u00e4umlichkeiten genutzt werden.<br>2. Tag der offenen T\u00fcr: Allj\u00e4hrlich f\u00fchren wir den Tag der offenen T\u00fcr durch, an dem sich alle Interessenten \u00fcber unser Schulkonzept und seine Umsetzung informieren k\u00f6nnen.<\/td><\/tr><tr><td><strong>Pr\u00fcfungsvorbereitungen (PV)<\/strong><\/td><td>Mit dem Eintritt in unsere Schule beginnt die Vorbereitung auf eine weiterf\u00fchrende Ausbildung. In den Klassen 9 und 10 werden spezielle PV angeboten, die der Ereichung des staatlichen Schulabschlusses dienen und die in Zusammenarbeit mit den Fachlehrern abgestimmt werden.<\/td><\/tr><tr><td><strong>Praktika<\/strong><\/td><td>Auf dem Wege der Berufsfindung f\u00fchren die Sch\u00fcler ab Klasse 6 Praktika in unterschiedlichen Formen durch, die von der Schule vorbereitet und betreut werden.<\/td><\/tr><tr><td><strong>Pausen<\/strong><\/td><td>Pausen dienen zur Erholung und zur Regeneration. Wenn es das Wetter zul\u00e4sst, verbringen wir sie im Freien und in Bewegung.<\/td><\/tr><tr><td><strong>P\u00fcnktlichkeit<\/strong><\/td><td>Von 07:30 Uhr bis 08:00 Uhr bieten wir eine offene Eingangsphase. Um 08:00 Uhr werden wir mit der t\u00e4glichen Arbeit beginnen.<\/td><\/tr><tr><td><strong>Qualit\u00e4t<\/strong><\/td><td>Wir arbeiten nach dem Qualit\u00e4tsmanagementsystem DIN ISO 9001:2000. Als Bildungseinrichtung sehen wir uns einem H\u00f6chstma\u00df an Qualit\u00e4t verpflichtet.<\/td><\/tr><tr><td><strong>Regeln<\/strong><\/td><td>An unserer Schule gelten die Regeln des fairen Miteinanders und der Schulordnung. Regelverst\u00f6\u00dfe ziehen Konsequenzen nach sich.<\/td><\/tr><tr><td><strong>Rauchen<\/strong><\/td><td>Rauchen schadet der Gesundheit!!! Auf dem gesamten Schulgel\u00e4nde besteht f\u00fcr unsere Sch\u00fcler absolutes Rauchverbot. Werden Sch\u00fcler beim Rauchen erwischt, hat das Konsequenzen. Bei wiederholter Zuwiderhandlung werden die Eltern informiert, und es erfolgt eine Abmahnung.<\/td><\/tr><tr><td><strong>Sport<\/strong><\/td><td>Die Lehrer begleiten die Sch\u00fcler bis Klasse\u00a06 auf dem Weg zwischen Schule und Sporthalle und zur\u00fcck.<\/td><\/tr><tr><td><strong>Sprachen<\/strong><\/td><td>Als zweite Fremdsprache bietet unsere Schule Franz\u00f6sisch und Russisch an.<\/td><\/tr><tr><td><strong>Sicherheit<\/strong><\/td><td>L\u00f6schger\u00e4te und Fluchtwege sind&nbsp;wie vorgeschrieben vorhanden.&nbsp;Werden L\u00f6schger\u00e4te willk\u00fcrlich besch\u00e4digt, tragen die Eltern die Kosten des Ersatzes. Aus Sicherheitsgr\u00fcnden werden Brandschutz\u00fcbungen durchgef\u00fchrt.<\/td><\/tr><tr><td><strong>Selbstverantwortung<\/strong><\/td><td>Ein Grundziel unserer Schule besteht in der Heranbildung junger Menschen, die sowohl im schulischen als auch im pers\u00f6nlichen, privaten Leben Verantwortung f\u00fcr sich selbst tragen k\u00f6nnen.<\/td><\/tr><tr><td><strong>Schulfeste<\/strong><\/td><td>Schulfeste sind fester Bestandteil unseres Jahresplanes. Jedes Schuljahr beenden wir festlich. Weitere Festivit\u00e4ten werden langfristig geplant.<\/td><\/tr><tr><td><strong>Schreiben \/ Schrift<\/strong><\/td><td>Sowohl bei der Anfertigung handschriftlicher Arbeiten, als auch bei der Nutzung des Computers legen wir auf Sauberkeit und Sorgfalt gro\u00dfen Wert. Zur F\u00f6rderung eines gut lesbaren Schriftbildes ist die Benutzung der Anwenderprogramme bei einigen&nbsp;Aufgabenstellungen untersagt.<\/td><\/tr><tr><td><strong>Versicherungen<\/strong><\/td><td>Wir gehen davon aus, dass alle Kinder kranken- und unfallversichert sind und dass Haftpflichtversicherungen abgeschlossen wurden. F\u00fcr einen Notfall m\u00fcssen die Versicherungsdaten in den Sch\u00fclerunterlagen hinterlegt werden.<\/td><\/tr><tr><td><strong>Wochenplan<\/strong><\/td><td>Der Wochenplan ersetzt das Hausaufgabenheft. Er ist Aufgabenheft und&nbsp;Terminkalender und deshalb sorgf\u00e4ltig zu f\u00fchren und w\u00f6chentlich von Eltern und Klassenlehrerin abzuzeichnen.<\/td><\/tr><\/tbody><\/table><\/figure>\n","protected":false},"excerpt":{"rendered":"<p>\u00c4rztliche Betreuung Sollte eine \u00e4rztliche Betreuung erforderlich sein, wird bei vorliegendem Einverst\u00e4ndnis der Eltern der zust\u00e4ndige Arzt hinzugezogen. Routinem\u00e4\u00dfige Arzt- und Zahnarztbesuche sind m\u00f6glichst in die unterrichtsfreie Zeit oder in den Ferien zu legen. Ausr\u00fcstung F\u00fcr den Besuch unserer Schule ist zur Zeit keine spezielle Ausr\u00fcstung notwendig. Eine Liste, die \u00fcber Schul- und Verbrauchermaterialien Auskunft<\/p>\n<div><a class=\"btn-filled btn\" href=\"https:\/\/www.lebenlernen.com\/sek_magdeburg\/konzept\/glossar\/\" title=\"Glossar\">Read More<\/a><\/div>\n","protected":false},"author":1,"featured_media":0,"parent":2,"menu_order":0,"comment_status":"closed","ping_status":"closed","template":"","meta":{"ngg_post_thumbnail":0,"footnotes":""},"class_list":["post-52","page","type-page","status-publish","hentry"],"_links":{"self":[{"href":"https:\/\/www.lebenlernen.com\/sek_magdeburg\/wp-json\/wp\/v2\/pages\/52","targetHints":{"allow":["GET"]}}],"collection":[{"href":"https:\/\/www.lebenlernen.com\/sek_magdeburg\/wp-json\/wp\/v2\/pages"}],"about":[{"href":"https:\/\/www.lebenlernen.com\/sek_magdeburg\/wp-json\/wp\/v2\/types\/page"}],"author":[{"embeddable":true,"href":"https:\/\/www.lebenlernen.com\/sek_magdeburg\/wp-json\/wp\/v2\/users\/1"}],"replies":[{"embeddable":true,"href":"https:\/\/www.lebenlernen.com\/sek_magdeburg\/wp-json\/wp\/v2\/comments?post=52"}],"version-history":[{"count":0,"href":"https:\/\/www.lebenlernen.com\/sek_magdeburg\/wp-json\/wp\/v2\/pages\/52\/revisions"}],"up":[{"embeddable":true,"href":"https:\/\/www.lebenlernen.com\/sek_magdeburg\/wp-json\/wp\/v2\/pages\/2"}],"wp:attachment":[{"href":"https:\/\/www.lebenlernen.com\/sek_magdeburg\/wp-json\/wp\/v2\/media?parent=52"}],"curies":[{"name":"wp","href":"https:\/\/api.w.org\/{rel}","templated":true}]}}