{"id":50,"date":"2010-08-04T10:05:47","date_gmt":"2010-08-04T10:05:47","guid":{"rendered":"http:\/\/www.lebenlernen.com\/sek-magdeburg\/?page_id=50"},"modified":"2026-02-17T16:26:39","modified_gmt":"2026-02-17T16:26:39","slug":"kosten","status":"publish","type":"page","link":"https:\/\/www.lebenlernen.com\/sek_magdeburg\/konzept\/kosten\/","title":{"rendered":"Kosten"},"content":{"rendered":"<p>Ohne finanzielle Elternbeteiligung werden wir als freier Tr\u00e4ger die Schule nicht f\u00fchren k\u00f6nnen. Das Schulgeld umfasst die Unterrichtszeit sowie alle Betreuungs- und Aufenthaltszeiten. Am 1. August 2026 erheben wir ein monatliches Schulgeld von 180 \u20ac.&nbsp;<\/p>\n","protected":false},"excerpt":{"rendered":"<p>Ohne finanzielle Elternbeteiligung werden wir als freier Tr\u00e4ger die Schule nicht f\u00fchren k\u00f6nnen. Das Schulgeld umfasst die Unterrichtszeit sowie alle Betreuungs- und Aufenthaltszeiten. Am 1. August 2026 erheben wir ein monatliches Schulgeld von 180 \u20ac.&nbsp;<\/p>\n","protected":false},"author":1,"featured_media":0,"parent":2,"menu_order":0,"comment_status":"closed","ping_status":"closed","template":"","meta":{"ngg_post_thumbnail":0,"footnotes":""},"class_list":["post-50","page","type-page","status-publish","hentry"],"_links":{"self":[{"href":"https:\/\/www.lebenlernen.com\/sek_magdeburg\/wp-json\/wp\/v2\/pages\/50","targetHints":{"allow":["GET"]}}],"collection":[{"href":"https:\/\/www.lebenlernen.com\/sek_magdeburg\/wp-json\/wp\/v2\/pages"}],"about":[{"href":"https:\/\/www.lebenlernen.com\/sek_magdeburg\/wp-json\/wp\/v2\/types\/page"}],"author":[{"embeddable":true,"href":"https:\/\/www.lebenlernen.com\/sek_magdeburg\/wp-json\/wp\/v2\/users\/1"}],"replies":[{"embeddable":true,"href":"https:\/\/www.lebenlernen.com\/sek_magdeburg\/wp-json\/wp\/v2\/comments?post=50"}],"version-history":[{"count":2,"href":"https:\/\/www.lebenlernen.com\/sek_magdeburg\/wp-json\/wp\/v2\/pages\/50\/revisions"}],"predecessor-version":[{"id":7198,"href":"https:\/\/www.lebenlernen.com\/sek_magdeburg\/wp-json\/wp\/v2\/pages\/50\/revisions\/7198"}],"up":[{"embeddable":true,"href":"https:\/\/www.lebenlernen.com\/sek_magdeburg\/wp-json\/wp\/v2\/pages\/2"}],"wp:attachment":[{"href":"https:\/\/www.lebenlernen.com\/sek_magdeburg\/wp-json\/wp\/v2\/media?parent=50"}],"curies":[{"name":"wp","href":"https:\/\/api.w.org\/{rel}","templated":true}]}}