{"id":45,"date":"2010-08-04T10:03:08","date_gmt":"2010-08-04T10:03:08","guid":{"rendered":"http:\/\/www.lebenlernen.com\/sek-magdeburg\/?page_id=45"},"modified":"2019-09-04T14:07:37","modified_gmt":"2019-09-04T14:07:37","slug":"vorteile-und-nutzen","status":"publish","type":"page","link":"https:\/\/www.lebenlernen.com\/sek_magdeburg\/konzept\/vorteile-und-nutzen\/","title":{"rendered":"Vorteile und Nutzen"},"content":{"rendered":"<p>Der Tr\u00e4ger ist kompetenter Partner f\u00fcr Bildung in der Region<\/p>\n<p>LebenLernen\u00ae ist eine Schule in Tr\u00e4gerschaft der <a title=\"Oskar K\u00e4mmer Schule\" href=\"http:\/\/www.oks.de\" target=\"_blank\" rel=\"noopener noreferrer\">Oskar K\u00e4mmer Schule<\/a>, die in der Region als kompetenter Partner f\u00fcr Bildung angesehen wird: Allgemeinbildung, Erstausbildung und Fortbildung<\/p>\n<p>Selbstorganisation und Eigeninitiative f\u00fcr die Zukunft lernen<\/p>\n<p>Die Zukunft verlangt jungen Menschen in Berufswelt und Gesellschaft mehr Selbstorganisation und Eigeninitiative als fr\u00fcher ab. Unser p\u00e4dagogisches Konzept setzt da an, wo das p\u00e4dagogische Normalma\u00df f\u00fcr Unterrichten endet und eine weitere Herausforderung anf\u00e4ngt:<br \/>\nUm sein Leben erfolgreich selbst gestalten zu k\u00f6nnen, lernen unsere Sch\u00fcler fr\u00fch, sich selbst zu organisieren und Verantwortung f\u00fcr sich und ihre Leistungen zu tragen &#8211; damit f\u00f6rdern wir sie dabei, auf eigene Initiative aktiv zu werden. Unerl\u00e4ssliche wichtige und positive Faktoren f\u00fcr eine erfolgreiche Lebensgestaltung.<\/p>\n<p>Ganztagsbetreuung<\/p>\n<p>Unser Schulkonzept erweist sich als sch\u00fclerorientiert und damit p\u00e4dagogisch wertvoll: Ihr Kind wird in unserer Ganztagsschule von fr\u00fch morgens bis sp\u00e4tnachmittags p\u00e4dagogisch betreut.<\/p>\n<p>Vollwertige Mittagsmahlzeiten sorgen jeden Schultag f\u00fcr eine gesunde Ern\u00e4hrung Ihres Kindes.<\/p>\n<p>Kontinuierlicher Sch\u00fcler-Lehrerbezug und Ph\u00e4nomen Unterrichtsausfall gebannt<\/p>\n<p>Unsere Lehrer \u00fcbernehmen die Betreuung und Verantwortung f\u00fcr ihre Sch\u00fcler \u00fcber den gesamten Zeitraum der Sekundarstufe I von 6 Jahren. Sollte ein Lernbegleiter wegen Krankheit ausfallen, so zeichnet sich die Vertretungsplanung durch eine sinnvolle Weiterarbeit an den vereinbarten Zielen aus. Das andernorts h\u00e4ufig auftretende Problem des Unterrichtsausfalles ist in unserer Schule durch diese Regelungen nicht m\u00f6glich.<\/p>\n<p>Vorbereiten auf die duale wie die schulische Berufsqualifizierung<\/p>\n<p>Unsere Schule bereitet Ihre Kinder sowohl auf die duale Berufsqualifizierung &#8211; eine betriebliche Ausbildung\/Lehre nach der 10. Klasse &#8211; als auch auf die schulische Berufsqualifizierung wie eine schulische Berufsausbildung, Fachoberschule oder Abitur &#8211; vor.<br \/>\nDamit stehen Ihren Kindern vielf\u00e4ltige Wahlm\u00f6glichkeiten offen &#8211; entsprechend ihren beruflichen Neigungen und F\u00e4higkeiten.<\/p>\n<p>Bewerten von fachlichen und sozialen F\u00e4higkeiten<\/p>\n<p>Durch das Anwenden des herk\u00f6mmlich bekannten Notensystems und durch die Kompetenzraster der Fachlehrpl\u00e4ne werden die fachlichen und sozialen F\u00e4higkeiten unserer Sch\u00fcler erfasst und bewertet. Denn soziale Kompetenzen neben der fachlichen Eignung vorweisen zu k\u00f6nnen, hat gerade im menschlichen Miteinander wie etwa im Berufsleben enorm an Bedeutung gewonnen.<br \/>\nBerufsalltag realit\u00e4tsnah erleben durch Langzeitpraktikum<\/p>\n<p>Unsere Sch\u00fcler gewinnen einen detaillierten Einblick in die Arbeitswelt und gehen auf Tuchf\u00fchlung mit der Praxis. Durch die angebotenen Praktika ab Klasse 6 bekommen unsere Sch\u00fcler die Chance, herauszufinden, ob ihre Vorstellungen von ihrem avisierten sp\u00e4teren Wunschberuf und ihre Erwartungen mit den Anforderungen im Joballtag \u00fcbereinstimmen.<br \/>\nAuch der potentielle Arbeitgeber lernt seinen m\u00f6glichen Nachwuchs, also seinen Auszubildenden, schon fr\u00fch gut kennen. Das erh\u00f6ht die individuellen Berufschancen. Die Berufsorientierung ist wesentlicher Schwerpunkt unserer Schulen. Fragen Sie die jeweiligen Schulleitungen zu der Umsetzung dieses Schwerpunktes.<\/p>\n<p>Sozial gerechtes Schulgeld und eingesparte Kosten<\/p>\n<p>Wie sich das Schulgeld konkret zusammensetzt, erfragen Sie bei den jeweiligen Schulleitungen.<\/p>\n<p>Durch unser innovatives p\u00e4dagogisches Konzept f\u00fcr unsere Schule LebenLernen\u00ae mit Ganztagsbetreuung entfallen in der Regel\u00a0auch hohe Ausgaben f\u00fcr diverse, sonst zus\u00e4tzlich und vor allem au\u00dferhalb des Regelunterrichts entstehende F\u00f6rderungen wie Nachhilfe.<\/p>\n","protected":false},"excerpt":{"rendered":"<p>Der Tr\u00e4ger ist kompetenter Partner f\u00fcr Bildung in der Region LebenLernen\u00ae ist eine Schule in Tr\u00e4gerschaft der Oskar K\u00e4mmer Schule, die in der Region als kompetenter Partner f\u00fcr Bildung angesehen wird: Allgemeinbildung, Erstausbildung und Fortbildung Selbstorganisation und Eigeninitiative f\u00fcr die Zukunft lernen Die Zukunft verlangt jungen Menschen in Berufswelt und Gesellschaft mehr Selbstorganisation und Eigeninitiative<\/p>\n<div><a class=\"btn-filled btn\" href=\"https:\/\/www.lebenlernen.com\/sek_magdeburg\/konzept\/vorteile-und-nutzen\/\" title=\"Vorteile und Nutzen\">Read More<\/a><\/div>\n","protected":false},"author":1,"featured_media":0,"parent":2,"menu_order":0,"comment_status":"closed","ping_status":"closed","template":"","meta":{"ngg_post_thumbnail":0,"footnotes":""},"class_list":["post-45","page","type-page","status-publish","hentry"],"_links":{"self":[{"href":"https:\/\/www.lebenlernen.com\/sek_magdeburg\/wp-json\/wp\/v2\/pages\/45","targetHints":{"allow":["GET"]}}],"collection":[{"href":"https:\/\/www.lebenlernen.com\/sek_magdeburg\/wp-json\/wp\/v2\/pages"}],"about":[{"href":"https:\/\/www.lebenlernen.com\/sek_magdeburg\/wp-json\/wp\/v2\/types\/page"}],"author":[{"embeddable":true,"href":"https:\/\/www.lebenlernen.com\/sek_magdeburg\/wp-json\/wp\/v2\/users\/1"}],"replies":[{"embeddable":true,"href":"https:\/\/www.lebenlernen.com\/sek_magdeburg\/wp-json\/wp\/v2\/comments?post=45"}],"version-history":[{"count":0,"href":"https:\/\/www.lebenlernen.com\/sek_magdeburg\/wp-json\/wp\/v2\/pages\/45\/revisions"}],"up":[{"embeddable":true,"href":"https:\/\/www.lebenlernen.com\/sek_magdeburg\/wp-json\/wp\/v2\/pages\/2"}],"wp:attachment":[{"href":"https:\/\/www.lebenlernen.com\/sek_magdeburg\/wp-json\/wp\/v2\/media?parent=45"}],"curies":[{"name":"wp","href":"https:\/\/api.w.org\/{rel}","templated":true}]}}