{"id":15,"date":"2010-08-03T18:00:15","date_gmt":"2010-08-03T18:00:15","guid":{"rendered":"http:\/\/www.lebenlernen.com\/sek-magdeburg\/?page_id=15"},"modified":"2023-07-07T16:29:59","modified_gmt":"2023-07-07T16:29:59","slug":"coaches","status":"publish","type":"page","link":"https:\/\/www.lebenlernen.com\/sek_magdeburg\/unternehmen\/coaches\/","title":{"rendered":"Lehrkr\u00e4fte"},"content":{"rendered":"<p>Unsere Lehrkr\u00e4fte \u00fcbernehmen die Betreuung und Verantwortung f\u00fcr ihre Sch\u00fclerinnen und Sch\u00fcler \u00fcber den gesamten Zeitraum der Sekundarschule von insgesamt 6 Jahren.<\/p>\n<p>Ihre Aufgabe besteht darin, dem Kind Hilfe zur Selbsthilfe zu geben. Die Sch\u00fclerinnen und &nbsp;Sch\u00fcler stehen im Mittelpunkt des Lerngeschehens und sind der aktive Teil. Dabei sind sie auf Unterst\u00fctzung angewiesen, auf Beratung und Feedback.&nbsp;So finden in regelm\u00e4\u00dfigen Abst\u00e4nden Beratungsgespr\u00e4che zwischen den Lehrkr\u00e4ften und Sch\u00fclerinnen und Sch\u00fclern statt.<\/p>\n<p>Da die Schule zugleich Arbeitsort ist, wird die Zusammenarbeit und die Kommunikation auf der Basis der permanenten gegenseitigen Verf\u00fcgbarkeit erheblich erleichtert. Probleme k\u00f6nnen &#8222;ambulant&#8220; gel\u00f6st werden, und spezielle Inszenierungen wie Sonderkonferenzen sind unter Umst\u00e4nden nicht mehr n\u00f6tig.<\/p>\n<p>Die Lehrkr\u00e4fte unterst\u00fctzen und beraten die Sch\u00fclerinnen und Sch\u00fcler bei der Definition ihres w\u00f6chentlichen, monatlichen bzw. j\u00e4hrlichen Lernziels.<\/p>\n","protected":false},"excerpt":{"rendered":"<p>Unsere Lehrkr\u00e4fte \u00fcbernehmen die Betreuung und Verantwortung f\u00fcr ihre Sch\u00fclerinnen und Sch\u00fcler \u00fcber den gesamten Zeitraum der Sekundarschule von insgesamt 6 Jahren. Ihre Aufgabe besteht darin, dem Kind Hilfe zur Selbsthilfe zu geben. Die Sch\u00fclerinnen und &nbsp;Sch\u00fcler stehen im Mittelpunkt des Lerngeschehens und sind der aktive Teil. Dabei sind sie auf Unterst\u00fctzung angewiesen, auf Beratung<\/p>\n<div><a class=\"btn-filled btn\" href=\"https:\/\/www.lebenlernen.com\/sek_magdeburg\/unternehmen\/coaches\/\" title=\"Lehrkr\u00e4fte\">Read More<\/a><\/div>\n","protected":false},"author":1,"featured_media":0,"parent":10,"menu_order":0,"comment_status":"closed","ping_status":"closed","template":"","meta":{"ngg_post_thumbnail":0,"footnotes":""},"class_list":["post-15","page","type-page","status-publish","hentry"],"_links":{"self":[{"href":"https:\/\/www.lebenlernen.com\/sek_magdeburg\/wp-json\/wp\/v2\/pages\/15","targetHints":{"allow":["GET"]}}],"collection":[{"href":"https:\/\/www.lebenlernen.com\/sek_magdeburg\/wp-json\/wp\/v2\/pages"}],"about":[{"href":"https:\/\/www.lebenlernen.com\/sek_magdeburg\/wp-json\/wp\/v2\/types\/page"}],"author":[{"embeddable":true,"href":"https:\/\/www.lebenlernen.com\/sek_magdeburg\/wp-json\/wp\/v2\/users\/1"}],"replies":[{"embeddable":true,"href":"https:\/\/www.lebenlernen.com\/sek_magdeburg\/wp-json\/wp\/v2\/comments?post=15"}],"version-history":[{"count":0,"href":"https:\/\/www.lebenlernen.com\/sek_magdeburg\/wp-json\/wp\/v2\/pages\/15\/revisions"}],"up":[{"embeddable":true,"href":"https:\/\/www.lebenlernen.com\/sek_magdeburg\/wp-json\/wp\/v2\/pages\/10"}],"wp:attachment":[{"href":"https:\/\/www.lebenlernen.com\/sek_magdeburg\/wp-json\/wp\/v2\/media?parent=15"}],"curies":[{"name":"wp","href":"https:\/\/api.w.org\/{rel}","templated":true}]}}