{"id":10,"date":"2010-08-03T17:49:40","date_gmt":"2010-08-03T17:49:40","guid":{"rendered":"http:\/\/www.lebenlernen.com\/sek-magdeburg\/?page_id=10"},"modified":"2019-09-04T14:07:50","modified_gmt":"2019-09-04T14:07:50","slug":"unternehmen","status":"publish","type":"page","link":"https:\/\/www.lebenlernen.com\/sek_magdeburg\/unternehmen\/","title":{"rendered":"Unternehmen"},"content":{"rendered":"<p>Der Tr\u00e4ger unserer Sekundarschule LebenLernen Magdeburg ist die Oskar K\u00e4mmer Schule <a href=\"http:\/\/www.oks.de\/\" target=\"_blank\" rel=\"noopener noreferrer\">www.oks.de<\/a>.<\/p>\n<p>Die  Oskar K\u00e4mmer Schule ist eine gemeinn\u00fctzige Bildungsgesellschaft mbH,  die sich der schulischen Allgemeinbildung und der schulischen  Berufsausbildung in staatlich anerkannten Schulzweigen widmet sowie der  Erwachsenenbildung als auch Arbeitsmarktdienstleistungen. Sie ist  hervorgegangen aus der Oskar-K\u00e4mmer-Schule, die 1945 von Hilde und Oskar  K\u00e4mmer in Braunschweig gegr\u00fcndet wurde.  Mit einer mehr als 60 Jahre  umfassenden Tradition genie\u00dft die Oskar K\u00e4mmer Schule im \u00f6stlichen  Niedersachsen und in Sachsen-Anhalt ein hohes Ansehen als kompetenter  Partner f\u00fcr Bildung.<\/p>\n<p>Hauptsitz der Oskar K\u00e4mmer Schule ist in Braunschweig.<\/p>\n<p>Die  Oskar K\u00e4mmer Schule versteht sich als modernes  Dienstleistungsunternehmen, in dem alle &#8211; Sch\u00fcler und Lehrer,  Verwaltungskr\u00e4fte sowie Schul- und Gesch\u00e4ftsleitung &#8211; lebendig lernen.<\/p>\n","protected":false},"excerpt":{"rendered":"<p>Der Tr\u00e4ger unserer Sekundarschule LebenLernen Magdeburg ist die Oskar K\u00e4mmer Schule www.oks.de. Die Oskar K\u00e4mmer Schule ist eine gemeinn\u00fctzige Bildungsgesellschaft mbH, die sich der schulischen Allgemeinbildung und der schulischen Berufsausbildung in staatlich anerkannten Schulzweigen widmet sowie der Erwachsenenbildung als auch Arbeitsmarktdienstleistungen. Sie ist hervorgegangen aus der Oskar-K\u00e4mmer-Schule, die 1945 von Hilde und Oskar K\u00e4mmer in<\/p>\n<div><a class=\"btn-filled btn\" href=\"https:\/\/www.lebenlernen.com\/sek_magdeburg\/unternehmen\/\" title=\"Unternehmen\">Read More<\/a><\/div>\n","protected":false},"author":1,"featured_media":0,"parent":0,"menu_order":2,"comment_status":"closed","ping_status":"closed","template":"","meta":{"ngg_post_thumbnail":0,"footnotes":""},"class_list":["post-10","page","type-page","status-publish","hentry"],"_links":{"self":[{"href":"https:\/\/www.lebenlernen.com\/sek_magdeburg\/wp-json\/wp\/v2\/pages\/10","targetHints":{"allow":["GET"]}}],"collection":[{"href":"https:\/\/www.lebenlernen.com\/sek_magdeburg\/wp-json\/wp\/v2\/pages"}],"about":[{"href":"https:\/\/www.lebenlernen.com\/sek_magdeburg\/wp-json\/wp\/v2\/types\/page"}],"author":[{"embeddable":true,"href":"https:\/\/www.lebenlernen.com\/sek_magdeburg\/wp-json\/wp\/v2\/users\/1"}],"replies":[{"embeddable":true,"href":"https:\/\/www.lebenlernen.com\/sek_magdeburg\/wp-json\/wp\/v2\/comments?post=10"}],"version-history":[{"count":0,"href":"https:\/\/www.lebenlernen.com\/sek_magdeburg\/wp-json\/wp\/v2\/pages\/10\/revisions"}],"wp:attachment":[{"href":"https:\/\/www.lebenlernen.com\/sek_magdeburg\/wp-json\/wp\/v2\/media?parent=10"}],"curies":[{"name":"wp","href":"https:\/\/api.w.org\/{rel}","templated":true}]}}