{"id":8,"date":"2010-08-07T13:04:37","date_gmt":"2010-08-07T13:04:37","guid":{"rendered":"http:\/\/www.lebenlernen.com\/rs-braunschweig\/?page_id=8"},"modified":"2022-07-21T11:12:09","modified_gmt":"2022-07-21T11:12:09","slug":"unternehmen","status":"publish","type":"page","link":"https:\/\/www.lebenlernen.com\/rs_braunschweig\/unternehmen\/","title":{"rendered":"Unternehmen"},"content":{"rendered":"<div>\n<p>Der Tr\u00e4ger unserer Realschule LebenLernen Braunschweig ist die Oskar K\u00e4mmer Schule <a href=\"http:\/\/www.oks.de\/\" target=\"_blank\" rel=\"noopener\">www.oks.de<\/a>.<\/p>\n<p>Die Oskar K\u00e4mmer Schule ist eine gemeinn\u00fctzige Bildungsgesellschaft mbH, die sich der schulischen Allgemeinbildung und der schulischen Berufsausbildung in staatlich anerkannten Schulzweigen widmet sowie der Erwachsenenbildung als auch Arbeitsmarktdienstleistungen. Sie ist hervorgegangen aus der Oskar-K\u00e4mmer-Schule, die 1945 von Hilde und Oskar K\u00e4mmer in Braunschweig gegr\u00fcndet wurde. Mit einer mehr als 60 Jahre umfassenden Tradition genie\u00dft die Oskar K\u00e4mmer Schule im \u00f6stlichen Niedersachsen und in Sachsen-Anhalt ein hohes Ansehen als kompetenter Partner f\u00fcr Bildung.<\/p>\n<p>Hauptsitz der Oskar K\u00e4mmer Schule ist in Braunschweig.<\/p>\n<p>Die Oskar K\u00e4mmer Schule versteht sich als modernes Dienstleistungsunternehmen, in dem alle \u2013 Sch\u00fcler und Lehrer, Verwaltungskr\u00e4fte sowie Schul- und Gesch\u00e4ftsleitung \u2013 lebendig lernen.<\/p>\n<p><a href=\"https:\/\/www.lebenlernen.com\/rs_braunschweig\/wp-content\/uploads\/2019\/06\/hza_siegel_oks.png\"><img loading=\"lazy\" decoding=\"async\" class=\"alignleft size-full wp-image-4782\" src=\"https:\/\/www.lebenlernen.com\/rs_braunschweig\/wp-content\/uploads\/2019\/06\/hza_siegel_oks.png\" alt=\"\" width=\"88\" height=\"78\" srcset=\"https:\/\/www.lebenlernen.com\/rs_braunschweig\/wp-content\/uploads\/2019\/06\/hza_siegel_oks.png 88w, https:\/\/www.lebenlernen.com\/rs_braunschweig\/wp-content\/uploads\/2019\/06\/hza_siegel_oks-62x55.png 62w\" sizes=\"auto, (max-width: 88px) 100vw, 88px\" \/><\/a>Das Qualit\u00e4tsmanagement der Oskar K\u00e4mmer Schule ist nach DIN EN ISO 9001:2015 zertifiziert. Zudem ist die Oskar K\u00e4mmer Schule von der Hanseatischen Zertifizierungsagentur GmbH als fachkundige Stelle als Tr\u00e4ger nach dem Recht der Arbeitsf\u00f6rderung (SGB III und AZAV) zugelassen.<\/p>\n<\/div>\n","protected":false},"excerpt":{"rendered":"<p>Der Tr\u00e4ger unserer Realschule LebenLernen Braunschweig ist die Oskar K\u00e4mmer Schule www.oks.de. Die Oskar K\u00e4mmer Schule ist eine gemeinn\u00fctzige Bildungsgesellschaft mbH, die sich der schulischen Allgemeinbildung und der schulischen Berufsausbildung in staatlich anerkannten Schulzweigen widmet sowie der Erwachsenenbildung als auch Arbeitsmarktdienstleistungen. Sie ist hervorgegangen aus der Oskar-K\u00e4mmer-Schule, die 1945 von Hilde und Oskar K\u00e4mmer in<\/p>\n<div><a class=\"btn-filled btn\" href=\"https:\/\/www.lebenlernen.com\/rs_braunschweig\/unternehmen\/\" title=\"Unternehmen\">Read More<\/a><\/div>\n","protected":false},"author":1,"featured_media":0,"parent":0,"menu_order":2,"comment_status":"closed","ping_status":"closed","template":"","meta":{"_mc_calendar":[],"footnotes":""},"class_list":["post-8","page","type-page","status-publish","hentry"],"_links":{"self":[{"href":"https:\/\/www.lebenlernen.com\/rs_braunschweig\/wp-json\/wp\/v2\/pages\/8","targetHints":{"allow":["GET"]}}],"collection":[{"href":"https:\/\/www.lebenlernen.com\/rs_braunschweig\/wp-json\/wp\/v2\/pages"}],"about":[{"href":"https:\/\/www.lebenlernen.com\/rs_braunschweig\/wp-json\/wp\/v2\/types\/page"}],"author":[{"embeddable":true,"href":"https:\/\/www.lebenlernen.com\/rs_braunschweig\/wp-json\/wp\/v2\/users\/1"}],"replies":[{"embeddable":true,"href":"https:\/\/www.lebenlernen.com\/rs_braunschweig\/wp-json\/wp\/v2\/comments?post=8"}],"version-history":[{"count":0,"href":"https:\/\/www.lebenlernen.com\/rs_braunschweig\/wp-json\/wp\/v2\/pages\/8\/revisions"}],"wp:attachment":[{"href":"https:\/\/www.lebenlernen.com\/rs_braunschweig\/wp-json\/wp\/v2\/media?parent=8"}],"curies":[{"name":"wp","href":"https:\/\/api.w.org\/{rel}","templated":true}]}}