{"id":43,"date":"2010-08-07T14:30:02","date_gmt":"2010-08-07T14:30:02","guid":{"rendered":"http:\/\/www.lebenlernen.com\/rs-braunschweig\/?page_id=43"},"modified":"2022-07-21T11:12:19","modified_gmt":"2022-07-21T11:12:19","slug":"vorteile-und-nutzen","status":"publish","type":"page","link":"https:\/\/www.lebenlernen.com\/rs_braunschweig\/konzept\/vorteile-und-nutzen\/","title":{"rendered":"Vorteile und Nutzen"},"content":{"rendered":"<p><strong>Der Tr\u00e4ger ist kompetenter Partner f\u00fcr Bildung in der Region<\/strong><br \/>\nLebenLernen\u00ae ist eine Schule in Tr\u00e4gerschaft der Oskar K\u00e4mmer Schule, die in der Region als kompetenter Partner f\u00fcr Bildung angesehen wird: Allgemeinbildung, Erstausbildung und Fortbildung<\/p>\n<p><strong>Selbstorganisation und Eigeninitiative f\u00fcr die Zukunft lernen<\/strong><br \/>\nDie Zukunft verlangt jungen Menschen in Berufswelt und Gesellschaft mehr Selbstorganisation und Eigeninitiative als fr\u00fcher ab. Unser p\u00e4dagogisches Konzept setzt da an, wo das p\u00e4dagogische Normalma\u00df f\u00fcr Unterrichten endet und eine weitere Herausforderung anf\u00e4ngt:<br \/>\nUm sein Leben erfolgreich selbst gestalten zu k\u00f6nnen, lernen unsere Sch\u00fcler fr\u00fch, sich selbst zu organisieren und Verantwortung f\u00fcr sich und ihre Leistungen zu tragen \u2013 damit f\u00f6rdern wir sie dabei, auf eigene Initiative aktiv zu werden. Unerl\u00e4ssliche wichtige und positive Faktoren f\u00fcr eine erfolgreiche Lebensgestaltung.<\/p>\n<p><strong>Ganztagsbetreuung<\/strong><br \/>\nUnser Schulkonzept erweist sich als sch\u00fclerorientiert und damit p\u00e4dagogisch wertvoll: Ihr Kind wird in unserer Ganztagsschule von fr\u00fch morgens bis nachmittags p\u00e4dagogisch betreut. Unteranderem bieten wir im Nachmittagsbereich F\u00f6rderunterreicht an (Mathe, Englisch und Deutsch). Eine AG-Teilnahme im sprachlichen, kreativen oder sportlichen Bereich ist Pflicht und wird teilweise in Kooperationen mit Vereinen durchgef\u00fchrt. Vollwertige Mittagsmahlzeiten sorgen jeden Schultag f\u00fcr eine gesunde Ern\u00e4hrung Ihres Kindes.<\/p>\n<p><strong>Kontinuierlicher Sch\u00fcler-Lehrerbezug und Ph\u00e4nomen Unterrichtsausfall<\/strong><br \/>\nUnsere Coaches \u00fcbernehmen die Betreuung und Verantwortung f\u00fcr ihre Sch\u00fcler \u00fcber den gesamten Zeitraum der Sekundarstufe I von 6 Jahren. Sollte ein Coach wegen Krankheit ausfallen, so zeichnet sich die Vertretungsplanung durch eine sinnvolle Weiterarbeit an den vereinbarten Zielen aus. Das h\u00e4ufig auftretende Problem des Unterrichtsausfalles ist in unserer Schule durch diese Regelungen nicht m\u00f6glich.<\/p>\n<p><strong>Vorbereiten auf die duale wie die schulische Berufsqualifizierung<\/strong><br \/>\nUnsere Schule bereitet Ihre Kinder sowohl auf die duale Berufsqualifizierung \u2013 eine betriebliche Ausbildung\/Lehre nach der 10. Klasse \u2013 als auch auf die schulische Berufsqualifizierung wie eine schulische Berufsausbildung, Fachoberschule oder Abitur \u2013 vor.<br \/>\nDamit stehen Ihren Kindern vielf\u00e4ltige Wahlm\u00f6glichkeiten offen \u2013 entsprechend ihren beruflichen Neigungen und F\u00e4higkeiten.<\/p>\n<p><strong>Lernzielplanung\/ nachweisbare Dokumentation<\/strong><br \/>\nDurch eine mit jedem Sch\u00fcler individuell erarbeitete Lernzielplanung wird transparent f\u00fcr Sie als Eltern, woran Ihr Kind gerade arbeitet und wo seine pers\u00f6nlichen St\u00e4rken und Schw\u00e4chen liegen.<br \/>\nDie Sch\u00fcler dokumentieren \u00f6ffentlich in Pr\u00e4sentationen und\/oder in Lernerfolgskontrollen ihren individuellen Lernerfolg. Die Ergebnisse werden dem Sch\u00fcler, Ihnen als Eltern und dem Coach durch Punkte auf den individuellen Zielvereinbarungen\/Bilanzierung dargestellt.<\/p>\n<p><strong>Bewerten von fachlichen und sozialen F\u00e4higkeiten<\/strong><br \/>\nDurch das Anwenden des herk\u00f6mmlich bekannten Notensystems werden die fachlichen und sozialen F\u00e4higkeiten unserer Sch\u00fcler erfasst und bewertet. Denn soziale Kompetenzen neben der fachlichen Eignung vorweisen zu k\u00f6nnen, hat gerade im menschlichen Miteinander wie etwa im Berufsleben enorm an Bedeutung gewonnen.<\/p>\n<p><strong>Berufsalltag realit\u00e4tsnah erleben durch Langzeitpraktikum<\/strong><br \/>\nUnsere Sch\u00fcler gewinnen einen detaillierten Einblick in die Arbeitswelt und gehen auf Tuchf\u00fchlung mit der Praxis. Durch die lange Dauer unserer Praktika bekommen unsere Sch\u00fcler die Chance, herauszufinden, ob ihre Vorstellungen von ihrem avisierten sp\u00e4teren Wunschberuf und ihre Erwartungen mit den Anforderungen im Joballtag \u00fcbereinstimmen.<br \/>\nAuch der potentielle Arbeitgeber lernt seinen m\u00f6glichen Nachwuchs, also seinen Auszubildenden, schon fr\u00fch gut kennen. Das erh\u00f6ht die individuellen Berufschancen. Die Berufsorientierung ist wesentlicher Schwerpunkt unserer Schule. Fragen Sie unsere Schulleitung zu der Umsetzung dieses Schwerpunktes.<\/p>\n<p><strong>Sozial gerechtes Schulgeld und eingesparte Kosten<\/strong><br \/>\nWie sich das Schulgeld konkret zusammensetzt, erfragen Sie bei unserer Schulleitung.<br \/>\nDoch durch unser innovatives p\u00e4dagogisches Konzept f\u00fcr unsere Schule LebenLernen\u00ae mit Ganztagsbetreuung entfallen auch hohe Ausgaben f\u00fcr diverse, sonst zus\u00e4tzlich und vor allem au\u00dferhalb des Regelunterrichts entstehende F\u00f6rderungen wie Nachhilfe.<\/p>\n","protected":false},"excerpt":{"rendered":"<p>Der Tr\u00e4ger ist kompetenter Partner f\u00fcr Bildung in der Region LebenLernen\u00ae ist eine Schule in Tr\u00e4gerschaft der Oskar K\u00e4mmer Schule, die in der Region als kompetenter Partner f\u00fcr Bildung angesehen wird: Allgemeinbildung, Erstausbildung und Fortbildung Selbstorganisation und Eigeninitiative f\u00fcr die Zukunft lernen Die Zukunft verlangt jungen Menschen in Berufswelt und Gesellschaft mehr Selbstorganisation und Eigeninitiative<\/p>\n<div><a class=\"btn-filled btn\" href=\"https:\/\/www.lebenlernen.com\/rs_braunschweig\/konzept\/vorteile-und-nutzen\/\" title=\"Vorteile und Nutzen\">Read More<\/a><\/div>\n","protected":false},"author":1,"featured_media":0,"parent":2,"menu_order":0,"comment_status":"closed","ping_status":"closed","template":"","meta":{"_mc_calendar":[],"footnotes":""},"class_list":["post-43","page","type-page","status-publish","hentry"],"_links":{"self":[{"href":"https:\/\/www.lebenlernen.com\/rs_braunschweig\/wp-json\/wp\/v2\/pages\/43","targetHints":{"allow":["GET"]}}],"collection":[{"href":"https:\/\/www.lebenlernen.com\/rs_braunschweig\/wp-json\/wp\/v2\/pages"}],"about":[{"href":"https:\/\/www.lebenlernen.com\/rs_braunschweig\/wp-json\/wp\/v2\/types\/page"}],"author":[{"embeddable":true,"href":"https:\/\/www.lebenlernen.com\/rs_braunschweig\/wp-json\/wp\/v2\/users\/1"}],"replies":[{"embeddable":true,"href":"https:\/\/www.lebenlernen.com\/rs_braunschweig\/wp-json\/wp\/v2\/comments?post=43"}],"version-history":[{"count":0,"href":"https:\/\/www.lebenlernen.com\/rs_braunschweig\/wp-json\/wp\/v2\/pages\/43\/revisions"}],"up":[{"embeddable":true,"href":"https:\/\/www.lebenlernen.com\/rs_braunschweig\/wp-json\/wp\/v2\/pages\/2"}],"wp:attachment":[{"href":"https:\/\/www.lebenlernen.com\/rs_braunschweig\/wp-json\/wp\/v2\/media?parent=43"}],"curies":[{"name":"wp","href":"https:\/\/api.w.org\/{rel}","templated":true}]}}