{"id":40,"date":"2010-08-07T14:24:03","date_gmt":"2010-08-07T14:24:03","guid":{"rendered":"http:\/\/www.lebenlernen.com\/rs-braunschweig\/?page_id=40"},"modified":"2022-07-21T11:12:14","modified_gmt":"2022-07-21T11:12:14","slug":"ziele","status":"publish","type":"page","link":"https:\/\/www.lebenlernen.com\/rs_braunschweig\/konzept\/ziele\/","title":{"rendered":"Ziele"},"content":{"rendered":"<p>Jugendliche, die<\/p>\n<ul>\n<li>das Verstehen und Reflektieren lernen \u2013 nicht das Auswendiglernen<\/li>\n<li>gest\u00e4rkt und selbstbewusst sind<\/li>\n<li>\u00fcber gepflegte Umgangsformen verf\u00fcgen<\/li>\n<li>selbst organisiert sind und eigene Verantwortung tragen<\/li>\n<li>fachliche und soziale Kompetenzen aufweisen<\/li>\n<li>wissen, dass der Weg und das Wie des Lernens schon das Ziel ist<\/li>\n<li>die Schule erfolgreich beenden<\/li>\n<li>Anschl\u00fcsse f\u00fcr die berufliche Bildung selbstst\u00e4ndig finden<\/li>\n<\/ul>\n","protected":false},"excerpt":{"rendered":"<p>Jugendliche, die das Verstehen und Reflektieren lernen \u2013 nicht das Auswendiglernen gest\u00e4rkt und selbstbewusst sind \u00fcber gepflegte Umgangsformen verf\u00fcgen selbst organisiert sind und eigene Verantwortung tragen fachliche und soziale Kompetenzen aufweisen wissen, dass der Weg und das Wie des Lernens schon das Ziel ist die Schule erfolgreich beenden Anschl\u00fcsse f\u00fcr die berufliche Bildung selbstst\u00e4ndig finden<\/p>\n","protected":false},"author":1,"featured_media":0,"parent":2,"menu_order":0,"comment_status":"closed","ping_status":"closed","template":"","meta":{"_mc_calendar":[],"footnotes":""},"class_list":["post-40","page","type-page","status-publish","hentry"],"_links":{"self":[{"href":"https:\/\/www.lebenlernen.com\/rs_braunschweig\/wp-json\/wp\/v2\/pages\/40","targetHints":{"allow":["GET"]}}],"collection":[{"href":"https:\/\/www.lebenlernen.com\/rs_braunschweig\/wp-json\/wp\/v2\/pages"}],"about":[{"href":"https:\/\/www.lebenlernen.com\/rs_braunschweig\/wp-json\/wp\/v2\/types\/page"}],"author":[{"embeddable":true,"href":"https:\/\/www.lebenlernen.com\/rs_braunschweig\/wp-json\/wp\/v2\/users\/1"}],"replies":[{"embeddable":true,"href":"https:\/\/www.lebenlernen.com\/rs_braunschweig\/wp-json\/wp\/v2\/comments?post=40"}],"version-history":[{"count":0,"href":"https:\/\/www.lebenlernen.com\/rs_braunschweig\/wp-json\/wp\/v2\/pages\/40\/revisions"}],"up":[{"embeddable":true,"href":"https:\/\/www.lebenlernen.com\/rs_braunschweig\/wp-json\/wp\/v2\/pages\/2"}],"wp:attachment":[{"href":"https:\/\/www.lebenlernen.com\/rs_braunschweig\/wp-json\/wp\/v2\/media?parent=40"}],"curies":[{"name":"wp","href":"https:\/\/api.w.org\/{rel}","templated":true}]}}