{"id":37,"date":"2010-08-07T13:59:00","date_gmt":"2010-08-07T13:59:00","guid":{"rendered":"http:\/\/www.lebenlernen.com\/rs-braunschweig\/?page_id=37"},"modified":"2022-07-21T11:12:26","modified_gmt":"2022-07-21T11:12:26","slug":"tagesablauf","status":"publish","type":"page","link":"https:\/\/www.lebenlernen.com\/rs_braunschweig\/konzept\/tagesablauf\/","title":{"rendered":"Tagesablauf"},"content":{"rendered":"<p>Umgebung und Ganztagesbetrieb:<br \/>\nIn allen Hauptf\u00e4chern sind angemessene p\u00e4dagogische Lernmaterialien f\u00fcr selbst gesteuertes Lernen vorhanden. Das sind die Lernwochenpl\u00e4ne und die individuelle Zielvereinbarung, die unsere Fachlehrkr\u00e4fte weiter vervollst\u00e4ndigen und aktualisieren. Hinzu kommt die Entwicklung von Lernlandschaften, die f\u00fcr besondere F\u00e4higkeiten zu jeder Zeit individuelle Vertiefungen zulassen.<\/p>\n<ul>\n<li>Au\u00dfengel\u00e4nde, Sportpl\u00e4tze und Schulgarten k\u00f6nnen aktiv genutzt werden<\/li>\n<li>maximal 25 Sch\u00fcler pro Klasse<\/li>\n<li>Coaches Pr\u00e4senzzeitmodell (40 Stunden)<\/li>\n<\/ul>\n<p>Das Konzept der Ganztagsschule der Oskar K\u00e4mmer Schule sieht vor, dass die Sch\u00fcler mindestens von 8.00 bis 15.30 Uhr in der Schule sind. In dieser gesamten Zeit ist eine p\u00e4dagogische Betreuung \u00fcber uns gew\u00e4hrleistet. Es ist vorgesehen, dass insbesondere der Sprachen-, der Medienbereich und der gestalterische Bereich sowie nat\u00fcrlich das Lernatelier mit der Betreuungszeit verzahnt sind. Ausreichend Pausen f\u00fcr das freie Spiel und die Bewegung sind gew\u00e4hrleistet.<\/p>\n<ul>\n<li>Ab 7.30 bis 8.00 Uhr haben die Sch\u00fcler eine offene Eingangsphase, die ihnen und ihren Eltern den Freiraum bietet, nach den individuellen Gegebenheiten in die Schule zu kommen. In der Schule besch\u00e4ftigen sich die Sch\u00fcler mit ihrem Wochenplan im Lernatelier\/Klassenraum.<\/li>\n<li>Von 8.00 bis 8.10 Uhr folgt ein Forum, verpflichtend f\u00fcr alle.<\/li>\n<li>Ab 8.10 Uhr beginnt die Input-Phase in den Klassenr\u00e4umen oder Lernateliers.<\/li>\n<li>Von 9.30 bis 09:50 Uhr ist eine Fr\u00fchst\u00fcckspause vorgesehen, die den Kindern auch die Zeit l\u00e4sst zum spielen.<\/li>\n<li>Von 09:50 bis 12.25 Uhr ist Unterricht bzw. Weiterarbeit im Lernatelier vorgesehen.<\/li>\n<li>Von 12.25 bis 13.25 Uhr erleben alle Sch\u00fcler zusammen eine Mittagspause mit Essen, ihren \u00c4mtern (Reinigen) und\/oder Ruhen.<\/li>\n<li>Danach folgen im Wechsel der Fachunterricht oder die Arbeit im Lernatelier<\/li>\n<\/ul>\n","protected":false},"excerpt":{"rendered":"<p>Umgebung und Ganztagesbetrieb: In allen Hauptf\u00e4chern sind angemessene p\u00e4dagogische Lernmaterialien f\u00fcr selbst gesteuertes Lernen vorhanden. Das sind die Lernwochenpl\u00e4ne und die individuelle Zielvereinbarung, die unsere Fachlehrkr\u00e4fte weiter vervollst\u00e4ndigen und aktualisieren. Hinzu kommt die Entwicklung von Lernlandschaften, die f\u00fcr besondere F\u00e4higkeiten zu jeder Zeit individuelle Vertiefungen zulassen. Au\u00dfengel\u00e4nde, Sportpl\u00e4tze und Schulgarten k\u00f6nnen aktiv genutzt werden maximal<\/p>\n<div><a class=\"btn-filled btn\" href=\"https:\/\/www.lebenlernen.com\/rs_braunschweig\/konzept\/tagesablauf\/\" title=\"Tagesablauf\">Read More<\/a><\/div>\n","protected":false},"author":3,"featured_media":0,"parent":2,"menu_order":0,"comment_status":"closed","ping_status":"closed","template":"","meta":{"_mc_calendar":[],"footnotes":""},"class_list":["post-37","page","type-page","status-publish","hentry"],"_links":{"self":[{"href":"https:\/\/www.lebenlernen.com\/rs_braunschweig\/wp-json\/wp\/v2\/pages\/37","targetHints":{"allow":["GET"]}}],"collection":[{"href":"https:\/\/www.lebenlernen.com\/rs_braunschweig\/wp-json\/wp\/v2\/pages"}],"about":[{"href":"https:\/\/www.lebenlernen.com\/rs_braunschweig\/wp-json\/wp\/v2\/types\/page"}],"author":[{"embeddable":true,"href":"https:\/\/www.lebenlernen.com\/rs_braunschweig\/wp-json\/wp\/v2\/users\/3"}],"replies":[{"embeddable":true,"href":"https:\/\/www.lebenlernen.com\/rs_braunschweig\/wp-json\/wp\/v2\/comments?post=37"}],"version-history":[{"count":0,"href":"https:\/\/www.lebenlernen.com\/rs_braunschweig\/wp-json\/wp\/v2\/pages\/37\/revisions"}],"up":[{"embeddable":true,"href":"https:\/\/www.lebenlernen.com\/rs_braunschweig\/wp-json\/wp\/v2\/pages\/2"}],"wp:attachment":[{"href":"https:\/\/www.lebenlernen.com\/rs_braunschweig\/wp-json\/wp\/v2\/media?parent=37"}],"curies":[{"name":"wp","href":"https:\/\/api.w.org\/{rel}","templated":true}]}}