{"id":2,"date":"2010-08-03T17:03:47","date_gmt":"2010-08-03T17:03:47","guid":{"rendered":"http:\/\/www.lebenlernen.com\/rs-braunschweig\/?page_id=2"},"modified":"2017-12-07T09:50:36","modified_gmt":"2017-12-07T09:50:36","slug":"konzept","status":"publish","type":"page","link":"https:\/\/www.lebenlernen.com\/rs_braunschweig\/konzept\/","title":{"rendered":"Konzept"},"content":{"rendered":"<p>Unsere Realschule ist eine nicht konfessionell gebundene Ganztagsschule in freier Tr\u00e4gerschaft. Tr\u00e4ger ist die Oskar K\u00e4mmer Schule, eine gemeinn\u00fctzige Bildungsgesellschaft mbH, die sich der schulischen Allgemeinbildung und der schulischen Berufsausbildung in staatlich anerkannten Schulzweigen widmet. Die Realschule LebenLernen\u00ae ist eine staatlich anerkannte Ersatzschule. Unsere Philosophie ist ein sch\u00fclerorientierter Ansatz. Bei unserer Schule steht nicht der Lehrer sondern der Sch\u00fcler im Zentrum des Lernens: Nie sieht es in einem Kind wie in dem anderen aus, nie ist ein Kind wie das andere. Mit einem besonderen Konzept versuchen wir, der eigenen Pers\u00f6nlichkeit eines jeden Kindes mit unterschiedlichen F\u00e4higkeiten und Neigungen gerecht zu werden. Individuelle St\u00e4rken und Schw\u00e4chen erfassen wir in individuellen Lernentwicklungsb\u00f6gen und gestalten diese gemeinsam zu nachhaltigen Lernprozessen.<\/p>\n<p>Unsere Umwelt ist in den vergangenen Jahrzehnten um einiges komplexer geworden. Heute gibt es neue, andere Einflussfaktoren, die ein anderes Herangehen an den Sch\u00fcler und vor allem auch sein Lernen notwendig machen. Mehr denn je soll jeder Sch\u00fcler fr\u00fch lernen, f\u00fcr sich selbst Verantwortung zu tragen und sich selbst zu organisieren. Er trainiert, immer wieder Neuland zu betreten, immer wieder offen zu sein, dazu zu lernen, um so den Herausforderungen des Lebens besser gewachsen zu sein und diese selbstbewusst in Angriff zu nehmen. Lernen wird bei uns somit zum Lebenskonzept und unsere Schule dr\u00fcckt eine spezielle Lebensart aus. Je eigenst\u00e4ndiger der Sch\u00fcler die Chance darin entdeckt, sein Lernen und seine Erfolge selbst bestimmen und gestalten zu k\u00f6nnen, desto bef\u00e4higter wird er sp\u00e4ter sein, sich selbst zu organisieren und erfolgreiche L\u00f6sungen f\u00fcr sein Handeln zu finden.<\/p>\n","protected":false},"excerpt":{"rendered":"<p>Unsere Realschule ist eine nicht konfessionell gebundene Ganztagsschule in freier Tr\u00e4gerschaft. Tr\u00e4ger ist die Oskar K\u00e4mmer Schule, eine gemeinn\u00fctzige Bildungsgesellschaft mbH, die sich der schulischen Allgemeinbildung und der schulischen Berufsausbildung in staatlich anerkannten Schulzweigen widmet. Die Realschule LebenLernen\u00ae ist eine staatlich anerkannte Ersatzschule. Unsere Philosophie ist ein sch\u00fclerorientierter Ansatz. Bei unserer Schule steht nicht der<\/p>\n<div><a class=\"btn-filled btn\" href=\"https:\/\/www.lebenlernen.com\/rs_braunschweig\/konzept\/\" title=\"Konzept\">Read More<\/a><\/div>\n","protected":false},"author":1,"featured_media":0,"parent":0,"menu_order":1,"comment_status":"closed","ping_status":"closed","template":"","meta":{"_mc_calendar":[],"footnotes":""},"class_list":["post-2","page","type-page","status-publish","hentry"],"_links":{"self":[{"href":"https:\/\/www.lebenlernen.com\/rs_braunschweig\/wp-json\/wp\/v2\/pages\/2","targetHints":{"allow":["GET"]}}],"collection":[{"href":"https:\/\/www.lebenlernen.com\/rs_braunschweig\/wp-json\/wp\/v2\/pages"}],"about":[{"href":"https:\/\/www.lebenlernen.com\/rs_braunschweig\/wp-json\/wp\/v2\/types\/page"}],"author":[{"embeddable":true,"href":"https:\/\/www.lebenlernen.com\/rs_braunschweig\/wp-json\/wp\/v2\/users\/1"}],"replies":[{"embeddable":true,"href":"https:\/\/www.lebenlernen.com\/rs_braunschweig\/wp-json\/wp\/v2\/comments?post=2"}],"version-history":[{"count":0,"href":"https:\/\/www.lebenlernen.com\/rs_braunschweig\/wp-json\/wp\/v2\/pages\/2\/revisions"}],"wp:attachment":[{"href":"https:\/\/www.lebenlernen.com\/rs_braunschweig\/wp-json\/wp\/v2\/media?parent=2"}],"curies":[{"name":"wp","href":"https:\/\/api.w.org\/{rel}","templated":true}]}}