{"id":10,"date":"2010-08-07T13:05:06","date_gmt":"2010-08-07T13:05:06","guid":{"rendered":"http:\/\/www.lebenlernen.com\/rs-braunschweig\/?page_id=10"},"modified":"2022-07-21T11:11:59","modified_gmt":"2022-07-21T11:11:59","slug":"partner-werden","status":"publish","type":"page","link":"https:\/\/www.lebenlernen.com\/rs_braunschweig\/partner\/partner-werden\/","title":{"rendered":"Partner werden"},"content":{"rendered":"<div>\n<p>Sie k\u00f6nnen Schulmaterial wie etwa Schulb\u00fccher, Einrichtungsgegenst\u00e4nde  o.\u00e4. stiften? Oder haben die Ressourcen, uns bei der Bewirtung unserer Sch\u00fcler mit Speisen oder Getr\u00e4nken zu unterst\u00fctzen?<br \/>\nJede Geld- oder Sachspende wie Schulb\u00fccher, B\u00fcrom\u00f6bel, Unterrichtsmaterialien, Sportger\u00e4te, oder oder oder \u2013 ist uns   willkommen und hilft uns, unsere Realschule LebenLernen\u00ae zu realisieren.<br \/>\nOder Sie haben weitere Anregungen, wo Sie Potential f\u00fcr sich und uns in der Zusammenarbeit sehen? Dann werden Sie unser Partner.<\/p>\n<p>Wir pr\u00e4sentieren Sie als offiziellen Partner der Realschule LebenLernen Braunschweig<\/p>\n<ul>\n<li>mit Ihrem Firmenlogo in allen unseren Printprodukten und auf unserer Website <a href=\"..\/..\/\" target=\"_blank\" rel=\"noopener\">www.lebenlernen.com<\/a><\/li>\n<li>mit entsprechenden Verlinkungen zu Ihrem Internetauftritt von der Website der Realschule <a href=\"..\/..\/\" target=\"_blank\" rel=\"noopener\">www.lebenlernen.com<\/a> sowie der Oskar K\u00e4mmer Schule <a href=\"http:\/\/www.oks.de\/\" target=\"_blank\" rel=\"noopener\">www.oks.de<\/a>.<\/li>\n<li>Au\u00dferdem werden wir Sie gerne redaktionell in allen Medien \u2013 Print und Online \u2013 als unseren Partner erw\u00e4hnen.<\/li>\n<\/ul>\n<p>Sie sehen, als Partner der Realschule LebenLernen bietet sich   Ihnen  eine interessante Plattform der breit aufgestellten Vermarktung.   Wir helfen Ihnen<\/p>\n<ul>\n<li>andere neue, auch branchenfremde Zielgruppen zu erreichen<\/li>\n<li>und\/oder Ihr Image in der allgemeinen \u00d6ffentlichkeit nachhaltig bekannt zu machen<\/li>\n<\/ul>\n<\/div>\n","protected":false},"excerpt":{"rendered":"<p>Sie k\u00f6nnen Schulmaterial wie etwa Schulb\u00fccher, Einrichtungsgegenst\u00e4nde o.\u00e4. stiften? Oder haben die Ressourcen, uns bei der Bewirtung unserer Sch\u00fcler mit Speisen oder Getr\u00e4nken zu unterst\u00fctzen? Jede Geld- oder Sachspende wie Schulb\u00fccher, B\u00fcrom\u00f6bel, Unterrichtsmaterialien, Sportger\u00e4te, oder oder oder \u2013 ist uns willkommen und hilft uns, unsere Realschule LebenLernen\u00ae zu realisieren. Oder Sie haben weitere Anregungen, wo<\/p>\n<div><a class=\"btn-filled btn\" href=\"https:\/\/www.lebenlernen.com\/rs_braunschweig\/partner\/partner-werden\/\" title=\"Partner werden\">Read More<\/a><\/div>\n","protected":false},"author":1,"featured_media":0,"parent":62,"menu_order":0,"comment_status":"closed","ping_status":"closed","template":"","meta":{"_mc_calendar":[],"footnotes":""},"class_list":["post-10","page","type-page","status-publish","hentry"],"_links":{"self":[{"href":"https:\/\/www.lebenlernen.com\/rs_braunschweig\/wp-json\/wp\/v2\/pages\/10","targetHints":{"allow":["GET"]}}],"collection":[{"href":"https:\/\/www.lebenlernen.com\/rs_braunschweig\/wp-json\/wp\/v2\/pages"}],"about":[{"href":"https:\/\/www.lebenlernen.com\/rs_braunschweig\/wp-json\/wp\/v2\/types\/page"}],"author":[{"embeddable":true,"href":"https:\/\/www.lebenlernen.com\/rs_braunschweig\/wp-json\/wp\/v2\/users\/1"}],"replies":[{"embeddable":true,"href":"https:\/\/www.lebenlernen.com\/rs_braunschweig\/wp-json\/wp\/v2\/comments?post=10"}],"version-history":[{"count":0,"href":"https:\/\/www.lebenlernen.com\/rs_braunschweig\/wp-json\/wp\/v2\/pages\/10\/revisions"}],"up":[{"embeddable":true,"href":"https:\/\/www.lebenlernen.com\/rs_braunschweig\/wp-json\/wp\/v2\/pages\/62"}],"wp:attachment":[{"href":"https:\/\/www.lebenlernen.com\/rs_braunschweig\/wp-json\/wp\/v2\/media?parent=10"}],"curies":[{"name":"wp","href":"https:\/\/api.w.org\/{rel}","templated":true}]}}